{"id":45276,"date":"2025-07-07T13:44:57","date_gmt":"2025-07-07T13:44:57","guid":{"rendered":"https:\/\/waka-waka.com\/partenaires\/"},"modified":"2025-07-07T13:44:57","modified_gmt":"2025-07-07T13:44:57","slug":"partenaires","status":"publish","type":"page","link":"https:\/\/waka-waka.com\/fr\/partenaires\/","title":{"rendered":"Partenaires"},"content":{"rendered":"<h2>Ensemble, nous am\u00e9liorons la qualit\u00e9 de vie<\/h2>\n<p>De l&rsquo;aide humanitaire aux aventures en plein air, rien de ce que nous faisons ne serait possible sans nos incroyables partenaires. Les ONG, les entreprises et les organisations locales du monde entier nous aident \u00e0 apporter de la lumi\u00e8re et de l&rsquo;\u00e9nergie l\u00e0 o\u00f9 on en a le plus besoin, que ce soit au c\u0153ur d&rsquo;un camp de r\u00e9fugi\u00e9s ou au sommet d&rsquo;une montagne sous les \u00e9toiles. <\/p>\n","protected":false},"excerpt":{"rendered":"<p>Ensemble, nous am\u00e9liorons la qualit\u00e9 de vie De l&rsquo;aide humanitaire aux aventures en plein air, rien de ce que nous &#8230;<\/p>\n","protected":false},"author":1,"featured_media":0,"parent":0,"menu_order":0,"comment_status":"closed","ping_status":"closed","template":"templates\/partners.php","meta":{"_acf_changed":false,"footnotes":""},"class_list":["post-45276","page","type-page","status-publish","hentry"],"acf":[],"yoast_head":"<!-- This site is optimized with the Yoast SEO plugin v27.3 - https:\/\/yoast.com\/product\/yoast-seo-wordpress\/ -->\n<title>Partenaires | WakaWaka\u00ae - Go Solar - Go Solar<\/title>\n<meta name=\"robots\" content=\"index, follow, max-snippet:-1, max-image-preview:large, max-video-preview:-1\" \/>\n<link rel=\"canonical\" href=\"https:\/\/waka-waka.com\/en\/partners\/\" \/>\n<meta property=\"og:locale\" content=\"fr_FR\" \/>\n<meta property=\"og:type\" content=\"article\" \/>\n<meta property=\"og:title\" content=\"Partenaires | WakaWaka\u00ae - Go Solar - Go Solar\" \/>\n<meta property=\"og:description\" content=\"Ensemble, nous am\u00e9liorons la qualit\u00e9 de vie De l&rsquo;aide humanitaire aux aventures en plein air, rien de ce que nous ...\" \/>\n<meta property=\"og:url\" content=\"https:\/\/waka-waka.com\/en\/partners\/\" \/>\n<meta property=\"og:site_name\" content=\"WakaWaka\u00ae - Go Solar\" \/>\n<meta name=\"twitter:card\" content=\"summary_large_image\" \/>\n<script type=\"application\/ld+json\" class=\"yoast-schema-graph\">{\"@context\":\"https:\\\/\\\/schema.org\",\"@graph\":[{\"@type\":\"WebPage\",\"@id\":\"https:\\\/\\\/waka-waka.com\\\/en\\\/partners\\\/\",\"url\":\"https:\\\/\\\/waka-waka.com\\\/en\\\/partners\\\/\",\"name\":\"Partenaires | WakaWaka\u00ae - Go Solar - Go Solar\",\"isPartOf\":{\"@id\":\"https:\\\/\\\/waka-waka.com\\\/de\\\/#website\"},\"datePublished\":\"2025-07-07T13:44:57+00:00\",\"breadcrumb\":{\"@id\":\"https:\\\/\\\/waka-waka.com\\\/en\\\/partners\\\/#breadcrumb\"},\"inLanguage\":\"fr-FR\",\"potentialAction\":[{\"@type\":\"ReadAction\",\"target\":[\"https:\\\/\\\/waka-waka.com\\\/en\\\/partners\\\/\"]}]},{\"@type\":\"BreadcrumbList\",\"@id\":\"https:\\\/\\\/waka-waka.com\\\/en\\\/partners\\\/#breadcrumb\",\"itemListElement\":[{\"@type\":\"ListItem\",\"position\":1,\"name\":\"Home\",\"item\":\"https:\\\/\\\/waka-waka.com\\\/fr\\\/\"},{\"@type\":\"ListItem\",\"position\":2,\"name\":\"Partenaires\"}]},{\"@type\":\"WebSite\",\"@id\":\"https:\\\/\\\/waka-waka.com\\\/de\\\/#website\",\"url\":\"https:\\\/\\\/waka-waka.com\\\/de\\\/\",\"name\":\"WakaWaka\u00ae - Go Solar\",\"description\":\"Go solar.\",\"publisher\":{\"@id\":\"https:\\\/\\\/waka-waka.com\\\/de\\\/#organization\"},\"potentialAction\":[{\"@type\":\"SearchAction\",\"target\":{\"@type\":\"EntryPoint\",\"urlTemplate\":\"https:\\\/\\\/waka-waka.com\\\/de\\\/search\\\/{search_term_string}\"},\"query-input\":{\"@type\":\"PropertyValueSpecification\",\"valueRequired\":true,\"valueName\":\"search_term_string\"}}],\"inLanguage\":\"fr-FR\"},{\"@type\":\"Organization\",\"@id\":\"https:\\\/\\\/waka-waka.com\\\/de\\\/#organization\",\"name\":\"WakaWaka\",\"url\":\"https:\\\/\\\/waka-waka.com\\\/de\\\/\",\"logo\":{\"@type\":\"ImageObject\",\"inLanguage\":\"fr-FR\",\"@id\":\"https:\\\/\\\/waka-waka.com\\\/de\\\/#\\\/schema\\\/logo\\\/image\\\/\",\"url\":\"https:\\\/\\\/waka-waka.com\\\/wp-content\\\/uploads\\\/2019\\\/10\\\/seo-logo.png\",\"contentUrl\":\"https:\\\/\\\/waka-waka.com\\\/wp-content\\\/uploads\\\/2019\\\/10\\\/seo-logo.png\",\"width\":484,\"height\":186,\"caption\":\"WakaWaka\"},\"image\":{\"@id\":\"https:\\\/\\\/waka-waka.com\\\/de\\\/#\\\/schema\\\/logo\\\/image\\\/\"}}]}<\/script>\n<!-- \/ Yoast SEO plugin. -->","yoast_head_json":{"title":"Partenaires | WakaWaka\u00ae - Go Solar - Go Solar","robots":{"index":"index","follow":"follow","max-snippet":"max-snippet:-1","max-image-preview":"max-image-preview:large","max-video-preview":"max-video-preview:-1"},"canonical":"https:\/\/waka-waka.com\/en\/partners\/","og_locale":"fr_FR","og_type":"article","og_title":"Partenaires | WakaWaka\u00ae - Go Solar - Go Solar","og_description":"Ensemble, nous am\u00e9liorons la qualit\u00e9 de vie De l&rsquo;aide humanitaire aux aventures en plein air, rien de ce que nous ...","og_url":"https:\/\/waka-waka.com\/en\/partners\/","og_site_name":"WakaWaka\u00ae - Go Solar","twitter_card":"summary_large_image","schema":{"@context":"https:\/\/schema.org","@graph":[{"@type":"WebPage","@id":"https:\/\/waka-waka.com\/en\/partners\/","url":"https:\/\/waka-waka.com\/en\/partners\/","name":"Partenaires | WakaWaka\u00ae - Go Solar - Go Solar","isPartOf":{"@id":"https:\/\/waka-waka.com\/de\/#website"},"datePublished":"2025-07-07T13:44:57+00:00","breadcrumb":{"@id":"https:\/\/waka-waka.com\/en\/partners\/#breadcrumb"},"inLanguage":"fr-FR","potentialAction":[{"@type":"ReadAction","target":["https:\/\/waka-waka.com\/en\/partners\/"]}]},{"@type":"BreadcrumbList","@id":"https:\/\/waka-waka.com\/en\/partners\/#breadcrumb","itemListElement":[{"@type":"ListItem","position":1,"name":"Home","item":"https:\/\/waka-waka.com\/fr\/"},{"@type":"ListItem","position":2,"name":"Partenaires"}]},{"@type":"WebSite","@id":"https:\/\/waka-waka.com\/de\/#website","url":"https:\/\/waka-waka.com\/de\/","name":"WakaWaka\u00ae - Go Solar","description":"Go solar.","publisher":{"@id":"https:\/\/waka-waka.com\/de\/#organization"},"potentialAction":[{"@type":"SearchAction","target":{"@type":"EntryPoint","urlTemplate":"https:\/\/waka-waka.com\/de\/search\/{search_term_string}"},"query-input":{"@type":"PropertyValueSpecification","valueRequired":true,"valueName":"search_term_string"}}],"inLanguage":"fr-FR"},{"@type":"Organization","@id":"https:\/\/waka-waka.com\/de\/#organization","name":"WakaWaka","url":"https:\/\/waka-waka.com\/de\/","logo":{"@type":"ImageObject","inLanguage":"fr-FR","@id":"https:\/\/waka-waka.com\/de\/#\/schema\/logo\/image\/","url":"https:\/\/waka-waka.com\/wp-content\/uploads\/2019\/10\/seo-logo.png","contentUrl":"https:\/\/waka-waka.com\/wp-content\/uploads\/2019\/10\/seo-logo.png","width":484,"height":186,"caption":"WakaWaka"},"image":{"@id":"https:\/\/waka-waka.com\/de\/#\/schema\/logo\/image\/"}}]}},"_links":{"self":[{"href":"https:\/\/waka-waka.com\/fr\/wp-json\/wp\/v2\/pages\/45276","targetHints":{"allow":["GET"]}}],"collection":[{"href":"https:\/\/waka-waka.com\/fr\/wp-json\/wp\/v2\/pages"}],"about":[{"href":"https:\/\/waka-waka.com\/fr\/wp-json\/wp\/v2\/types\/page"}],"author":[{"embeddable":true,"href":"https:\/\/waka-waka.com\/fr\/wp-json\/wp\/v2\/users\/1"}],"replies":[{"embeddable":true,"href":"https:\/\/waka-waka.com\/fr\/wp-json\/wp\/v2\/comments?post=45276"}],"version-history":[{"count":0,"href":"https:\/\/waka-waka.com\/fr\/wp-json\/wp\/v2\/pages\/45276\/revisions"}],"wp:attachment":[{"href":"https:\/\/waka-waka.com\/fr\/wp-json\/wp\/v2\/media?parent=45276"}],"curies":[{"name":"wp","href":"https:\/\/api.w.org\/{rel}","templated":true}]}}