{"id":45257,"date":"2025-07-07T13:13:09","date_gmt":"2025-07-07T13:13:09","guid":{"rendered":"https:\/\/waka-waka.com\/foundation\/rapports-annuels\/"},"modified":"2025-07-07T13:13:09","modified_gmt":"2025-07-07T13:13:09","slug":"rapports-annuels","status":"publish","type":"page","link":"https:\/\/waka-waka.com\/fr\/foundation\/rapports-annuels\/","title":{"rendered":"Rapports annuels"},"content":{"rendered":"<h1 class=\"block__title\">Mets en lumi\u00e8re notre travail<\/h1>\n<p class=\"block__text\">Chez WakaWaka, nous nous engageons \u00e0 faire preuve de transparence et d&rsquo;impact. Nos rapports annuels mettent en lumi\u00e8re la fa\u00e7on dont nous apportons l&rsquo;\u00e9nergie solaire aux familles hors r\u00e9seau et aux zones de crise, en donnant un aper\u00e7u de nos projets, de nos partenaires et de nos finances. <\/p>\n","protected":false},"excerpt":{"rendered":"<p>Mets en lumi\u00e8re notre travail Chez WakaWaka, nous nous engageons \u00e0 faire preuve de transparence et d&rsquo;impact. Nos rapports annuels &#8230;<\/p>\n","protected":false},"author":1,"featured_media":32840,"parent":32838,"menu_order":0,"comment_status":"closed","ping_status":"closed","template":"templates\/reports.php","meta":{"_acf_changed":false,"footnotes":""},"class_list":["post-45257","page","type-page","status-publish","has-post-thumbnail","hentry"],"acf":[],"yoast_head":"<!-- This site is optimized with the Yoast SEO plugin v27.3 - https:\/\/yoast.com\/product\/yoast-seo-wordpress\/ -->\n<title>Rapports annuels | WakaWaka\u00ae - Go Solar - Partage le soleil<\/title>\n<meta name=\"robots\" content=\"index, follow, max-snippet:-1, max-image-preview:large, max-video-preview:-1\" \/>\n<link rel=\"canonical\" href=\"https:\/\/waka-waka.com\/fr\/foundation\/rapports-annuels\/\" \/>\n<meta property=\"og:locale\" content=\"fr_FR\" \/>\n<meta property=\"og:type\" content=\"article\" \/>\n<meta property=\"og:title\" content=\"Rapports annuels | WakaWaka\u00ae - Go Solar - Partage le soleil\" \/>\n<meta property=\"og:description\" content=\"Mets en lumi\u00e8re notre travail Chez WakaWaka, nous nous engageons \u00e0 faire preuve de transparence et d&rsquo;impact. Nos rapports annuels ...\" \/>\n<meta property=\"og:url\" content=\"https:\/\/waka-waka.com\/fr\/foundation\/rapports-annuels\/\" \/>\n<meta property=\"og:site_name\" content=\"WakaWaka\u00ae - Go Solar\" \/>\n<meta property=\"og:image\" content=\"https:\/\/waka-waka.com\/wp-content\/uploads\/2019\/08\/foundation-header.jpg\" \/>\n\t<meta property=\"og:image:width\" content=\"1600\" \/>\n\t<meta property=\"og:image:height\" content=\"700\" \/>\n\t<meta property=\"og:image:type\" content=\"image\/jpeg\" \/>\n<meta name=\"twitter:card\" content=\"summary_large_image\" \/>\n<script type=\"application\/ld+json\" class=\"yoast-schema-graph\">{\"@context\":\"https:\\\/\\\/schema.org\",\"@graph\":[{\"@type\":\"WebPage\",\"@id\":\"https:\\\/\\\/waka-waka.com\\\/fr\\\/foundation\\\/rapports-annuels\\\/\",\"url\":\"https:\\\/\\\/waka-waka.com\\\/fr\\\/foundation\\\/rapports-annuels\\\/\",\"name\":\"Rapports annuels | WakaWaka\u00ae - Go Solar - Partage le soleil\",\"isPartOf\":{\"@id\":\"https:\\\/\\\/waka-waka.com\\\/de\\\/#website\"},\"primaryImageOfPage\":{\"@id\":\"https:\\\/\\\/waka-waka.com\\\/fr\\\/foundation\\\/rapports-annuels\\\/#primaryimage\"},\"image\":{\"@id\":\"https:\\\/\\\/waka-waka.com\\\/fr\\\/foundation\\\/rapports-annuels\\\/#primaryimage\"},\"thumbnailUrl\":\"https:\\\/\\\/waka-waka.com\\\/wp-content\\\/uploads\\\/2019\\\/08\\\/foundation-header.jpg\",\"datePublished\":\"2025-07-07T13:13:09+00:00\",\"breadcrumb\":{\"@id\":\"https:\\\/\\\/waka-waka.com\\\/fr\\\/foundation\\\/rapports-annuels\\\/#breadcrumb\"},\"inLanguage\":\"fr-FR\",\"potentialAction\":[{\"@type\":\"ReadAction\",\"target\":[\"https:\\\/\\\/waka-waka.com\\\/fr\\\/foundation\\\/rapports-annuels\\\/\"]}]},{\"@type\":\"ImageObject\",\"inLanguage\":\"fr-FR\",\"@id\":\"https:\\\/\\\/waka-waka.com\\\/fr\\\/foundation\\\/rapports-annuels\\\/#primaryimage\",\"url\":\"https:\\\/\\\/waka-waka.com\\\/wp-content\\\/uploads\\\/2019\\\/08\\\/foundation-header.jpg\",\"contentUrl\":\"https:\\\/\\\/waka-waka.com\\\/wp-content\\\/uploads\\\/2019\\\/08\\\/foundation-header.jpg\",\"width\":1600,\"height\":700,\"caption\":\"With 10 euros we can cover the costs of production and distribution of one solar light to someone in need.\"},{\"@type\":\"BreadcrumbList\",\"@id\":\"https:\\\/\\\/waka-waka.com\\\/fr\\\/foundation\\\/rapports-annuels\\\/#breadcrumb\",\"itemListElement\":[{\"@type\":\"ListItem\",\"position\":1,\"name\":\"Home\",\"item\":\"https:\\\/\\\/waka-waka.com\\\/fr\\\/\"},{\"@type\":\"ListItem\",\"position\":2,\"name\":\"La Fondation WakaWaka\",\"item\":\"https:\\\/\\\/waka-waka.com\\\/fr\\\/foundation\\\/\"},{\"@type\":\"ListItem\",\"position\":3,\"name\":\"Rapports annuels\"}]},{\"@type\":\"WebSite\",\"@id\":\"https:\\\/\\\/waka-waka.com\\\/de\\\/#website\",\"url\":\"https:\\\/\\\/waka-waka.com\\\/de\\\/\",\"name\":\"WakaWaka\u00ae - Go Solar\",\"description\":\"Go solar.\",\"publisher\":{\"@id\":\"https:\\\/\\\/waka-waka.com\\\/de\\\/#organization\"},\"potentialAction\":[{\"@type\":\"SearchAction\",\"target\":{\"@type\":\"EntryPoint\",\"urlTemplate\":\"https:\\\/\\\/waka-waka.com\\\/de\\\/search\\\/{search_term_string}\"},\"query-input\":{\"@type\":\"PropertyValueSpecification\",\"valueRequired\":true,\"valueName\":\"search_term_string\"}}],\"inLanguage\":\"fr-FR\"},{\"@type\":\"Organization\",\"@id\":\"https:\\\/\\\/waka-waka.com\\\/de\\\/#organization\",\"name\":\"WakaWaka\",\"url\":\"https:\\\/\\\/waka-waka.com\\\/de\\\/\",\"logo\":{\"@type\":\"ImageObject\",\"inLanguage\":\"fr-FR\",\"@id\":\"https:\\\/\\\/waka-waka.com\\\/de\\\/#\\\/schema\\\/logo\\\/image\\\/\",\"url\":\"https:\\\/\\\/waka-waka.com\\\/wp-content\\\/uploads\\\/2019\\\/10\\\/seo-logo.png\",\"contentUrl\":\"https:\\\/\\\/waka-waka.com\\\/wp-content\\\/uploads\\\/2019\\\/10\\\/seo-logo.png\",\"width\":484,\"height\":186,\"caption\":\"WakaWaka\"},\"image\":{\"@id\":\"https:\\\/\\\/waka-waka.com\\\/de\\\/#\\\/schema\\\/logo\\\/image\\\/\"}}]}<\/script>\n<!-- \/ Yoast SEO plugin. -->","yoast_head_json":{"title":"Rapports annuels | WakaWaka\u00ae - Go Solar - Partage le soleil","robots":{"index":"index","follow":"follow","max-snippet":"max-snippet:-1","max-image-preview":"max-image-preview:large","max-video-preview":"max-video-preview:-1"},"canonical":"https:\/\/waka-waka.com\/fr\/foundation\/rapports-annuels\/","og_locale":"fr_FR","og_type":"article","og_title":"Rapports annuels | WakaWaka\u00ae - Go Solar - Partage le soleil","og_description":"Mets en lumi\u00e8re notre travail Chez WakaWaka, nous nous engageons \u00e0 faire preuve de transparence et d&rsquo;impact. Nos rapports annuels ...","og_url":"https:\/\/waka-waka.com\/fr\/foundation\/rapports-annuels\/","og_site_name":"WakaWaka\u00ae - Go Solar","og_image":[{"width":1600,"height":700,"url":"https:\/\/waka-waka.com\/wp-content\/uploads\/2019\/08\/foundation-header.jpg","type":"image\/jpeg"}],"twitter_card":"summary_large_image","schema":{"@context":"https:\/\/schema.org","@graph":[{"@type":"WebPage","@id":"https:\/\/waka-waka.com\/fr\/foundation\/rapports-annuels\/","url":"https:\/\/waka-waka.com\/fr\/foundation\/rapports-annuels\/","name":"Rapports annuels | WakaWaka\u00ae - Go Solar - Partage le soleil","isPartOf":{"@id":"https:\/\/waka-waka.com\/de\/#website"},"primaryImageOfPage":{"@id":"https:\/\/waka-waka.com\/fr\/foundation\/rapports-annuels\/#primaryimage"},"image":{"@id":"https:\/\/waka-waka.com\/fr\/foundation\/rapports-annuels\/#primaryimage"},"thumbnailUrl":"https:\/\/waka-waka.com\/wp-content\/uploads\/2019\/08\/foundation-header.jpg","datePublished":"2025-07-07T13:13:09+00:00","breadcrumb":{"@id":"https:\/\/waka-waka.com\/fr\/foundation\/rapports-annuels\/#breadcrumb"},"inLanguage":"fr-FR","potentialAction":[{"@type":"ReadAction","target":["https:\/\/waka-waka.com\/fr\/foundation\/rapports-annuels\/"]}]},{"@type":"ImageObject","inLanguage":"fr-FR","@id":"https:\/\/waka-waka.com\/fr\/foundation\/rapports-annuels\/#primaryimage","url":"https:\/\/waka-waka.com\/wp-content\/uploads\/2019\/08\/foundation-header.jpg","contentUrl":"https:\/\/waka-waka.com\/wp-content\/uploads\/2019\/08\/foundation-header.jpg","width":1600,"height":700,"caption":"With 10 euros we can cover the costs of production and distribution of one solar light to someone in need."},{"@type":"BreadcrumbList","@id":"https:\/\/waka-waka.com\/fr\/foundation\/rapports-annuels\/#breadcrumb","itemListElement":[{"@type":"ListItem","position":1,"name":"Home","item":"https:\/\/waka-waka.com\/fr\/"},{"@type":"ListItem","position":2,"name":"La Fondation WakaWaka","item":"https:\/\/waka-waka.com\/fr\/foundation\/"},{"@type":"ListItem","position":3,"name":"Rapports annuels"}]},{"@type":"WebSite","@id":"https:\/\/waka-waka.com\/de\/#website","url":"https:\/\/waka-waka.com\/de\/","name":"WakaWaka\u00ae - Go Solar","description":"Go solar.","publisher":{"@id":"https:\/\/waka-waka.com\/de\/#organization"},"potentialAction":[{"@type":"SearchAction","target":{"@type":"EntryPoint","urlTemplate":"https:\/\/waka-waka.com\/de\/search\/{search_term_string}"},"query-input":{"@type":"PropertyValueSpecification","valueRequired":true,"valueName":"search_term_string"}}],"inLanguage":"fr-FR"},{"@type":"Organization","@id":"https:\/\/waka-waka.com\/de\/#organization","name":"WakaWaka","url":"https:\/\/waka-waka.com\/de\/","logo":{"@type":"ImageObject","inLanguage":"fr-FR","@id":"https:\/\/waka-waka.com\/de\/#\/schema\/logo\/image\/","url":"https:\/\/waka-waka.com\/wp-content\/uploads\/2019\/10\/seo-logo.png","contentUrl":"https:\/\/waka-waka.com\/wp-content\/uploads\/2019\/10\/seo-logo.png","width":484,"height":186,"caption":"WakaWaka"},"image":{"@id":"https:\/\/waka-waka.com\/de\/#\/schema\/logo\/image\/"}}]}},"_links":{"self":[{"href":"https:\/\/waka-waka.com\/fr\/wp-json\/wp\/v2\/pages\/45257","targetHints":{"allow":["GET"]}}],"collection":[{"href":"https:\/\/waka-waka.com\/fr\/wp-json\/wp\/v2\/pages"}],"about":[{"href":"https:\/\/waka-waka.com\/fr\/wp-json\/wp\/v2\/types\/page"}],"author":[{"embeddable":true,"href":"https:\/\/waka-waka.com\/fr\/wp-json\/wp\/v2\/users\/1"}],"replies":[{"embeddable":true,"href":"https:\/\/waka-waka.com\/fr\/wp-json\/wp\/v2\/comments?post=45257"}],"version-history":[{"count":0,"href":"https:\/\/waka-waka.com\/fr\/wp-json\/wp\/v2\/pages\/45257\/revisions"}],"up":[{"embeddable":true,"href":"https:\/\/waka-waka.com\/fr\/wp-json\/wp\/v2\/pages\/32838"}],"wp:featuredmedia":[{"embeddable":true,"href":"https:\/\/waka-waka.com\/fr\/wp-json\/wp\/v2\/media\/32840"}],"wp:attachment":[{"href":"https:\/\/waka-waka.com\/fr\/wp-json\/wp\/v2\/media?parent=45257"}],"curies":[{"name":"wp","href":"https:\/\/api.w.org\/{rel}","templated":true}]}}