{"id":45247,"date":"2025-07-07T13:10:16","date_gmt":"2025-07-07T13:10:16","guid":{"rendered":"https:\/\/waka-waka.com\/une-nouvelle-ara-se-profile-a-lhorizon\/"},"modified":"2025-07-07T14:38:40","modified_gmt":"2025-07-07T14:38:40","slug":"une-nouvelle-ara-se-profile-a-lhorizon","status":"publish","type":"page","link":"https:\/\/waka-waka.com\/fr\/une-nouvelle-ara-se-profile-a-lhorizon\/","title":{"rendered":"Une nouvelle \u00e8re se profile \u00e0 l&rsquo;horizon"},"content":{"rendered":"<p>Notre gamme de produits actuelle est compl\u00e8tement \u00e9puis\u00e9e &#8211; et ce n&rsquo;est pas une co\u00efncidence. Nous avons travaill\u00e9 d&rsquo;arrache-pied en coulisses sur une gamme audacieuse et plus lumineuse d&rsquo;\u00e9quipements aliment\u00e9s par l&rsquo;\u00e9nergie solaire. <\/p>\n<p><strong>Sois le premier \u00e0 savoir<\/strong><br \/>\nInscris-toi ci-dessous et sois parmi les premiers \u00e0 recevoir un acc\u00e8s anticip\u00e9 lorsque les nouveaux produits seront mis en ligne.<\/p>\n<p>&nbsp;<\/p>\n<p>[ninja_form id=\u00a0\u00bb6&Prime;]<\/p>\n","protected":false},"excerpt":{"rendered":"<p>Notre gamme de produits actuelle est compl\u00e8tement \u00e9puis\u00e9e &#8211; et ce n&rsquo;est pas une co\u00efncidence. Nous avons travaill\u00e9 d&rsquo;arrache-pied en &#8230;<\/p>\n","protected":false},"author":1,"featured_media":43519,"parent":0,"menu_order":0,"comment_status":"closed","ping_status":"closed","template":"templates\/light-up-a-nation.php","meta":{"_acf_changed":false,"footnotes":""},"class_list":["post-45247","page","type-page","status-publish","has-post-thumbnail","hentry"],"acf":[],"yoast_head":"<!-- This site is optimized with the Yoast SEO plugin v27.6 - https:\/\/yoast.com\/product\/yoast-seo-wordpress\/ -->\n<title>Une nouvelle \u00e8re se profile \u00e0 l&#039;horizon | WakaWaka\u00ae - Go Solar - Go Solar<\/title>\n<meta name=\"robots\" content=\"index, follow, max-snippet:-1, max-image-preview:large, max-video-preview:-1\" \/>\n<link rel=\"canonical\" href=\"https:\/\/waka-waka.com\/en\/next-generation\/\" \/>\n<meta property=\"og:locale\" content=\"fr_FR\" \/>\n<meta property=\"og:type\" content=\"article\" \/>\n<meta property=\"og:title\" content=\"Une nouvelle \u00e8re se profile \u00e0 l&#039;horizon | WakaWaka\u00ae - Go Solar - Go Solar\" \/>\n<meta property=\"og:description\" content=\"Notre gamme de produits actuelle est compl\u00e8tement \u00e9puis\u00e9e &#8211; et ce n&rsquo;est pas une co\u00efncidence. Nous avons travaill\u00e9 d&rsquo;arrache-pied en ...\" \/>\n<meta property=\"og:url\" content=\"https:\/\/waka-waka.com\/en\/next-generation\/\" \/>\n<meta property=\"og:site_name\" content=\"WakaWaka\u00ae - Go Solar\" \/>\n<meta property=\"article:modified_time\" content=\"2025-07-07T14:38:40+00:00\" \/>\n<meta property=\"og:image\" content=\"https:\/\/waka-waka.com\/wp-content\/uploads\/2025\/05\/next-gen.jpg\" \/>\n\t<meta property=\"og:image:width\" content=\"1400\" \/>\n\t<meta property=\"og:image:height\" content=\"830\" \/>\n\t<meta property=\"og:image:type\" content=\"image\/jpeg\" \/>\n<meta name=\"twitter:card\" content=\"summary_large_image\" \/>\n<script type=\"application\/ld+json\" class=\"yoast-schema-graph\">{\"@context\":\"https:\\\/\\\/schema.org\",\"@graph\":[{\"@type\":\"WebPage\",\"@id\":\"https:\\\/\\\/waka-waka.com\\\/en\\\/next-generation\\\/\",\"url\":\"https:\\\/\\\/waka-waka.com\\\/en\\\/next-generation\\\/\",\"name\":\"Une nouvelle \u00e8re se profile \u00e0 l'horizon | WakaWaka\u00ae - Go Solar - Go Solar\",\"isPartOf\":{\"@id\":\"https:\\\/\\\/waka-waka.com\\\/de\\\/#website\"},\"primaryImageOfPage\":{\"@id\":\"https:\\\/\\\/waka-waka.com\\\/en\\\/next-generation\\\/#primaryimage\"},\"image\":{\"@id\":\"https:\\\/\\\/waka-waka.com\\\/en\\\/next-generation\\\/#primaryimage\"},\"thumbnailUrl\":\"https:\\\/\\\/waka-waka.com\\\/wp-content\\\/uploads\\\/2025\\\/05\\\/next-gen.jpg\",\"datePublished\":\"2025-07-07T13:10:16+00:00\",\"dateModified\":\"2025-07-07T14:38:40+00:00\",\"breadcrumb\":{\"@id\":\"https:\\\/\\\/waka-waka.com\\\/en\\\/next-generation\\\/#breadcrumb\"},\"inLanguage\":\"fr-FR\",\"potentialAction\":[{\"@type\":\"ReadAction\",\"target\":[\"https:\\\/\\\/waka-waka.com\\\/en\\\/next-generation\\\/\"]}]},{\"@type\":\"ImageObject\",\"inLanguage\":\"fr-FR\",\"@id\":\"https:\\\/\\\/waka-waka.com\\\/en\\\/next-generation\\\/#primaryimage\",\"url\":\"https:\\\/\\\/waka-waka.com\\\/wp-content\\\/uploads\\\/2025\\\/05\\\/next-gen.jpg\",\"contentUrl\":\"https:\\\/\\\/waka-waka.com\\\/wp-content\\\/uploads\\\/2025\\\/05\\\/next-gen.jpg\",\"width\":1400,\"height\":830},{\"@type\":\"BreadcrumbList\",\"@id\":\"https:\\\/\\\/waka-waka.com\\\/en\\\/next-generation\\\/#breadcrumb\",\"itemListElement\":[{\"@type\":\"ListItem\",\"position\":1,\"name\":\"Home\",\"item\":\"https:\\\/\\\/waka-waka.com\\\/fr\\\/\"},{\"@type\":\"ListItem\",\"position\":2,\"name\":\"Une nouvelle \u00e8re se profile \u00e0 l&#8217;horizon\"}]},{\"@type\":\"WebSite\",\"@id\":\"https:\\\/\\\/waka-waka.com\\\/de\\\/#website\",\"url\":\"https:\\\/\\\/waka-waka.com\\\/de\\\/\",\"name\":\"WakaWaka\u00ae - Go Solar\",\"description\":\"Go solar.\",\"publisher\":{\"@id\":\"https:\\\/\\\/waka-waka.com\\\/de\\\/#organization\"},\"potentialAction\":[{\"@type\":\"SearchAction\",\"target\":{\"@type\":\"EntryPoint\",\"urlTemplate\":\"https:\\\/\\\/waka-waka.com\\\/de\\\/search\\\/{search_term_string}\"},\"query-input\":{\"@type\":\"PropertyValueSpecification\",\"valueRequired\":true,\"valueName\":\"search_term_string\"}}],\"inLanguage\":\"fr-FR\"},{\"@type\":\"Organization\",\"@id\":\"https:\\\/\\\/waka-waka.com\\\/de\\\/#organization\",\"name\":\"WakaWaka\",\"url\":\"https:\\\/\\\/waka-waka.com\\\/de\\\/\",\"logo\":{\"@type\":\"ImageObject\",\"inLanguage\":\"fr-FR\",\"@id\":\"https:\\\/\\\/waka-waka.com\\\/de\\\/#\\\/schema\\\/logo\\\/image\\\/\",\"url\":\"https:\\\/\\\/waka-waka.com\\\/wp-content\\\/uploads\\\/2019\\\/10\\\/seo-logo.png\",\"contentUrl\":\"https:\\\/\\\/waka-waka.com\\\/wp-content\\\/uploads\\\/2019\\\/10\\\/seo-logo.png\",\"width\":484,\"height\":186,\"caption\":\"WakaWaka\"},\"image\":{\"@id\":\"https:\\\/\\\/waka-waka.com\\\/de\\\/#\\\/schema\\\/logo\\\/image\\\/\"}}]}<\/script>\n<!-- \/ Yoast SEO plugin. -->","yoast_head_json":{"title":"Une nouvelle \u00e8re se profile \u00e0 l'horizon | WakaWaka\u00ae - Go Solar - Go Solar","robots":{"index":"index","follow":"follow","max-snippet":"max-snippet:-1","max-image-preview":"max-image-preview:large","max-video-preview":"max-video-preview:-1"},"canonical":"https:\/\/waka-waka.com\/en\/next-generation\/","og_locale":"fr_FR","og_type":"article","og_title":"Une nouvelle \u00e8re se profile \u00e0 l'horizon | WakaWaka\u00ae - Go Solar - Go Solar","og_description":"Notre gamme de produits actuelle est compl\u00e8tement \u00e9puis\u00e9e &#8211; et ce n&rsquo;est pas une co\u00efncidence. Nous avons travaill\u00e9 d&rsquo;arrache-pied en ...","og_url":"https:\/\/waka-waka.com\/en\/next-generation\/","og_site_name":"WakaWaka\u00ae - Go Solar","article_modified_time":"2025-07-07T14:38:40+00:00","og_image":[{"width":1400,"height":830,"url":"https:\/\/waka-waka.com\/wp-content\/uploads\/2025\/05\/next-gen.jpg","type":"image\/jpeg"}],"twitter_card":"summary_large_image","schema":{"@context":"https:\/\/schema.org","@graph":[{"@type":"WebPage","@id":"https:\/\/waka-waka.com\/en\/next-generation\/","url":"https:\/\/waka-waka.com\/en\/next-generation\/","name":"Une nouvelle \u00e8re se profile \u00e0 l'horizon | WakaWaka\u00ae - Go Solar - Go Solar","isPartOf":{"@id":"https:\/\/waka-waka.com\/de\/#website"},"primaryImageOfPage":{"@id":"https:\/\/waka-waka.com\/en\/next-generation\/#primaryimage"},"image":{"@id":"https:\/\/waka-waka.com\/en\/next-generation\/#primaryimage"},"thumbnailUrl":"https:\/\/waka-waka.com\/wp-content\/uploads\/2025\/05\/next-gen.jpg","datePublished":"2025-07-07T13:10:16+00:00","dateModified":"2025-07-07T14:38:40+00:00","breadcrumb":{"@id":"https:\/\/waka-waka.com\/en\/next-generation\/#breadcrumb"},"inLanguage":"fr-FR","potentialAction":[{"@type":"ReadAction","target":["https:\/\/waka-waka.com\/en\/next-generation\/"]}]},{"@type":"ImageObject","inLanguage":"fr-FR","@id":"https:\/\/waka-waka.com\/en\/next-generation\/#primaryimage","url":"https:\/\/waka-waka.com\/wp-content\/uploads\/2025\/05\/next-gen.jpg","contentUrl":"https:\/\/waka-waka.com\/wp-content\/uploads\/2025\/05\/next-gen.jpg","width":1400,"height":830},{"@type":"BreadcrumbList","@id":"https:\/\/waka-waka.com\/en\/next-generation\/#breadcrumb","itemListElement":[{"@type":"ListItem","position":1,"name":"Home","item":"https:\/\/waka-waka.com\/fr\/"},{"@type":"ListItem","position":2,"name":"Une nouvelle \u00e8re se profile \u00e0 l&#8217;horizon"}]},{"@type":"WebSite","@id":"https:\/\/waka-waka.com\/de\/#website","url":"https:\/\/waka-waka.com\/de\/","name":"WakaWaka\u00ae - Go Solar","description":"Go solar.","publisher":{"@id":"https:\/\/waka-waka.com\/de\/#organization"},"potentialAction":[{"@type":"SearchAction","target":{"@type":"EntryPoint","urlTemplate":"https:\/\/waka-waka.com\/de\/search\/{search_term_string}"},"query-input":{"@type":"PropertyValueSpecification","valueRequired":true,"valueName":"search_term_string"}}],"inLanguage":"fr-FR"},{"@type":"Organization","@id":"https:\/\/waka-waka.com\/de\/#organization","name":"WakaWaka","url":"https:\/\/waka-waka.com\/de\/","logo":{"@type":"ImageObject","inLanguage":"fr-FR","@id":"https:\/\/waka-waka.com\/de\/#\/schema\/logo\/image\/","url":"https:\/\/waka-waka.com\/wp-content\/uploads\/2019\/10\/seo-logo.png","contentUrl":"https:\/\/waka-waka.com\/wp-content\/uploads\/2019\/10\/seo-logo.png","width":484,"height":186,"caption":"WakaWaka"},"image":{"@id":"https:\/\/waka-waka.com\/de\/#\/schema\/logo\/image\/"}}]}},"_links":{"self":[{"href":"https:\/\/waka-waka.com\/fr\/wp-json\/wp\/v2\/pages\/45247","targetHints":{"allow":["GET"]}}],"collection":[{"href":"https:\/\/waka-waka.com\/fr\/wp-json\/wp\/v2\/pages"}],"about":[{"href":"https:\/\/waka-waka.com\/fr\/wp-json\/wp\/v2\/types\/page"}],"author":[{"embeddable":true,"href":"https:\/\/waka-waka.com\/fr\/wp-json\/wp\/v2\/users\/1"}],"replies":[{"embeddable":true,"href":"https:\/\/waka-waka.com\/fr\/wp-json\/wp\/v2\/comments?post=45247"}],"version-history":[{"count":1,"href":"https:\/\/waka-waka.com\/fr\/wp-json\/wp\/v2\/pages\/45247\/revisions"}],"predecessor-version":[{"id":45311,"href":"https:\/\/waka-waka.com\/fr\/wp-json\/wp\/v2\/pages\/45247\/revisions\/45311"}],"wp:featuredmedia":[{"embeddable":true,"href":"https:\/\/waka-waka.com\/fr\/wp-json\/wp\/v2\/media\/43519"}],"wp:attachment":[{"href":"https:\/\/waka-waka.com\/fr\/wp-json\/wp\/v2\/media?parent=45247"}],"curies":[{"name":"wp","href":"https:\/\/api.w.org\/{rel}","templated":true}]}}