{"id":45246,"date":"2025-07-07T13:10:15","date_gmt":"2025-07-07T13:10:15","guid":{"rendered":"https:\/\/waka-waka.com\/enregistre-ton-wakawaka\/"},"modified":"2025-07-07T13:10:15","modified_gmt":"2025-07-07T13:10:15","slug":"enregistre-ton-wakawaka","status":"publish","type":"page","link":"https:\/\/waka-waka.com\/fr\/enregistre-ton-wakawaka\/","title":{"rendered":"Enregistre ton WakaWaka"},"content":{"rendered":"<p>Remplis tes coordonn\u00e9es ci-dessous pour enregistrer ton appareil WakaWaka. Tu trouveras le num\u00e9ro de s\u00e9rie au dos de ton WakaWaka &#8211; voir l&rsquo;exemple sur la photo. <\/p>\n<p><img loading=\"lazy\" decoding=\"async\" class=\"alignnone size-medium wp-image-43491\" src=\"https:\/\/waka-waka.com\/wp-content\/uploads\/2025\/05\/waka-waka-serial-number-286x300.jpg\" alt=\"\" width=\"286\" height=\"300\" srcset=\"https:\/\/waka-waka.com\/wp-content\/uploads\/2025\/05\/waka-waka-serial-number-286x300.jpg 286w, https:\/\/waka-waka.com\/wp-content\/uploads\/2025\/05\/waka-waka-serial-number-976x1024.jpg 976w, https:\/\/waka-waka.com\/wp-content\/uploads\/2025\/05\/waka-waka-serial-number-768x805.jpg 768w, https:\/\/waka-waka.com\/wp-content\/uploads\/2025\/05\/waka-waka-serial-number-1465x1536.jpg 1465w, https:\/\/waka-waka.com\/wp-content\/uploads\/2025\/05\/waka-waka-serial-number-600x629.jpg 600w, https:\/\/waka-waka.com\/wp-content\/uploads\/2025\/05\/waka-waka-serial-number.jpg 1500w\" sizes=\"auto, (max-width: 286px) 100vw, 286px\" \/><\/p>\n<p>&nbsp;<\/p>\n<p>[ninja_form id=\u00a0\u00bb5&Prime;]<\/p>\n","protected":false},"excerpt":{"rendered":"<p>Remplis tes coordonn\u00e9es ci-dessous pour enregistrer ton appareil WakaWaka. Tu trouveras le num\u00e9ro de s\u00e9rie au dos de ton WakaWaka &#8230;<\/p>\n","protected":false},"author":1,"featured_media":0,"parent":0,"menu_order":0,"comment_status":"closed","ping_status":"closed","template":"","meta":{"_acf_changed":false,"footnotes":""},"class_list":["post-45246","page","type-page","status-publish","hentry"],"acf":[],"yoast_head":"<!-- This site is optimized with the Yoast SEO plugin v27.4 - https:\/\/yoast.com\/product\/yoast-seo-wordpress\/ -->\n<title>Enregistre ton WakaWaka | WakaWaka\u00ae - Go Solar - Go Solar<\/title>\n<meta name=\"robots\" content=\"index, follow, max-snippet:-1, max-image-preview:large, max-video-preview:-1\" \/>\n<link rel=\"canonical\" href=\"https:\/\/waka-waka.com\/en\/register\/\" \/>\n<meta property=\"og:locale\" content=\"fr_FR\" \/>\n<meta property=\"og:type\" content=\"article\" \/>\n<meta property=\"og:title\" content=\"Enregistre ton WakaWaka | WakaWaka\u00ae - Go Solar - Go Solar\" \/>\n<meta property=\"og:description\" content=\"Remplis tes coordonn\u00e9es ci-dessous pour enregistrer ton appareil WakaWaka. Tu trouveras le num\u00e9ro de s\u00e9rie au dos de ton WakaWaka ...\" \/>\n<meta property=\"og:url\" content=\"https:\/\/waka-waka.com\/en\/register\/\" \/>\n<meta property=\"og:site_name\" content=\"WakaWaka\u00ae - Go Solar\" \/>\n<meta property=\"og:image\" content=\"https:\/\/waka-waka.com\/wp-content\/uploads\/2025\/05\/waka-waka-serial-number.jpg\" \/>\n\t<meta property=\"og:image:width\" content=\"1500\" \/>\n\t<meta property=\"og:image:height\" content=\"1573\" \/>\n\t<meta property=\"og:image:type\" content=\"image\/jpeg\" \/>\n<meta name=\"twitter:card\" content=\"summary_large_image\" \/>\n<script type=\"application\/ld+json\" class=\"yoast-schema-graph\">{\"@context\":\"https:\\\/\\\/schema.org\",\"@graph\":[{\"@type\":\"WebPage\",\"@id\":\"https:\\\/\\\/waka-waka.com\\\/en\\\/register\\\/\",\"url\":\"https:\\\/\\\/waka-waka.com\\\/en\\\/register\\\/\",\"name\":\"Enregistre ton WakaWaka | WakaWaka\u00ae - Go Solar - Go Solar\",\"isPartOf\":{\"@id\":\"https:\\\/\\\/waka-waka.com\\\/de\\\/#website\"},\"primaryImageOfPage\":{\"@id\":\"https:\\\/\\\/waka-waka.com\\\/en\\\/register\\\/#primaryimage\"},\"image\":{\"@id\":\"https:\\\/\\\/waka-waka.com\\\/en\\\/register\\\/#primaryimage\"},\"thumbnailUrl\":\"https:\\\/\\\/waka-waka.com\\\/wp-content\\\/uploads\\\/2025\\\/05\\\/waka-waka-serial-number-286x300.jpg\",\"datePublished\":\"2025-07-07T13:10:15+00:00\",\"breadcrumb\":{\"@id\":\"https:\\\/\\\/waka-waka.com\\\/en\\\/register\\\/#breadcrumb\"},\"inLanguage\":\"fr-FR\",\"potentialAction\":[{\"@type\":\"ReadAction\",\"target\":[\"https:\\\/\\\/waka-waka.com\\\/en\\\/register\\\/\"]}]},{\"@type\":\"ImageObject\",\"inLanguage\":\"fr-FR\",\"@id\":\"https:\\\/\\\/waka-waka.com\\\/en\\\/register\\\/#primaryimage\",\"url\":\"https:\\\/\\\/waka-waka.com\\\/wp-content\\\/uploads\\\/2025\\\/05\\\/waka-waka-serial-number-286x300.jpg\",\"contentUrl\":\"https:\\\/\\\/waka-waka.com\\\/wp-content\\\/uploads\\\/2025\\\/05\\\/waka-waka-serial-number-286x300.jpg\"},{\"@type\":\"BreadcrumbList\",\"@id\":\"https:\\\/\\\/waka-waka.com\\\/en\\\/register\\\/#breadcrumb\",\"itemListElement\":[{\"@type\":\"ListItem\",\"position\":1,\"name\":\"Home\",\"item\":\"https:\\\/\\\/waka-waka.com\\\/fr\\\/\"},{\"@type\":\"ListItem\",\"position\":2,\"name\":\"Enregistre ton WakaWaka\"}]},{\"@type\":\"WebSite\",\"@id\":\"https:\\\/\\\/waka-waka.com\\\/de\\\/#website\",\"url\":\"https:\\\/\\\/waka-waka.com\\\/de\\\/\",\"name\":\"WakaWaka\u00ae - Go Solar\",\"description\":\"Go solar.\",\"publisher\":{\"@id\":\"https:\\\/\\\/waka-waka.com\\\/de\\\/#organization\"},\"potentialAction\":[{\"@type\":\"SearchAction\",\"target\":{\"@type\":\"EntryPoint\",\"urlTemplate\":\"https:\\\/\\\/waka-waka.com\\\/de\\\/search\\\/{search_term_string}\"},\"query-input\":{\"@type\":\"PropertyValueSpecification\",\"valueRequired\":true,\"valueName\":\"search_term_string\"}}],\"inLanguage\":\"fr-FR\"},{\"@type\":\"Organization\",\"@id\":\"https:\\\/\\\/waka-waka.com\\\/de\\\/#organization\",\"name\":\"WakaWaka\",\"url\":\"https:\\\/\\\/waka-waka.com\\\/de\\\/\",\"logo\":{\"@type\":\"ImageObject\",\"inLanguage\":\"fr-FR\",\"@id\":\"https:\\\/\\\/waka-waka.com\\\/de\\\/#\\\/schema\\\/logo\\\/image\\\/\",\"url\":\"https:\\\/\\\/waka-waka.com\\\/wp-content\\\/uploads\\\/2019\\\/10\\\/seo-logo.png\",\"contentUrl\":\"https:\\\/\\\/waka-waka.com\\\/wp-content\\\/uploads\\\/2019\\\/10\\\/seo-logo.png\",\"width\":484,\"height\":186,\"caption\":\"WakaWaka\"},\"image\":{\"@id\":\"https:\\\/\\\/waka-waka.com\\\/de\\\/#\\\/schema\\\/logo\\\/image\\\/\"}}]}<\/script>\n<!-- \/ Yoast SEO plugin. -->","yoast_head_json":{"title":"Enregistre ton WakaWaka | WakaWaka\u00ae - Go Solar - Go Solar","robots":{"index":"index","follow":"follow","max-snippet":"max-snippet:-1","max-image-preview":"max-image-preview:large","max-video-preview":"max-video-preview:-1"},"canonical":"https:\/\/waka-waka.com\/en\/register\/","og_locale":"fr_FR","og_type":"article","og_title":"Enregistre ton WakaWaka | WakaWaka\u00ae - Go Solar - Go Solar","og_description":"Remplis tes coordonn\u00e9es ci-dessous pour enregistrer ton appareil WakaWaka. Tu trouveras le num\u00e9ro de s\u00e9rie au dos de ton WakaWaka ...","og_url":"https:\/\/waka-waka.com\/en\/register\/","og_site_name":"WakaWaka\u00ae - Go Solar","og_image":[{"width":1500,"height":1573,"url":"https:\/\/waka-waka.com\/wp-content\/uploads\/2025\/05\/waka-waka-serial-number.jpg","type":"image\/jpeg"}],"twitter_card":"summary_large_image","schema":{"@context":"https:\/\/schema.org","@graph":[{"@type":"WebPage","@id":"https:\/\/waka-waka.com\/en\/register\/","url":"https:\/\/waka-waka.com\/en\/register\/","name":"Enregistre ton WakaWaka | WakaWaka\u00ae - Go Solar - Go Solar","isPartOf":{"@id":"https:\/\/waka-waka.com\/de\/#website"},"primaryImageOfPage":{"@id":"https:\/\/waka-waka.com\/en\/register\/#primaryimage"},"image":{"@id":"https:\/\/waka-waka.com\/en\/register\/#primaryimage"},"thumbnailUrl":"https:\/\/waka-waka.com\/wp-content\/uploads\/2025\/05\/waka-waka-serial-number-286x300.jpg","datePublished":"2025-07-07T13:10:15+00:00","breadcrumb":{"@id":"https:\/\/waka-waka.com\/en\/register\/#breadcrumb"},"inLanguage":"fr-FR","potentialAction":[{"@type":"ReadAction","target":["https:\/\/waka-waka.com\/en\/register\/"]}]},{"@type":"ImageObject","inLanguage":"fr-FR","@id":"https:\/\/waka-waka.com\/en\/register\/#primaryimage","url":"https:\/\/waka-waka.com\/wp-content\/uploads\/2025\/05\/waka-waka-serial-number-286x300.jpg","contentUrl":"https:\/\/waka-waka.com\/wp-content\/uploads\/2025\/05\/waka-waka-serial-number-286x300.jpg"},{"@type":"BreadcrumbList","@id":"https:\/\/waka-waka.com\/en\/register\/#breadcrumb","itemListElement":[{"@type":"ListItem","position":1,"name":"Home","item":"https:\/\/waka-waka.com\/fr\/"},{"@type":"ListItem","position":2,"name":"Enregistre ton WakaWaka"}]},{"@type":"WebSite","@id":"https:\/\/waka-waka.com\/de\/#website","url":"https:\/\/waka-waka.com\/de\/","name":"WakaWaka\u00ae - Go Solar","description":"Go solar.","publisher":{"@id":"https:\/\/waka-waka.com\/de\/#organization"},"potentialAction":[{"@type":"SearchAction","target":{"@type":"EntryPoint","urlTemplate":"https:\/\/waka-waka.com\/de\/search\/{search_term_string}"},"query-input":{"@type":"PropertyValueSpecification","valueRequired":true,"valueName":"search_term_string"}}],"inLanguage":"fr-FR"},{"@type":"Organization","@id":"https:\/\/waka-waka.com\/de\/#organization","name":"WakaWaka","url":"https:\/\/waka-waka.com\/de\/","logo":{"@type":"ImageObject","inLanguage":"fr-FR","@id":"https:\/\/waka-waka.com\/de\/#\/schema\/logo\/image\/","url":"https:\/\/waka-waka.com\/wp-content\/uploads\/2019\/10\/seo-logo.png","contentUrl":"https:\/\/waka-waka.com\/wp-content\/uploads\/2019\/10\/seo-logo.png","width":484,"height":186,"caption":"WakaWaka"},"image":{"@id":"https:\/\/waka-waka.com\/de\/#\/schema\/logo\/image\/"}}]}},"_links":{"self":[{"href":"https:\/\/waka-waka.com\/fr\/wp-json\/wp\/v2\/pages\/45246","targetHints":{"allow":["GET"]}}],"collection":[{"href":"https:\/\/waka-waka.com\/fr\/wp-json\/wp\/v2\/pages"}],"about":[{"href":"https:\/\/waka-waka.com\/fr\/wp-json\/wp\/v2\/types\/page"}],"author":[{"embeddable":true,"href":"https:\/\/waka-waka.com\/fr\/wp-json\/wp\/v2\/users\/1"}],"replies":[{"embeddable":true,"href":"https:\/\/waka-waka.com\/fr\/wp-json\/wp\/v2\/comments?post=45246"}],"version-history":[{"count":0,"href":"https:\/\/waka-waka.com\/fr\/wp-json\/wp\/v2\/pages\/45246\/revisions"}],"wp:attachment":[{"href":"https:\/\/waka-waka.com\/fr\/wp-json\/wp\/v2\/media?parent=45246"}],"curies":[{"name":"wp","href":"https:\/\/api.w.org\/{rel}","templated":true}]}}