{"id":34073,"date":"2019-10-29T13:59:55","date_gmt":"2019-10-29T13:59:55","guid":{"rendered":"https:\/\/waka-waka.com\/?page_id=34073"},"modified":"2025-07-08T11:28:17","modified_gmt":"2025-07-08T11:28:17","slug":"business","status":"publish","type":"page","link":"https:\/\/waka-waka.com\/fr\/business\/","title":{"rendered":"B2B"},"content":{"rendered":"<h2>VENTES AUX ENTREPRISES<\/h2>\n<p>Montre \u00e0 tes clients ou \u00e0 tes employ\u00e9s un gage de ta reconnaissance tout en aidant quelqu&rsquo;un dans le besoin. Diffuse un message durable et \u00e9quitable avec un chargeur solaire WakaWaka (marqu\u00e9) ou tout autre produit. <\/p>\n<p>Tu es int\u00e9ress\u00e9 ? Prends contact avec nous pour discuter des nombreuses possibilit\u00e9s. <\/p>\n<p><img loading=\"lazy\" decoding=\"async\" class=\"alignnone size-full wp-image-8353\" src=\"https:\/\/staging.waka-waka.com\/wp-content\/uploads\/2019\/01\/business-example.jpg\" alt=\"\" width=\"560\" height=\"560\" srcset=\"https:\/\/waka-waka.com\/wp-content\/uploads\/2019\/01\/business-example.jpg 560w, https:\/\/waka-waka.com\/wp-content\/uploads\/2019\/01\/business-example-150x150.jpg 150w, https:\/\/waka-waka.com\/wp-content\/uploads\/2019\/01\/business-example-300x300.jpg 300w, https:\/\/waka-waka.com\/wp-content\/uploads\/2019\/01\/business-example-100x100.jpg 100w\" sizes=\"auto, (max-width: 560px) 100vw, 560px\" \/><\/p>\n<p><strong>Contacte-nous et nous nous ferons un plaisir de te faire une proposition.<\/strong><\/p>\n<p>Nous adorons travailler avec des partenaires qui partagent notre passion pour l&rsquo;am\u00e9lioration des vies. Contacte-nous d\u00e8s aujourd&rsquo;hui \u00e0 l&rsquo;adresse<a href=\"mailto:support@waka-waka.com\">sales-support@waka-waka.com !<\/a> <\/p>\n","protected":false},"excerpt":{"rendered":"<p>VENTES AUX ENTREPRISES Montre \u00e0 tes clients ou \u00e0 tes employ\u00e9s un gage de ta reconnaissance tout en aidant quelqu&rsquo;un &#8230;<\/p>\n","protected":false},"author":6,"featured_media":44815,"parent":0,"menu_order":0,"comment_status":"closed","ping_status":"closed","template":"templates\/sectionsbuilder.php","meta":{"_acf_changed":false,"footnotes":""},"class_list":["post-34073","page","type-page","status-publish","has-post-thumbnail","hentry"],"acf":[],"yoast_head":"<!-- This site is optimized with the Yoast SEO plugin v27.4 - https:\/\/yoast.com\/product\/yoast-seo-wordpress\/ -->\n<title>B2B | WakaWaka\u00ae - Go Solar - Go Solar<\/title>\n<meta name=\"robots\" content=\"index, follow, max-snippet:-1, max-image-preview:large, max-video-preview:-1\" \/>\n<link rel=\"canonical\" href=\"https:\/\/waka-waka.com\/fr\/business\/\" \/>\n<meta property=\"og:locale\" content=\"fr_FR\" \/>\n<meta property=\"og:type\" content=\"article\" \/>\n<meta property=\"og:title\" content=\"B2B | WakaWaka\u00ae - Go Solar - Go Solar\" \/>\n<meta property=\"og:description\" content=\"VENTES AUX ENTREPRISES Montre \u00e0 tes clients ou \u00e0 tes employ\u00e9s un gage de ta reconnaissance tout en aidant quelqu&rsquo;un ...\" \/>\n<meta property=\"og:url\" content=\"https:\/\/waka-waka.com\/fr\/business\/\" \/>\n<meta property=\"og:site_name\" content=\"WakaWaka\u00ae - Go Solar\" \/>\n<meta property=\"article:modified_time\" content=\"2025-07-08T11:28:17+00:00\" \/>\n<meta property=\"og:image\" content=\"https:\/\/waka-waka.com\/wp-content\/uploads\/2025\/06\/waka-waka-power-20-charge-6.jpg\" \/>\n\t<meta property=\"og:image:width\" content=\"1500\" \/>\n\t<meta property=\"og:image:height\" content=\"1001\" \/>\n\t<meta property=\"og:image:type\" content=\"image\/jpeg\" \/>\n<meta name=\"twitter:card\" content=\"summary_large_image\" \/>\n<meta name=\"twitter:label1\" content=\"Dur\u00e9e de lecture estim\u00e9e\" \/>\n\t<meta name=\"twitter:data1\" content=\"1 minute\" \/>\n<script type=\"application\/ld+json\" class=\"yoast-schema-graph\">{\"@context\":\"https:\\\/\\\/schema.org\",\"@graph\":[{\"@type\":\"WebPage\",\"@id\":\"https:\\\/\\\/waka-waka.com\\\/fr\\\/business\\\/\",\"url\":\"https:\\\/\\\/waka-waka.com\\\/fr\\\/business\\\/\",\"name\":\"B2B | WakaWaka\u00ae - Go Solar - Go Solar\",\"isPartOf\":{\"@id\":\"https:\\\/\\\/waka-waka.com\\\/de\\\/#website\"},\"primaryImageOfPage\":{\"@id\":\"https:\\\/\\\/waka-waka.com\\\/fr\\\/business\\\/#primaryimage\"},\"image\":{\"@id\":\"https:\\\/\\\/waka-waka.com\\\/fr\\\/business\\\/#primaryimage\"},\"thumbnailUrl\":\"https:\\\/\\\/waka-waka.com\\\/wp-content\\\/uploads\\\/2025\\\/06\\\/waka-waka-power-20-charge-6.jpg\",\"datePublished\":\"2019-10-29T13:59:55+00:00\",\"dateModified\":\"2025-07-08T11:28:17+00:00\",\"breadcrumb\":{\"@id\":\"https:\\\/\\\/waka-waka.com\\\/fr\\\/business\\\/#breadcrumb\"},\"inLanguage\":\"fr-FR\",\"potentialAction\":[{\"@type\":\"ReadAction\",\"target\":[\"https:\\\/\\\/waka-waka.com\\\/fr\\\/business\\\/\"]}]},{\"@type\":\"ImageObject\",\"inLanguage\":\"fr-FR\",\"@id\":\"https:\\\/\\\/waka-waka.com\\\/fr\\\/business\\\/#primaryimage\",\"url\":\"https:\\\/\\\/waka-waka.com\\\/wp-content\\\/uploads\\\/2025\\\/06\\\/waka-waka-power-20-charge-6.jpg\",\"contentUrl\":\"https:\\\/\\\/waka-waka.com\\\/wp-content\\\/uploads\\\/2025\\\/06\\\/waka-waka-power-20-charge-6.jpg\",\"width\":1500,\"height\":1001},{\"@type\":\"BreadcrumbList\",\"@id\":\"https:\\\/\\\/waka-waka.com\\\/fr\\\/business\\\/#breadcrumb\",\"itemListElement\":[{\"@type\":\"ListItem\",\"position\":1,\"name\":\"Home\",\"item\":\"https:\\\/\\\/waka-waka.com\\\/fr\\\/\"},{\"@type\":\"ListItem\",\"position\":2,\"name\":\"B2B\"}]},{\"@type\":\"WebSite\",\"@id\":\"https:\\\/\\\/waka-waka.com\\\/de\\\/#website\",\"url\":\"https:\\\/\\\/waka-waka.com\\\/de\\\/\",\"name\":\"WakaWaka\u00ae - Go Solar\",\"description\":\"Go solar.\",\"publisher\":{\"@id\":\"https:\\\/\\\/waka-waka.com\\\/de\\\/#organization\"},\"potentialAction\":[{\"@type\":\"SearchAction\",\"target\":{\"@type\":\"EntryPoint\",\"urlTemplate\":\"https:\\\/\\\/waka-waka.com\\\/de\\\/search\\\/{search_term_string}\"},\"query-input\":{\"@type\":\"PropertyValueSpecification\",\"valueRequired\":true,\"valueName\":\"search_term_string\"}}],\"inLanguage\":\"fr-FR\"},{\"@type\":\"Organization\",\"@id\":\"https:\\\/\\\/waka-waka.com\\\/de\\\/#organization\",\"name\":\"WakaWaka\",\"url\":\"https:\\\/\\\/waka-waka.com\\\/de\\\/\",\"logo\":{\"@type\":\"ImageObject\",\"inLanguage\":\"fr-FR\",\"@id\":\"https:\\\/\\\/waka-waka.com\\\/de\\\/#\\\/schema\\\/logo\\\/image\\\/\",\"url\":\"https:\\\/\\\/waka-waka.com\\\/wp-content\\\/uploads\\\/2019\\\/10\\\/seo-logo.png\",\"contentUrl\":\"https:\\\/\\\/waka-waka.com\\\/wp-content\\\/uploads\\\/2019\\\/10\\\/seo-logo.png\",\"width\":484,\"height\":186,\"caption\":\"WakaWaka\"},\"image\":{\"@id\":\"https:\\\/\\\/waka-waka.com\\\/de\\\/#\\\/schema\\\/logo\\\/image\\\/\"}}]}<\/script>\n<!-- \/ Yoast SEO plugin. -->","yoast_head_json":{"title":"B2B | WakaWaka\u00ae - Go Solar - Go Solar","robots":{"index":"index","follow":"follow","max-snippet":"max-snippet:-1","max-image-preview":"max-image-preview:large","max-video-preview":"max-video-preview:-1"},"canonical":"https:\/\/waka-waka.com\/fr\/business\/","og_locale":"fr_FR","og_type":"article","og_title":"B2B | WakaWaka\u00ae - Go Solar - Go Solar","og_description":"VENTES AUX ENTREPRISES Montre \u00e0 tes clients ou \u00e0 tes employ\u00e9s un gage de ta reconnaissance tout en aidant quelqu&rsquo;un ...","og_url":"https:\/\/waka-waka.com\/fr\/business\/","og_site_name":"WakaWaka\u00ae - Go Solar","article_modified_time":"2025-07-08T11:28:17+00:00","og_image":[{"width":1500,"height":1001,"url":"https:\/\/waka-waka.com\/wp-content\/uploads\/2025\/06\/waka-waka-power-20-charge-6.jpg","type":"image\/jpeg"}],"twitter_card":"summary_large_image","twitter_misc":{"Dur\u00e9e de lecture estim\u00e9e":"1 minute"},"schema":{"@context":"https:\/\/schema.org","@graph":[{"@type":"WebPage","@id":"https:\/\/waka-waka.com\/fr\/business\/","url":"https:\/\/waka-waka.com\/fr\/business\/","name":"B2B | WakaWaka\u00ae - Go Solar - Go Solar","isPartOf":{"@id":"https:\/\/waka-waka.com\/de\/#website"},"primaryImageOfPage":{"@id":"https:\/\/waka-waka.com\/fr\/business\/#primaryimage"},"image":{"@id":"https:\/\/waka-waka.com\/fr\/business\/#primaryimage"},"thumbnailUrl":"https:\/\/waka-waka.com\/wp-content\/uploads\/2025\/06\/waka-waka-power-20-charge-6.jpg","datePublished":"2019-10-29T13:59:55+00:00","dateModified":"2025-07-08T11:28:17+00:00","breadcrumb":{"@id":"https:\/\/waka-waka.com\/fr\/business\/#breadcrumb"},"inLanguage":"fr-FR","potentialAction":[{"@type":"ReadAction","target":["https:\/\/waka-waka.com\/fr\/business\/"]}]},{"@type":"ImageObject","inLanguage":"fr-FR","@id":"https:\/\/waka-waka.com\/fr\/business\/#primaryimage","url":"https:\/\/waka-waka.com\/wp-content\/uploads\/2025\/06\/waka-waka-power-20-charge-6.jpg","contentUrl":"https:\/\/waka-waka.com\/wp-content\/uploads\/2025\/06\/waka-waka-power-20-charge-6.jpg","width":1500,"height":1001},{"@type":"BreadcrumbList","@id":"https:\/\/waka-waka.com\/fr\/business\/#breadcrumb","itemListElement":[{"@type":"ListItem","position":1,"name":"Home","item":"https:\/\/waka-waka.com\/fr\/"},{"@type":"ListItem","position":2,"name":"B2B"}]},{"@type":"WebSite","@id":"https:\/\/waka-waka.com\/de\/#website","url":"https:\/\/waka-waka.com\/de\/","name":"WakaWaka\u00ae - Go Solar","description":"Go solar.","publisher":{"@id":"https:\/\/waka-waka.com\/de\/#organization"},"potentialAction":[{"@type":"SearchAction","target":{"@type":"EntryPoint","urlTemplate":"https:\/\/waka-waka.com\/de\/search\/{search_term_string}"},"query-input":{"@type":"PropertyValueSpecification","valueRequired":true,"valueName":"search_term_string"}}],"inLanguage":"fr-FR"},{"@type":"Organization","@id":"https:\/\/waka-waka.com\/de\/#organization","name":"WakaWaka","url":"https:\/\/waka-waka.com\/de\/","logo":{"@type":"ImageObject","inLanguage":"fr-FR","@id":"https:\/\/waka-waka.com\/de\/#\/schema\/logo\/image\/","url":"https:\/\/waka-waka.com\/wp-content\/uploads\/2019\/10\/seo-logo.png","contentUrl":"https:\/\/waka-waka.com\/wp-content\/uploads\/2019\/10\/seo-logo.png","width":484,"height":186,"caption":"WakaWaka"},"image":{"@id":"https:\/\/waka-waka.com\/de\/#\/schema\/logo\/image\/"}}]}},"_links":{"self":[{"href":"https:\/\/waka-waka.com\/fr\/wp-json\/wp\/v2\/pages\/34073","targetHints":{"allow":["GET"]}}],"collection":[{"href":"https:\/\/waka-waka.com\/fr\/wp-json\/wp\/v2\/pages"}],"about":[{"href":"https:\/\/waka-waka.com\/fr\/wp-json\/wp\/v2\/types\/page"}],"author":[{"embeddable":true,"href":"https:\/\/waka-waka.com\/fr\/wp-json\/wp\/v2\/users\/6"}],"replies":[{"embeddable":true,"href":"https:\/\/waka-waka.com\/fr\/wp-json\/wp\/v2\/comments?post=34073"}],"version-history":[{"count":12,"href":"https:\/\/waka-waka.com\/fr\/wp-json\/wp\/v2\/pages\/34073\/revisions"}],"predecessor-version":[{"id":45492,"href":"https:\/\/waka-waka.com\/fr\/wp-json\/wp\/v2\/pages\/34073\/revisions\/45492"}],"wp:featuredmedia":[{"embeddable":true,"href":"https:\/\/waka-waka.com\/fr\/wp-json\/wp\/v2\/media\/44815"}],"wp:attachment":[{"href":"https:\/\/waka-waka.com\/fr\/wp-json\/wp\/v2\/media?parent=34073"}],"curies":[{"name":"wp","href":"https:\/\/api.w.org\/{rel}","templated":true}]}}