{"id":32841,"date":"2019-08-13T08:45:34","date_gmt":"2019-08-13T08:45:34","guid":{"rendered":"https:\/\/waka-waka.com\/our-mission\/"},"modified":"2025-07-07T13:15:16","modified_gmt":"2025-07-07T13:15:16","slug":"notre-mission","status":"publish","type":"page","link":"https:\/\/waka-waka.com\/fr\/notre-mission\/","title":{"rendered":"La mission de WakaWaka est de :"},"content":{"rendered":"<p><strong>N&rsquo;est-il pas temps que tout le monde partage les m\u00eames droits humains fondamentaux ?<\/strong><\/p>\n<p>Nous consid\u00e9rons l&rsquo;acc\u00e8s \u00e0 l&rsquo;\u00e9nergie durable comme un droit humain fondamental. Pas un luxe. Pas une chose agr\u00e9able \u00e0 avoir. Ce n&rsquo;est pas quelque chose pour l&rsquo;avenir, c&rsquo;est quelque chose pour maintenant. Une condition pr\u00e9alable au d\u00e9veloppement. Parce que l&rsquo;acc\u00e8s \u00e0 la lumi\u00e8re et \u00e0 l&rsquo;\u00e9nergie \u00e9lectrique signifie l&rsquo;acc\u00e8s \u00e0 l&rsquo;\u00e9ducation, \u00e0 la communication, aux opportunit\u00e9s g\u00e9n\u00e9ratrices de revenus, \u00e0 la confiance en soi, \u00e0 un avenir meilleur.     <\/p>\n<p>Le soleil est la plus grande ressource \u00e9nerg\u00e9tique naturelle au monde. Elle est abondante, durable et disponible partout. C&rsquo;est la solution pour tous ceux qui ont besoin d&rsquo;\u00e9nergie mais n&rsquo;ont pas acc\u00e8s \u00e0 l&rsquo;\u00e9lectricit\u00e9. Alors utilisons-le.   <\/p>\n<p>Gr\u00e2ce aux achats des consommateurs et aux dons des partenaires, WakaWaka aide tout le monde \u00e0 profiter du soleil. Des aventuriers en plein air et des festivaliers aux survivants des tremblements de terre et aux \u00e9coles rurales isol\u00e9es, ils peuvent tous profiter des produits solaires et de l&rsquo;\u00e9nergie solaire avec la m\u00eame qualit\u00e9 WakaWaka. <\/p>\n<p><a class=\"button\" href=\"https:\/\/waka-waka.com\/fr\/projets\/\">Notre impact<\/a><\/p>\n","protected":false},"excerpt":{"rendered":"<p>N&rsquo;est-il pas temps que tout le monde partage les m\u00eames droits humains fondamentaux ? Nous consid\u00e9rons l&rsquo;acc\u00e8s \u00e0 l&rsquo;\u00e9nergie durable &#8230;<\/p>\n","protected":false},"author":1,"featured_media":32843,"parent":0,"menu_order":0,"comment_status":"closed","ping_status":"closed","template":"templates\/sectionsbuilder.php","meta":{"_acf_changed":false,"footnotes":""},"class_list":["post-32841","page","type-page","status-publish","has-post-thumbnail","hentry"],"acf":[],"yoast_head":"<!-- This site is optimized with the Yoast SEO plugin v27.3 - https:\/\/yoast.com\/product\/yoast-seo-wordpress\/ -->\n<title>La mission de WakaWaka est de : | WakaWaka\u00ae - Go Solar - Go Solar<\/title>\n<meta name=\"robots\" content=\"index, follow, max-snippet:-1, max-image-preview:large, max-video-preview:-1\" \/>\n<link rel=\"canonical\" href=\"https:\/\/waka-waka.com\/fr\/notre-mission\/\" \/>\n<meta property=\"og:locale\" content=\"fr_FR\" \/>\n<meta property=\"og:type\" content=\"article\" \/>\n<meta property=\"og:title\" content=\"La mission de WakaWaka est de : | WakaWaka\u00ae - Go Solar - Go Solar\" \/>\n<meta property=\"og:description\" content=\"N&rsquo;est-il pas temps que tout le monde partage les m\u00eames droits humains fondamentaux ? Nous consid\u00e9rons l&rsquo;acc\u00e8s \u00e0 l&rsquo;\u00e9nergie durable ...\" \/>\n<meta property=\"og:url\" content=\"https:\/\/waka-waka.com\/fr\/notre-mission\/\" \/>\n<meta property=\"og:site_name\" content=\"WakaWaka\u00ae - Go Solar\" \/>\n<meta property=\"article:modified_time\" content=\"2025-07-07T13:15:16+00:00\" \/>\n<meta property=\"og:image\" content=\"https:\/\/waka-waka.com\/wp-content\/uploads\/2019\/08\/our-mission-our-impact.jpg\" \/>\n\t<meta property=\"og:image:width\" content=\"1600\" \/>\n\t<meta property=\"og:image:height\" content=\"850\" \/>\n\t<meta property=\"og:image:type\" content=\"image\/jpeg\" \/>\n<meta name=\"twitter:card\" content=\"summary_large_image\" \/>\n<meta name=\"twitter:label1\" content=\"Dur\u00e9e de lecture estim\u00e9e\" \/>\n\t<meta name=\"twitter:data1\" content=\"1 minute\" \/>\n<script type=\"application\/ld+json\" class=\"yoast-schema-graph\">{\"@context\":\"https:\\\/\\\/schema.org\",\"@graph\":[{\"@type\":\"WebPage\",\"@id\":\"https:\\\/\\\/waka-waka.com\\\/fr\\\/notre-mission\\\/\",\"url\":\"https:\\\/\\\/waka-waka.com\\\/fr\\\/notre-mission\\\/\",\"name\":\"La mission de WakaWaka est de : | WakaWaka\u00ae - Go Solar - Go Solar\",\"isPartOf\":{\"@id\":\"https:\\\/\\\/waka-waka.com\\\/de\\\/#website\"},\"primaryImageOfPage\":{\"@id\":\"https:\\\/\\\/waka-waka.com\\\/fr\\\/notre-mission\\\/#primaryimage\"},\"image\":{\"@id\":\"https:\\\/\\\/waka-waka.com\\\/fr\\\/notre-mission\\\/#primaryimage\"},\"thumbnailUrl\":\"https:\\\/\\\/waka-waka.com\\\/wp-content\\\/uploads\\\/2019\\\/08\\\/our-mission-our-impact.jpg\",\"datePublished\":\"2019-08-13T08:45:34+00:00\",\"dateModified\":\"2025-07-07T13:15:16+00:00\",\"breadcrumb\":{\"@id\":\"https:\\\/\\\/waka-waka.com\\\/fr\\\/notre-mission\\\/#breadcrumb\"},\"inLanguage\":\"fr-FR\",\"potentialAction\":[{\"@type\":\"ReadAction\",\"target\":[\"https:\\\/\\\/waka-waka.com\\\/fr\\\/notre-mission\\\/\"]}]},{\"@type\":\"ImageObject\",\"inLanguage\":\"fr-FR\",\"@id\":\"https:\\\/\\\/waka-waka.com\\\/fr\\\/notre-mission\\\/#primaryimage\",\"url\":\"https:\\\/\\\/waka-waka.com\\\/wp-content\\\/uploads\\\/2019\\\/08\\\/our-mission-our-impact.jpg\",\"contentUrl\":\"https:\\\/\\\/waka-waka.com\\\/wp-content\\\/uploads\\\/2019\\\/08\\\/our-mission-our-impact.jpg\",\"width\":1600,\"height\":850},{\"@type\":\"BreadcrumbList\",\"@id\":\"https:\\\/\\\/waka-waka.com\\\/fr\\\/notre-mission\\\/#breadcrumb\",\"itemListElement\":[{\"@type\":\"ListItem\",\"position\":1,\"name\":\"Home\",\"item\":\"https:\\\/\\\/waka-waka.com\\\/fr\\\/\"},{\"@type\":\"ListItem\",\"position\":2,\"name\":\"La mission de WakaWaka est de :\"}]},{\"@type\":\"WebSite\",\"@id\":\"https:\\\/\\\/waka-waka.com\\\/de\\\/#website\",\"url\":\"https:\\\/\\\/waka-waka.com\\\/de\\\/\",\"name\":\"WakaWaka\u00ae - Go Solar\",\"description\":\"Go solar.\",\"publisher\":{\"@id\":\"https:\\\/\\\/waka-waka.com\\\/de\\\/#organization\"},\"potentialAction\":[{\"@type\":\"SearchAction\",\"target\":{\"@type\":\"EntryPoint\",\"urlTemplate\":\"https:\\\/\\\/waka-waka.com\\\/de\\\/search\\\/{search_term_string}\"},\"query-input\":{\"@type\":\"PropertyValueSpecification\",\"valueRequired\":true,\"valueName\":\"search_term_string\"}}],\"inLanguage\":\"fr-FR\"},{\"@type\":\"Organization\",\"@id\":\"https:\\\/\\\/waka-waka.com\\\/de\\\/#organization\",\"name\":\"WakaWaka\",\"url\":\"https:\\\/\\\/waka-waka.com\\\/de\\\/\",\"logo\":{\"@type\":\"ImageObject\",\"inLanguage\":\"fr-FR\",\"@id\":\"https:\\\/\\\/waka-waka.com\\\/de\\\/#\\\/schema\\\/logo\\\/image\\\/\",\"url\":\"https:\\\/\\\/waka-waka.com\\\/wp-content\\\/uploads\\\/2019\\\/10\\\/seo-logo.png\",\"contentUrl\":\"https:\\\/\\\/waka-waka.com\\\/wp-content\\\/uploads\\\/2019\\\/10\\\/seo-logo.png\",\"width\":484,\"height\":186,\"caption\":\"WakaWaka\"},\"image\":{\"@id\":\"https:\\\/\\\/waka-waka.com\\\/de\\\/#\\\/schema\\\/logo\\\/image\\\/\"}}]}<\/script>\n<!-- \/ Yoast SEO plugin. -->","yoast_head_json":{"title":"La mission de WakaWaka est de : | WakaWaka\u00ae - Go Solar - Go Solar","robots":{"index":"index","follow":"follow","max-snippet":"max-snippet:-1","max-image-preview":"max-image-preview:large","max-video-preview":"max-video-preview:-1"},"canonical":"https:\/\/waka-waka.com\/fr\/notre-mission\/","og_locale":"fr_FR","og_type":"article","og_title":"La mission de WakaWaka est de : | WakaWaka\u00ae - Go Solar - Go Solar","og_description":"N&rsquo;est-il pas temps que tout le monde partage les m\u00eames droits humains fondamentaux ? Nous consid\u00e9rons l&rsquo;acc\u00e8s \u00e0 l&rsquo;\u00e9nergie durable ...","og_url":"https:\/\/waka-waka.com\/fr\/notre-mission\/","og_site_name":"WakaWaka\u00ae - Go Solar","article_modified_time":"2025-07-07T13:15:16+00:00","og_image":[{"width":1600,"height":850,"url":"https:\/\/waka-waka.com\/wp-content\/uploads\/2019\/08\/our-mission-our-impact.jpg","type":"image\/jpeg"}],"twitter_card":"summary_large_image","twitter_misc":{"Dur\u00e9e de lecture estim\u00e9e":"1 minute"},"schema":{"@context":"https:\/\/schema.org","@graph":[{"@type":"WebPage","@id":"https:\/\/waka-waka.com\/fr\/notre-mission\/","url":"https:\/\/waka-waka.com\/fr\/notre-mission\/","name":"La mission de WakaWaka est de : | WakaWaka\u00ae - Go Solar - Go Solar","isPartOf":{"@id":"https:\/\/waka-waka.com\/de\/#website"},"primaryImageOfPage":{"@id":"https:\/\/waka-waka.com\/fr\/notre-mission\/#primaryimage"},"image":{"@id":"https:\/\/waka-waka.com\/fr\/notre-mission\/#primaryimage"},"thumbnailUrl":"https:\/\/waka-waka.com\/wp-content\/uploads\/2019\/08\/our-mission-our-impact.jpg","datePublished":"2019-08-13T08:45:34+00:00","dateModified":"2025-07-07T13:15:16+00:00","breadcrumb":{"@id":"https:\/\/waka-waka.com\/fr\/notre-mission\/#breadcrumb"},"inLanguage":"fr-FR","potentialAction":[{"@type":"ReadAction","target":["https:\/\/waka-waka.com\/fr\/notre-mission\/"]}]},{"@type":"ImageObject","inLanguage":"fr-FR","@id":"https:\/\/waka-waka.com\/fr\/notre-mission\/#primaryimage","url":"https:\/\/waka-waka.com\/wp-content\/uploads\/2019\/08\/our-mission-our-impact.jpg","contentUrl":"https:\/\/waka-waka.com\/wp-content\/uploads\/2019\/08\/our-mission-our-impact.jpg","width":1600,"height":850},{"@type":"BreadcrumbList","@id":"https:\/\/waka-waka.com\/fr\/notre-mission\/#breadcrumb","itemListElement":[{"@type":"ListItem","position":1,"name":"Home","item":"https:\/\/waka-waka.com\/fr\/"},{"@type":"ListItem","position":2,"name":"La mission de WakaWaka est de :"}]},{"@type":"WebSite","@id":"https:\/\/waka-waka.com\/de\/#website","url":"https:\/\/waka-waka.com\/de\/","name":"WakaWaka\u00ae - Go Solar","description":"Go solar.","publisher":{"@id":"https:\/\/waka-waka.com\/de\/#organization"},"potentialAction":[{"@type":"SearchAction","target":{"@type":"EntryPoint","urlTemplate":"https:\/\/waka-waka.com\/de\/search\/{search_term_string}"},"query-input":{"@type":"PropertyValueSpecification","valueRequired":true,"valueName":"search_term_string"}}],"inLanguage":"fr-FR"},{"@type":"Organization","@id":"https:\/\/waka-waka.com\/de\/#organization","name":"WakaWaka","url":"https:\/\/waka-waka.com\/de\/","logo":{"@type":"ImageObject","inLanguage":"fr-FR","@id":"https:\/\/waka-waka.com\/de\/#\/schema\/logo\/image\/","url":"https:\/\/waka-waka.com\/wp-content\/uploads\/2019\/10\/seo-logo.png","contentUrl":"https:\/\/waka-waka.com\/wp-content\/uploads\/2019\/10\/seo-logo.png","width":484,"height":186,"caption":"WakaWaka"},"image":{"@id":"https:\/\/waka-waka.com\/de\/#\/schema\/logo\/image\/"}}]}},"_links":{"self":[{"href":"https:\/\/waka-waka.com\/fr\/wp-json\/wp\/v2\/pages\/32841","targetHints":{"allow":["GET"]}}],"collection":[{"href":"https:\/\/waka-waka.com\/fr\/wp-json\/wp\/v2\/pages"}],"about":[{"href":"https:\/\/waka-waka.com\/fr\/wp-json\/wp\/v2\/types\/page"}],"author":[{"embeddable":true,"href":"https:\/\/waka-waka.com\/fr\/wp-json\/wp\/v2\/users\/1"}],"replies":[{"embeddable":true,"href":"https:\/\/waka-waka.com\/fr\/wp-json\/wp\/v2\/comments?post=32841"}],"version-history":[{"count":1,"href":"https:\/\/waka-waka.com\/fr\/wp-json\/wp\/v2\/pages\/32841\/revisions"}],"predecessor-version":[{"id":45259,"href":"https:\/\/waka-waka.com\/fr\/wp-json\/wp\/v2\/pages\/32841\/revisions\/45259"}],"wp:featuredmedia":[{"embeddable":true,"href":"https:\/\/waka-waka.com\/fr\/wp-json\/wp\/v2\/media\/32843"}],"wp:attachment":[{"href":"https:\/\/waka-waka.com\/fr\/wp-json\/wp\/v2\/media?parent=32841"}],"curies":[{"name":"wp","href":"https:\/\/api.w.org\/{rel}","templated":true}]}}