{"id":32838,"date":"2019-08-13T08:46:42","date_gmt":"2019-08-13T08:46:42","guid":{"rendered":"https:\/\/waka-waka.com\/foundation\/"},"modified":"2025-07-07T13:13:03","modified_gmt":"2025-07-07T13:13:03","slug":"foundation","status":"publish","type":"page","link":"https:\/\/waka-waka.com\/fr\/foundation\/","title":{"rendered":"La Fondation WakaWaka"},"content":{"rendered":"<p>Nous fournissons de l&rsquo;\u00e9nergie solaire s\u00fbre et durable aux personnes qui n&rsquo;ont pas acc\u00e8s \u00e0 l&rsquo;\u00e9lectricit\u00e9 &#8211; en particulier dans les zones recul\u00e9es, les pays \u00e0 faible revenu ou les situations de crise. Notre mission est d&rsquo;apporter de la lumi\u00e8re et de l&rsquo;\u00e9nergie \u00e0 ceux qui en ont le plus besoin. <\/p>\n","protected":false},"excerpt":{"rendered":"<p>Nous fournissons de l&rsquo;\u00e9nergie solaire s\u00fbre et durable aux personnes qui n&rsquo;ont pas acc\u00e8s \u00e0 l&rsquo;\u00e9lectricit\u00e9 &#8211; en particulier dans &#8230;<\/p>\n","protected":false},"author":1,"featured_media":32840,"parent":0,"menu_order":0,"comment_status":"closed","ping_status":"closed","template":"templates\/foundation.php","meta":{"_acf_changed":false,"footnotes":""},"class_list":["post-32838","page","type-page","status-publish","has-post-thumbnail","hentry"],"acf":[],"yoast_head":"<!-- This site is optimized with the Yoast SEO plugin v27.4 - https:\/\/yoast.com\/product\/yoast-seo-wordpress\/ -->\n<title>La Fondation WakaWaka | WakaWaka\u00ae - Go Solar - Partage le soleil<\/title>\n<meta name=\"robots\" content=\"index, follow, max-snippet:-1, max-image-preview:large, max-video-preview:-1\" \/>\n<link rel=\"canonical\" href=\"https:\/\/waka-waka.com\/fr\/foundation\/\" \/>\n<meta property=\"og:locale\" content=\"fr_FR\" \/>\n<meta property=\"og:type\" content=\"article\" \/>\n<meta property=\"og:title\" content=\"La Fondation WakaWaka | WakaWaka\u00ae - Go Solar - Partage le soleil\" \/>\n<meta property=\"og:description\" content=\"Nous fournissons de l&rsquo;\u00e9nergie solaire s\u00fbre et durable aux personnes qui n&rsquo;ont pas acc\u00e8s \u00e0 l&rsquo;\u00e9lectricit\u00e9 &#8211; en particulier dans ...\" \/>\n<meta property=\"og:url\" content=\"https:\/\/waka-waka.com\/fr\/foundation\/\" \/>\n<meta property=\"og:site_name\" content=\"WakaWaka\u00ae - Go Solar\" \/>\n<meta property=\"article:modified_time\" content=\"2025-07-07T13:13:03+00:00\" \/>\n<meta property=\"og:image\" content=\"https:\/\/waka-waka.com\/wp-content\/uploads\/2019\/08\/foundation-header.jpg\" \/>\n\t<meta property=\"og:image:width\" content=\"1600\" \/>\n\t<meta property=\"og:image:height\" content=\"700\" \/>\n\t<meta property=\"og:image:type\" content=\"image\/jpeg\" \/>\n<meta name=\"twitter:card\" content=\"summary_large_image\" \/>\n<meta name=\"twitter:label1\" content=\"Dur\u00e9e de lecture estim\u00e9e\" \/>\n\t<meta name=\"twitter:data1\" content=\"1 minute\" \/>\n<script type=\"application\/ld+json\" class=\"yoast-schema-graph\">{\"@context\":\"https:\\\/\\\/schema.org\",\"@graph\":[{\"@type\":\"WebPage\",\"@id\":\"https:\\\/\\\/waka-waka.com\\\/fr\\\/foundation\\\/\",\"url\":\"https:\\\/\\\/waka-waka.com\\\/fr\\\/foundation\\\/\",\"name\":\"La Fondation WakaWaka | WakaWaka\u00ae - Go Solar - Partage le soleil\",\"isPartOf\":{\"@id\":\"https:\\\/\\\/waka-waka.com\\\/de\\\/#website\"},\"primaryImageOfPage\":{\"@id\":\"https:\\\/\\\/waka-waka.com\\\/fr\\\/foundation\\\/#primaryimage\"},\"image\":{\"@id\":\"https:\\\/\\\/waka-waka.com\\\/fr\\\/foundation\\\/#primaryimage\"},\"thumbnailUrl\":\"https:\\\/\\\/waka-waka.com\\\/wp-content\\\/uploads\\\/2019\\\/08\\\/foundation-header.jpg\",\"datePublished\":\"2019-08-13T08:46:42+00:00\",\"dateModified\":\"2025-07-07T13:13:03+00:00\",\"breadcrumb\":{\"@id\":\"https:\\\/\\\/waka-waka.com\\\/fr\\\/foundation\\\/#breadcrumb\"},\"inLanguage\":\"fr-FR\",\"potentialAction\":[{\"@type\":\"ReadAction\",\"target\":[\"https:\\\/\\\/waka-waka.com\\\/fr\\\/foundation\\\/\"]}]},{\"@type\":\"ImageObject\",\"inLanguage\":\"fr-FR\",\"@id\":\"https:\\\/\\\/waka-waka.com\\\/fr\\\/foundation\\\/#primaryimage\",\"url\":\"https:\\\/\\\/waka-waka.com\\\/wp-content\\\/uploads\\\/2019\\\/08\\\/foundation-header.jpg\",\"contentUrl\":\"https:\\\/\\\/waka-waka.com\\\/wp-content\\\/uploads\\\/2019\\\/08\\\/foundation-header.jpg\",\"width\":1600,\"height\":700,\"caption\":\"With 10 euros we can cover the costs of production and distribution of one solar light to someone in need.\"},{\"@type\":\"BreadcrumbList\",\"@id\":\"https:\\\/\\\/waka-waka.com\\\/fr\\\/foundation\\\/#breadcrumb\",\"itemListElement\":[{\"@type\":\"ListItem\",\"position\":1,\"name\":\"Home\",\"item\":\"https:\\\/\\\/waka-waka.com\\\/fr\\\/\"},{\"@type\":\"ListItem\",\"position\":2,\"name\":\"La Fondation WakaWaka\"}]},{\"@type\":\"WebSite\",\"@id\":\"https:\\\/\\\/waka-waka.com\\\/de\\\/#website\",\"url\":\"https:\\\/\\\/waka-waka.com\\\/de\\\/\",\"name\":\"WakaWaka\u00ae - Go Solar\",\"description\":\"Go solar.\",\"publisher\":{\"@id\":\"https:\\\/\\\/waka-waka.com\\\/de\\\/#organization\"},\"potentialAction\":[{\"@type\":\"SearchAction\",\"target\":{\"@type\":\"EntryPoint\",\"urlTemplate\":\"https:\\\/\\\/waka-waka.com\\\/de\\\/search\\\/{search_term_string}\"},\"query-input\":{\"@type\":\"PropertyValueSpecification\",\"valueRequired\":true,\"valueName\":\"search_term_string\"}}],\"inLanguage\":\"fr-FR\"},{\"@type\":\"Organization\",\"@id\":\"https:\\\/\\\/waka-waka.com\\\/de\\\/#organization\",\"name\":\"WakaWaka\",\"url\":\"https:\\\/\\\/waka-waka.com\\\/de\\\/\",\"logo\":{\"@type\":\"ImageObject\",\"inLanguage\":\"fr-FR\",\"@id\":\"https:\\\/\\\/waka-waka.com\\\/de\\\/#\\\/schema\\\/logo\\\/image\\\/\",\"url\":\"https:\\\/\\\/waka-waka.com\\\/wp-content\\\/uploads\\\/2019\\\/10\\\/seo-logo.png\",\"contentUrl\":\"https:\\\/\\\/waka-waka.com\\\/wp-content\\\/uploads\\\/2019\\\/10\\\/seo-logo.png\",\"width\":484,\"height\":186,\"caption\":\"WakaWaka\"},\"image\":{\"@id\":\"https:\\\/\\\/waka-waka.com\\\/de\\\/#\\\/schema\\\/logo\\\/image\\\/\"}}]}<\/script>\n<!-- \/ Yoast SEO plugin. -->","yoast_head_json":{"title":"La Fondation WakaWaka | WakaWaka\u00ae - Go Solar - Partage le soleil","robots":{"index":"index","follow":"follow","max-snippet":"max-snippet:-1","max-image-preview":"max-image-preview:large","max-video-preview":"max-video-preview:-1"},"canonical":"https:\/\/waka-waka.com\/fr\/foundation\/","og_locale":"fr_FR","og_type":"article","og_title":"La Fondation WakaWaka | WakaWaka\u00ae - Go Solar - Partage le soleil","og_description":"Nous fournissons de l&rsquo;\u00e9nergie solaire s\u00fbre et durable aux personnes qui n&rsquo;ont pas acc\u00e8s \u00e0 l&rsquo;\u00e9lectricit\u00e9 &#8211; en particulier dans ...","og_url":"https:\/\/waka-waka.com\/fr\/foundation\/","og_site_name":"WakaWaka\u00ae - Go Solar","article_modified_time":"2025-07-07T13:13:03+00:00","og_image":[{"width":1600,"height":700,"url":"https:\/\/waka-waka.com\/wp-content\/uploads\/2019\/08\/foundation-header.jpg","type":"image\/jpeg"}],"twitter_card":"summary_large_image","twitter_misc":{"Dur\u00e9e de lecture estim\u00e9e":"1 minute"},"schema":{"@context":"https:\/\/schema.org","@graph":[{"@type":"WebPage","@id":"https:\/\/waka-waka.com\/fr\/foundation\/","url":"https:\/\/waka-waka.com\/fr\/foundation\/","name":"La Fondation WakaWaka | WakaWaka\u00ae - Go Solar - Partage le soleil","isPartOf":{"@id":"https:\/\/waka-waka.com\/de\/#website"},"primaryImageOfPage":{"@id":"https:\/\/waka-waka.com\/fr\/foundation\/#primaryimage"},"image":{"@id":"https:\/\/waka-waka.com\/fr\/foundation\/#primaryimage"},"thumbnailUrl":"https:\/\/waka-waka.com\/wp-content\/uploads\/2019\/08\/foundation-header.jpg","datePublished":"2019-08-13T08:46:42+00:00","dateModified":"2025-07-07T13:13:03+00:00","breadcrumb":{"@id":"https:\/\/waka-waka.com\/fr\/foundation\/#breadcrumb"},"inLanguage":"fr-FR","potentialAction":[{"@type":"ReadAction","target":["https:\/\/waka-waka.com\/fr\/foundation\/"]}]},{"@type":"ImageObject","inLanguage":"fr-FR","@id":"https:\/\/waka-waka.com\/fr\/foundation\/#primaryimage","url":"https:\/\/waka-waka.com\/wp-content\/uploads\/2019\/08\/foundation-header.jpg","contentUrl":"https:\/\/waka-waka.com\/wp-content\/uploads\/2019\/08\/foundation-header.jpg","width":1600,"height":700,"caption":"With 10 euros we can cover the costs of production and distribution of one solar light to someone in need."},{"@type":"BreadcrumbList","@id":"https:\/\/waka-waka.com\/fr\/foundation\/#breadcrumb","itemListElement":[{"@type":"ListItem","position":1,"name":"Home","item":"https:\/\/waka-waka.com\/fr\/"},{"@type":"ListItem","position":2,"name":"La Fondation WakaWaka"}]},{"@type":"WebSite","@id":"https:\/\/waka-waka.com\/de\/#website","url":"https:\/\/waka-waka.com\/de\/","name":"WakaWaka\u00ae - Go Solar","description":"Go solar.","publisher":{"@id":"https:\/\/waka-waka.com\/de\/#organization"},"potentialAction":[{"@type":"SearchAction","target":{"@type":"EntryPoint","urlTemplate":"https:\/\/waka-waka.com\/de\/search\/{search_term_string}"},"query-input":{"@type":"PropertyValueSpecification","valueRequired":true,"valueName":"search_term_string"}}],"inLanguage":"fr-FR"},{"@type":"Organization","@id":"https:\/\/waka-waka.com\/de\/#organization","name":"WakaWaka","url":"https:\/\/waka-waka.com\/de\/","logo":{"@type":"ImageObject","inLanguage":"fr-FR","@id":"https:\/\/waka-waka.com\/de\/#\/schema\/logo\/image\/","url":"https:\/\/waka-waka.com\/wp-content\/uploads\/2019\/10\/seo-logo.png","contentUrl":"https:\/\/waka-waka.com\/wp-content\/uploads\/2019\/10\/seo-logo.png","width":484,"height":186,"caption":"WakaWaka"},"image":{"@id":"https:\/\/waka-waka.com\/de\/#\/schema\/logo\/image\/"}}]}},"_links":{"self":[{"href":"https:\/\/waka-waka.com\/fr\/wp-json\/wp\/v2\/pages\/32838","targetHints":{"allow":["GET"]}}],"collection":[{"href":"https:\/\/waka-waka.com\/fr\/wp-json\/wp\/v2\/pages"}],"about":[{"href":"https:\/\/waka-waka.com\/fr\/wp-json\/wp\/v2\/types\/page"}],"author":[{"embeddable":true,"href":"https:\/\/waka-waka.com\/fr\/wp-json\/wp\/v2\/users\/1"}],"replies":[{"embeddable":true,"href":"https:\/\/waka-waka.com\/fr\/wp-json\/wp\/v2\/comments?post=32838"}],"version-history":[{"count":1,"href":"https:\/\/waka-waka.com\/fr\/wp-json\/wp\/v2\/pages\/32838\/revisions"}],"predecessor-version":[{"id":45254,"href":"https:\/\/waka-waka.com\/fr\/wp-json\/wp\/v2\/pages\/32838\/revisions\/45254"}],"wp:featuredmedia":[{"embeddable":true,"href":"https:\/\/waka-waka.com\/fr\/wp-json\/wp\/v2\/media\/32840"}],"wp:attachment":[{"href":"https:\/\/waka-waka.com\/fr\/wp-json\/wp\/v2\/media?parent=32838"}],"curies":[{"name":"wp","href":"https:\/\/api.w.org\/{rel}","templated":true}]}}