{"id":32836,"date":"2019-08-13T11:45:53","date_gmt":"2019-08-13T11:45:53","guid":{"rendered":"https:\/\/waka-waka.com\/return-policy\/"},"modified":"2025-07-07T13:10:14","modified_gmt":"2025-07-07T13:10:14","slug":"return-policy","status":"publish","type":"page","link":"https:\/\/waka-waka.com\/fr\/return-policy\/","title":{"rendered":"Politique de retour"},"content":{"rendered":"<h3>Retour et remboursement<\/h3>\n<p><strong>WakaWaka accepte les produits \u00e0 l&rsquo;\u00e9tat neuf et dans leur emballage d&rsquo;origine, dans les 14 jours suivant la date d&rsquo;achat.<\/strong><\/p>\n<p>Ceci s&rsquo;applique exclusivement aux produits achet\u00e9s sur waka-waka.com. Pour tous les autres achats, contacte directement le d\u00e9taillant\/distributeur aupr\u00e8s duquel tu as effectu\u00e9 ton achat et suis sa politique de retour. <\/p>\n<p>Pour retourner ton produit, contacte notre service client\u00e8le \u00e0 <a href=\"mailto:support@waka-waka.com\">support@waka-waka.com<\/a>.<\/p>\n<p>Nous traiterons ta demande et te rembourserons le montant total que tu as pay\u00e9 pour le(s) produit(s) que tu retournes. Une fois que nous aurons re\u00e7u le(s) article(s), tu dois compter jusqu&rsquo;\u00e0 14 jours pour que le retour soit trait\u00e9. <\/p>\n<p>&nbsp;<\/p>\n<h3>R\u00e9parer ou remplacer<\/h3>\n<p><strong>WakaWaka r\u00e9parera ou remplacera tout produit WakaWaka qui ne fonctionne pas pendant la p\u00e9riode de garantie applicable en raison d&rsquo;un d\u00e9faut de fabrication ou de mat\u00e9riau dans le cadre d&rsquo;une utilisation normale par le consommateur.<\/strong><\/p>\n<p>La p\u00e9riode de garantie est de 24 mois.<\/p>\n<p>Si le(s) produit(s) que tu as achet\u00e9(s) est (sont) endommag\u00e9(s) ou pr\u00e9sente(nt) des d\u00e9fauts de mat\u00e9riel ou de fabrication, contacte notre service client\u00e8le \u00e0 l&rsquo;adresse <a href=\"mailto:support@waka-waka.com\">support@waka-waka.com<\/a>.<\/p>\n<p>Si tu as achet\u00e9 ton ou tes produits aupr\u00e8s d&rsquo;un d\u00e9taillant, contacte-le directement pour obtenir des informations sur la garantie qu&rsquo;il peut offrir.<\/p>\n","protected":false},"excerpt":{"rendered":"<p>Retour et remboursement WakaWaka accepte les produits \u00e0 l&rsquo;\u00e9tat neuf et dans leur emballage d&rsquo;origine, dans les 14 jours suivant &#8230;<\/p>\n","protected":false},"author":1,"featured_media":0,"parent":0,"menu_order":0,"comment_status":"closed","ping_status":"closed","template":"","meta":{"_acf_changed":false,"footnotes":""},"class_list":["post-32836","page","type-page","status-publish","hentry"],"acf":[],"yoast_head":"<!-- This site is optimized with the Yoast SEO plugin v27.3 - https:\/\/yoast.com\/product\/yoast-seo-wordpress\/ -->\n<title>Politique de retour | WakaWaka\u00ae - Go Solar - Go Solar<\/title>\n<meta name=\"robots\" content=\"index, follow, max-snippet:-1, max-image-preview:large, max-video-preview:-1\" \/>\n<link rel=\"canonical\" href=\"https:\/\/waka-waka.com\/fr\/return-policy\/\" \/>\n<meta property=\"og:locale\" content=\"fr_FR\" \/>\n<meta property=\"og:type\" content=\"article\" \/>\n<meta property=\"og:title\" content=\"Politique de retour | WakaWaka\u00ae - Go Solar - Go Solar\" \/>\n<meta property=\"og:description\" content=\"Retour et remboursement WakaWaka accepte les produits \u00e0 l&rsquo;\u00e9tat neuf et dans leur emballage d&rsquo;origine, dans les 14 jours suivant ...\" \/>\n<meta property=\"og:url\" content=\"https:\/\/waka-waka.com\/fr\/return-policy\/\" \/>\n<meta property=\"og:site_name\" content=\"WakaWaka\u00ae - Go Solar\" \/>\n<meta property=\"article:modified_time\" content=\"2025-07-07T13:10:14+00:00\" \/>\n<meta name=\"twitter:card\" content=\"summary_large_image\" \/>\n<meta name=\"twitter:label1\" content=\"Dur\u00e9e de lecture estim\u00e9e\" \/>\n\t<meta name=\"twitter:data1\" content=\"1 minute\" \/>\n<script type=\"application\/ld+json\" class=\"yoast-schema-graph\">{\"@context\":\"https:\\\/\\\/schema.org\",\"@graph\":[{\"@type\":\"WebPage\",\"@id\":\"https:\\\/\\\/waka-waka.com\\\/fr\\\/return-policy\\\/\",\"url\":\"https:\\\/\\\/waka-waka.com\\\/fr\\\/return-policy\\\/\",\"name\":\"Politique de retour | WakaWaka\u00ae - Go Solar - Go Solar\",\"isPartOf\":{\"@id\":\"https:\\\/\\\/waka-waka.com\\\/de\\\/#website\"},\"datePublished\":\"2019-08-13T11:45:53+00:00\",\"dateModified\":\"2025-07-07T13:10:14+00:00\",\"breadcrumb\":{\"@id\":\"https:\\\/\\\/waka-waka.com\\\/fr\\\/return-policy\\\/#breadcrumb\"},\"inLanguage\":\"fr-FR\",\"potentialAction\":[{\"@type\":\"ReadAction\",\"target\":[\"https:\\\/\\\/waka-waka.com\\\/fr\\\/return-policy\\\/\"]}]},{\"@type\":\"BreadcrumbList\",\"@id\":\"https:\\\/\\\/waka-waka.com\\\/fr\\\/return-policy\\\/#breadcrumb\",\"itemListElement\":[{\"@type\":\"ListItem\",\"position\":1,\"name\":\"Home\",\"item\":\"https:\\\/\\\/waka-waka.com\\\/fr\\\/\"},{\"@type\":\"ListItem\",\"position\":2,\"name\":\"Politique de retour\"}]},{\"@type\":\"WebSite\",\"@id\":\"https:\\\/\\\/waka-waka.com\\\/de\\\/#website\",\"url\":\"https:\\\/\\\/waka-waka.com\\\/de\\\/\",\"name\":\"WakaWaka\u00ae - Go Solar\",\"description\":\"Go solar.\",\"publisher\":{\"@id\":\"https:\\\/\\\/waka-waka.com\\\/de\\\/#organization\"},\"potentialAction\":[{\"@type\":\"SearchAction\",\"target\":{\"@type\":\"EntryPoint\",\"urlTemplate\":\"https:\\\/\\\/waka-waka.com\\\/de\\\/search\\\/{search_term_string}\"},\"query-input\":{\"@type\":\"PropertyValueSpecification\",\"valueRequired\":true,\"valueName\":\"search_term_string\"}}],\"inLanguage\":\"fr-FR\"},{\"@type\":\"Organization\",\"@id\":\"https:\\\/\\\/waka-waka.com\\\/de\\\/#organization\",\"name\":\"WakaWaka\",\"url\":\"https:\\\/\\\/waka-waka.com\\\/de\\\/\",\"logo\":{\"@type\":\"ImageObject\",\"inLanguage\":\"fr-FR\",\"@id\":\"https:\\\/\\\/waka-waka.com\\\/de\\\/#\\\/schema\\\/logo\\\/image\\\/\",\"url\":\"https:\\\/\\\/waka-waka.com\\\/wp-content\\\/uploads\\\/2019\\\/10\\\/seo-logo.png\",\"contentUrl\":\"https:\\\/\\\/waka-waka.com\\\/wp-content\\\/uploads\\\/2019\\\/10\\\/seo-logo.png\",\"width\":484,\"height\":186,\"caption\":\"WakaWaka\"},\"image\":{\"@id\":\"https:\\\/\\\/waka-waka.com\\\/de\\\/#\\\/schema\\\/logo\\\/image\\\/\"}}]}<\/script>\n<!-- \/ Yoast SEO plugin. -->","yoast_head_json":{"title":"Politique de retour | WakaWaka\u00ae - Go Solar - Go Solar","robots":{"index":"index","follow":"follow","max-snippet":"max-snippet:-1","max-image-preview":"max-image-preview:large","max-video-preview":"max-video-preview:-1"},"canonical":"https:\/\/waka-waka.com\/fr\/return-policy\/","og_locale":"fr_FR","og_type":"article","og_title":"Politique de retour | WakaWaka\u00ae - Go Solar - Go Solar","og_description":"Retour et remboursement WakaWaka accepte les produits \u00e0 l&rsquo;\u00e9tat neuf et dans leur emballage d&rsquo;origine, dans les 14 jours suivant ...","og_url":"https:\/\/waka-waka.com\/fr\/return-policy\/","og_site_name":"WakaWaka\u00ae - Go Solar","article_modified_time":"2025-07-07T13:10:14+00:00","twitter_card":"summary_large_image","twitter_misc":{"Dur\u00e9e de lecture estim\u00e9e":"1 minute"},"schema":{"@context":"https:\/\/schema.org","@graph":[{"@type":"WebPage","@id":"https:\/\/waka-waka.com\/fr\/return-policy\/","url":"https:\/\/waka-waka.com\/fr\/return-policy\/","name":"Politique de retour | WakaWaka\u00ae - Go Solar - Go Solar","isPartOf":{"@id":"https:\/\/waka-waka.com\/de\/#website"},"datePublished":"2019-08-13T11:45:53+00:00","dateModified":"2025-07-07T13:10:14+00:00","breadcrumb":{"@id":"https:\/\/waka-waka.com\/fr\/return-policy\/#breadcrumb"},"inLanguage":"fr-FR","potentialAction":[{"@type":"ReadAction","target":["https:\/\/waka-waka.com\/fr\/return-policy\/"]}]},{"@type":"BreadcrumbList","@id":"https:\/\/waka-waka.com\/fr\/return-policy\/#breadcrumb","itemListElement":[{"@type":"ListItem","position":1,"name":"Home","item":"https:\/\/waka-waka.com\/fr\/"},{"@type":"ListItem","position":2,"name":"Politique de retour"}]},{"@type":"WebSite","@id":"https:\/\/waka-waka.com\/de\/#website","url":"https:\/\/waka-waka.com\/de\/","name":"WakaWaka\u00ae - Go Solar","description":"Go solar.","publisher":{"@id":"https:\/\/waka-waka.com\/de\/#organization"},"potentialAction":[{"@type":"SearchAction","target":{"@type":"EntryPoint","urlTemplate":"https:\/\/waka-waka.com\/de\/search\/{search_term_string}"},"query-input":{"@type":"PropertyValueSpecification","valueRequired":true,"valueName":"search_term_string"}}],"inLanguage":"fr-FR"},{"@type":"Organization","@id":"https:\/\/waka-waka.com\/de\/#organization","name":"WakaWaka","url":"https:\/\/waka-waka.com\/de\/","logo":{"@type":"ImageObject","inLanguage":"fr-FR","@id":"https:\/\/waka-waka.com\/de\/#\/schema\/logo\/image\/","url":"https:\/\/waka-waka.com\/wp-content\/uploads\/2019\/10\/seo-logo.png","contentUrl":"https:\/\/waka-waka.com\/wp-content\/uploads\/2019\/10\/seo-logo.png","width":484,"height":186,"caption":"WakaWaka"},"image":{"@id":"https:\/\/waka-waka.com\/de\/#\/schema\/logo\/image\/"}}]}},"_links":{"self":[{"href":"https:\/\/waka-waka.com\/fr\/wp-json\/wp\/v2\/pages\/32836","targetHints":{"allow":["GET"]}}],"collection":[{"href":"https:\/\/waka-waka.com\/fr\/wp-json\/wp\/v2\/pages"}],"about":[{"href":"https:\/\/waka-waka.com\/fr\/wp-json\/wp\/v2\/types\/page"}],"author":[{"embeddable":true,"href":"https:\/\/waka-waka.com\/fr\/wp-json\/wp\/v2\/users\/1"}],"replies":[{"embeddable":true,"href":"https:\/\/waka-waka.com\/fr\/wp-json\/wp\/v2\/comments?post=32836"}],"version-history":[{"count":1,"href":"https:\/\/waka-waka.com\/fr\/wp-json\/wp\/v2\/pages\/32836\/revisions"}],"predecessor-version":[{"id":45245,"href":"https:\/\/waka-waka.com\/fr\/wp-json\/wp\/v2\/pages\/32836\/revisions\/45245"}],"wp:attachment":[{"href":"https:\/\/waka-waka.com\/fr\/wp-json\/wp\/v2\/media?parent=32836"}],"curies":[{"name":"wp","href":"https:\/\/api.w.org\/{rel}","templated":true}]}}