{"id":32828,"date":"2019-08-13T11:48:08","date_gmt":"2019-08-13T11:48:08","guid":{"rendered":"https:\/\/waka-waka.com\/jobs\/"},"modified":"2025-07-07T13:10:13","modified_gmt":"2025-07-07T13:10:13","slug":"jobs","status":"publish","type":"page","link":"https:\/\/waka-waka.com\/fr\/jobs\/","title":{"rendered":"Travailler \u00e0 WakaWaka"},"content":{"rendered":"<h1>Demande ouverte<\/h1>\n<p>&nbsp;<\/p>\n<p>Chez WakaWaka, nous sommes toujours \u00e0 la recherche de personnes passionn\u00e9es, motiv\u00e9es et anim\u00e9es d&rsquo;un but pr\u00e9cis qui veulent faire une r\u00e9elle diff\u00e9rence dans le monde. Que tu sois un professionnel chevronn\u00e9 ou un stagiaire curieux \u00e0 la recherche d&rsquo;une exp\u00e9rience pratique, nous pensons que le bon \u00e9tat d&rsquo;esprit est plus important qu&rsquo;un CV parfait. <\/p>\n<p>Pour l&rsquo;instant, nous n&rsquo;avons pas de postes \u00e0 pourvoir, mais cela ne veut pas dire qu&rsquo;il n&rsquo;y a pas de place pour toi. Si tu te sens concern\u00e9 par notre mission et que tu penses que tes comp\u00e9tences, tes id\u00e9es ou ton \u00e9nergie pourraient apporter quelque chose de pr\u00e9cieux \u00e0 notre \u00e9quipe, nous serions ravis d&rsquo;avoir de tes nouvelles. <\/p>\n<p>Dis-nous qui tu es, ce qui te motive et comment tu aimerais contribuer au voyage de WakaWaka.<br \/>\nEnvoie ta motivation et ton CV \u00e0 <a href=\"mailto:jobs@waka-waka.com\">jobs@waka-waka.com,<\/a> et nous te r\u00e9pondrons d\u00e8s que possible.<\/p>\n<p><strong><br \/>\nAllumons le monde ensemble.<\/strong><\/p>\n","protected":false},"excerpt":{"rendered":"<p>Demande ouverte &nbsp; Chez WakaWaka, nous sommes toujours \u00e0 la recherche de personnes passionn\u00e9es, motiv\u00e9es et anim\u00e9es d&rsquo;un but pr\u00e9cis &#8230;<\/p>\n","protected":false},"author":1,"featured_media":0,"parent":0,"menu_order":0,"comment_status":"closed","ping_status":"closed","template":"","meta":{"_acf_changed":false,"footnotes":""},"class_list":["post-32828","page","type-page","status-publish","hentry"],"acf":[],"yoast_head":"<!-- This site is optimized with the Yoast SEO plugin v27.3 - https:\/\/yoast.com\/product\/yoast-seo-wordpress\/ -->\n<title>Travailler \u00e0 WakaWaka | WakaWaka\u00ae - Go Solar - Go Solar<\/title>\n<meta name=\"robots\" content=\"index, follow, max-snippet:-1, max-image-preview:large, max-video-preview:-1\" \/>\n<link rel=\"canonical\" href=\"https:\/\/waka-waka.com\/fr\/jobs\/\" \/>\n<meta property=\"og:locale\" content=\"fr_FR\" \/>\n<meta property=\"og:type\" content=\"article\" \/>\n<meta property=\"og:title\" content=\"Travailler \u00e0 WakaWaka | WakaWaka\u00ae - Go Solar - Go Solar\" \/>\n<meta property=\"og:description\" content=\"Demande ouverte &nbsp; Chez WakaWaka, nous sommes toujours \u00e0 la recherche de personnes passionn\u00e9es, motiv\u00e9es et anim\u00e9es d&rsquo;un but pr\u00e9cis ...\" \/>\n<meta property=\"og:url\" content=\"https:\/\/waka-waka.com\/fr\/jobs\/\" \/>\n<meta property=\"og:site_name\" content=\"WakaWaka\u00ae - Go Solar\" \/>\n<meta property=\"article:modified_time\" content=\"2025-07-07T13:10:13+00:00\" \/>\n<meta name=\"twitter:card\" content=\"summary_large_image\" \/>\n<meta name=\"twitter:label1\" content=\"Dur\u00e9e de lecture estim\u00e9e\" \/>\n\t<meta name=\"twitter:data1\" content=\"1 minute\" \/>\n<script type=\"application\/ld+json\" class=\"yoast-schema-graph\">{\"@context\":\"https:\\\/\\\/schema.org\",\"@graph\":[{\"@type\":\"WebPage\",\"@id\":\"https:\\\/\\\/waka-waka.com\\\/fr\\\/jobs\\\/\",\"url\":\"https:\\\/\\\/waka-waka.com\\\/fr\\\/jobs\\\/\",\"name\":\"Travailler \u00e0 WakaWaka | WakaWaka\u00ae - Go Solar - Go Solar\",\"isPartOf\":{\"@id\":\"https:\\\/\\\/waka-waka.com\\\/de\\\/#website\"},\"datePublished\":\"2019-08-13T11:48:08+00:00\",\"dateModified\":\"2025-07-07T13:10:13+00:00\",\"breadcrumb\":{\"@id\":\"https:\\\/\\\/waka-waka.com\\\/fr\\\/jobs\\\/#breadcrumb\"},\"inLanguage\":\"fr-FR\",\"potentialAction\":[{\"@type\":\"ReadAction\",\"target\":[\"https:\\\/\\\/waka-waka.com\\\/fr\\\/jobs\\\/\"]}]},{\"@type\":\"BreadcrumbList\",\"@id\":\"https:\\\/\\\/waka-waka.com\\\/fr\\\/jobs\\\/#breadcrumb\",\"itemListElement\":[{\"@type\":\"ListItem\",\"position\":1,\"name\":\"Home\",\"item\":\"https:\\\/\\\/waka-waka.com\\\/fr\\\/\"},{\"@type\":\"ListItem\",\"position\":2,\"name\":\"Travailler \u00e0 WakaWaka\"}]},{\"@type\":\"WebSite\",\"@id\":\"https:\\\/\\\/waka-waka.com\\\/de\\\/#website\",\"url\":\"https:\\\/\\\/waka-waka.com\\\/de\\\/\",\"name\":\"WakaWaka\u00ae - Go Solar\",\"description\":\"Go solar.\",\"publisher\":{\"@id\":\"https:\\\/\\\/waka-waka.com\\\/de\\\/#organization\"},\"potentialAction\":[{\"@type\":\"SearchAction\",\"target\":{\"@type\":\"EntryPoint\",\"urlTemplate\":\"https:\\\/\\\/waka-waka.com\\\/de\\\/search\\\/{search_term_string}\"},\"query-input\":{\"@type\":\"PropertyValueSpecification\",\"valueRequired\":true,\"valueName\":\"search_term_string\"}}],\"inLanguage\":\"fr-FR\"},{\"@type\":\"Organization\",\"@id\":\"https:\\\/\\\/waka-waka.com\\\/de\\\/#organization\",\"name\":\"WakaWaka\",\"url\":\"https:\\\/\\\/waka-waka.com\\\/de\\\/\",\"logo\":{\"@type\":\"ImageObject\",\"inLanguage\":\"fr-FR\",\"@id\":\"https:\\\/\\\/waka-waka.com\\\/de\\\/#\\\/schema\\\/logo\\\/image\\\/\",\"url\":\"https:\\\/\\\/waka-waka.com\\\/wp-content\\\/uploads\\\/2019\\\/10\\\/seo-logo.png\",\"contentUrl\":\"https:\\\/\\\/waka-waka.com\\\/wp-content\\\/uploads\\\/2019\\\/10\\\/seo-logo.png\",\"width\":484,\"height\":186,\"caption\":\"WakaWaka\"},\"image\":{\"@id\":\"https:\\\/\\\/waka-waka.com\\\/de\\\/#\\\/schema\\\/logo\\\/image\\\/\"}}]}<\/script>\n<!-- \/ Yoast SEO plugin. -->","yoast_head_json":{"title":"Travailler \u00e0 WakaWaka | WakaWaka\u00ae - Go Solar - Go Solar","robots":{"index":"index","follow":"follow","max-snippet":"max-snippet:-1","max-image-preview":"max-image-preview:large","max-video-preview":"max-video-preview:-1"},"canonical":"https:\/\/waka-waka.com\/fr\/jobs\/","og_locale":"fr_FR","og_type":"article","og_title":"Travailler \u00e0 WakaWaka | WakaWaka\u00ae - Go Solar - Go Solar","og_description":"Demande ouverte &nbsp; Chez WakaWaka, nous sommes toujours \u00e0 la recherche de personnes passionn\u00e9es, motiv\u00e9es et anim\u00e9es d&rsquo;un but pr\u00e9cis ...","og_url":"https:\/\/waka-waka.com\/fr\/jobs\/","og_site_name":"WakaWaka\u00ae - Go Solar","article_modified_time":"2025-07-07T13:10:13+00:00","twitter_card":"summary_large_image","twitter_misc":{"Dur\u00e9e de lecture estim\u00e9e":"1 minute"},"schema":{"@context":"https:\/\/schema.org","@graph":[{"@type":"WebPage","@id":"https:\/\/waka-waka.com\/fr\/jobs\/","url":"https:\/\/waka-waka.com\/fr\/jobs\/","name":"Travailler \u00e0 WakaWaka | WakaWaka\u00ae - Go Solar - Go Solar","isPartOf":{"@id":"https:\/\/waka-waka.com\/de\/#website"},"datePublished":"2019-08-13T11:48:08+00:00","dateModified":"2025-07-07T13:10:13+00:00","breadcrumb":{"@id":"https:\/\/waka-waka.com\/fr\/jobs\/#breadcrumb"},"inLanguage":"fr-FR","potentialAction":[{"@type":"ReadAction","target":["https:\/\/waka-waka.com\/fr\/jobs\/"]}]},{"@type":"BreadcrumbList","@id":"https:\/\/waka-waka.com\/fr\/jobs\/#breadcrumb","itemListElement":[{"@type":"ListItem","position":1,"name":"Home","item":"https:\/\/waka-waka.com\/fr\/"},{"@type":"ListItem","position":2,"name":"Travailler \u00e0 WakaWaka"}]},{"@type":"WebSite","@id":"https:\/\/waka-waka.com\/de\/#website","url":"https:\/\/waka-waka.com\/de\/","name":"WakaWaka\u00ae - Go Solar","description":"Go solar.","publisher":{"@id":"https:\/\/waka-waka.com\/de\/#organization"},"potentialAction":[{"@type":"SearchAction","target":{"@type":"EntryPoint","urlTemplate":"https:\/\/waka-waka.com\/de\/search\/{search_term_string}"},"query-input":{"@type":"PropertyValueSpecification","valueRequired":true,"valueName":"search_term_string"}}],"inLanguage":"fr-FR"},{"@type":"Organization","@id":"https:\/\/waka-waka.com\/de\/#organization","name":"WakaWaka","url":"https:\/\/waka-waka.com\/de\/","logo":{"@type":"ImageObject","inLanguage":"fr-FR","@id":"https:\/\/waka-waka.com\/de\/#\/schema\/logo\/image\/","url":"https:\/\/waka-waka.com\/wp-content\/uploads\/2019\/10\/seo-logo.png","contentUrl":"https:\/\/waka-waka.com\/wp-content\/uploads\/2019\/10\/seo-logo.png","width":484,"height":186,"caption":"WakaWaka"},"image":{"@id":"https:\/\/waka-waka.com\/de\/#\/schema\/logo\/image\/"}}]}},"_links":{"self":[{"href":"https:\/\/waka-waka.com\/fr\/wp-json\/wp\/v2\/pages\/32828","targetHints":{"allow":["GET"]}}],"collection":[{"href":"https:\/\/waka-waka.com\/fr\/wp-json\/wp\/v2\/pages"}],"about":[{"href":"https:\/\/waka-waka.com\/fr\/wp-json\/wp\/v2\/types\/page"}],"author":[{"embeddable":true,"href":"https:\/\/waka-waka.com\/fr\/wp-json\/wp\/v2\/users\/1"}],"replies":[{"embeddable":true,"href":"https:\/\/waka-waka.com\/fr\/wp-json\/wp\/v2\/comments?post=32828"}],"version-history":[{"count":1,"href":"https:\/\/waka-waka.com\/fr\/wp-json\/wp\/v2\/pages\/32828\/revisions"}],"predecessor-version":[{"id":45244,"href":"https:\/\/waka-waka.com\/fr\/wp-json\/wp\/v2\/pages\/32828\/revisions\/45244"}],"wp:attachment":[{"href":"https:\/\/waka-waka.com\/fr\/wp-json\/wp\/v2\/media?parent=32828"}],"curies":[{"name":"wp","href":"https:\/\/api.w.org\/{rel}","templated":true}]}}