{"id":32797,"date":"2019-08-13T08:41:15","date_gmt":"2019-08-13T08:41:15","guid":{"rendered":"https:\/\/waka-waka.com\/home\/"},"modified":"2025-07-08T11:52:36","modified_gmt":"2025-07-08T11:52:36","slug":"home","status":"publish","type":"page","link":"https:\/\/waka-waka.com\/fr\/","title":{"rendered":"Accueil"},"content":{"rendered":"<p>UNE NOUVELLE AVENTURE T&rsquo;ATTEND. LA NOUVELLE G\u00c9N\u00c9RATION DE PRODUITS SOLAIRES EST PRESQUE L\u00c0. <\/p>\n","protected":false},"excerpt":{"rendered":"<p>UNE NOUVELLE AVENTURE T&rsquo;ATTEND. LA NOUVELLE G\u00c9N\u00c9RATION DE PRODUITS SOLAIRES EST PRESQUE L\u00c0.<\/p>\n","protected":false},"author":1,"featured_media":32799,"parent":0,"menu_order":0,"comment_status":"closed","ping_status":"closed","template":"templates\/sectionsbuilder.php","meta":{"_acf_changed":false,"footnotes":""},"class_list":["post-32797","page","type-page","status-publish","has-post-thumbnail","hentry"],"acf":[],"yoast_head":"<!-- This site is optimized with the Yoast SEO plugin v27.3 - https:\/\/yoast.com\/product\/yoast-seo-wordpress\/ -->\n<title>WakaWaka\u00ae - Go Solar - Partage le soleil<\/title>\n<meta name=\"description\" content=\"Produits solaires de premi\u00e8re qualit\u00e9 pour tous les amateurs de plein air : lampes de poche solaires et banques d&#039;alimentation. Ton achat permet d&#039;aider quelqu&#039;un qui n&#039;a pas acc\u00e8s \u00e0 la lumi\u00e8re et \u00e0 l&#039;\u00e9nergie.\" \/>\n<meta name=\"robots\" content=\"index, follow, max-snippet:-1, max-image-preview:large, max-video-preview:-1\" \/>\n<link rel=\"canonical\" href=\"https:\/\/waka-waka.com\/fr\/\" \/>\n<meta property=\"og:locale\" content=\"fr_FR\" \/>\n<meta property=\"og:type\" content=\"article\" \/>\n<meta property=\"og:title\" content=\"WakaWaka\u00ae - Go Solar - Partage le soleil\" \/>\n<meta property=\"og:description\" content=\"Produits solaires de premi\u00e8re qualit\u00e9 pour tous les amateurs de plein air : lampes de poche solaires et banques d&#039;alimentation. Ton achat permet d&#039;aider quelqu&#039;un qui n&#039;a pas acc\u00e8s \u00e0 la lumi\u00e8re et \u00e0 l&#039;\u00e9nergie.\" \/>\n<meta property=\"og:url\" content=\"https:\/\/waka-waka.com\/fr\/\" \/>\n<meta property=\"og:site_name\" content=\"WakaWaka\u00ae - Go Solar\" \/>\n<meta property=\"article:modified_time\" content=\"2025-07-08T11:52:36+00:00\" \/>\n<meta property=\"og:image\" content=\"https:\/\/waka-waka.com\/wp-content\/uploads\/2019\/09\/glaciar.jpg\" \/>\n\t<meta property=\"og:image:width\" content=\"1107\" \/>\n\t<meta property=\"og:image:height\" content=\"600\" \/>\n\t<meta property=\"og:image:type\" content=\"image\/jpeg\" \/>\n<meta name=\"twitter:card\" content=\"summary_large_image\" \/>\n<meta name=\"twitter:label1\" content=\"Dur\u00e9e de lecture estim\u00e9e\" \/>\n\t<meta name=\"twitter:data1\" content=\"1 minute\" \/>\n<script type=\"application\/ld+json\" class=\"yoast-schema-graph\">{\"@context\":\"https:\\\/\\\/schema.org\",\"@graph\":[{\"@type\":\"WebPage\",\"@id\":\"https:\\\/\\\/waka-waka.com\\\/fr\\\/\",\"url\":\"https:\\\/\\\/waka-waka.com\\\/fr\\\/\",\"name\":\"WakaWaka\u00ae - Go Solar - Partage le soleil\",\"isPartOf\":{\"@id\":\"https:\\\/\\\/waka-waka.com\\\/de\\\/#website\"},\"primaryImageOfPage\":{\"@id\":\"https:\\\/\\\/waka-waka.com\\\/fr\\\/#primaryimage\"},\"image\":{\"@id\":\"https:\\\/\\\/waka-waka.com\\\/fr\\\/#primaryimage\"},\"thumbnailUrl\":\"https:\\\/\\\/waka-waka.com\\\/wp-content\\\/uploads\\\/2019\\\/09\\\/glaciar.jpg\",\"datePublished\":\"2019-08-13T08:41:15+00:00\",\"dateModified\":\"2025-07-08T11:52:36+00:00\",\"description\":\"Produits solaires de premi\u00e8re qualit\u00e9 pour tous les amateurs de plein air : lampes de poche solaires et banques d'alimentation. Ton achat permet d'aider quelqu'un qui n'a pas acc\u00e8s \u00e0 la lumi\u00e8re et \u00e0 l'\u00e9nergie.\",\"breadcrumb\":{\"@id\":\"https:\\\/\\\/waka-waka.com\\\/fr\\\/#breadcrumb\"},\"inLanguage\":\"fr-FR\",\"potentialAction\":[{\"@type\":\"ReadAction\",\"target\":[\"https:\\\/\\\/waka-waka.com\\\/fr\\\/\"]}]},{\"@type\":\"ImageObject\",\"inLanguage\":\"fr-FR\",\"@id\":\"https:\\\/\\\/waka-waka.com\\\/fr\\\/#primaryimage\",\"url\":\"https:\\\/\\\/waka-waka.com\\\/wp-content\\\/uploads\\\/2019\\\/09\\\/glaciar.jpg\",\"contentUrl\":\"https:\\\/\\\/waka-waka.com\\\/wp-content\\\/uploads\\\/2019\\\/09\\\/glaciar.jpg\",\"width\":1107,\"height\":600},{\"@type\":\"BreadcrumbList\",\"@id\":\"https:\\\/\\\/waka-waka.com\\\/fr\\\/#breadcrumb\",\"itemListElement\":[{\"@type\":\"ListItem\",\"position\":1,\"name\":\"Home\",\"item\":\"https:\\\/\\\/waka-waka.com\\\/fr\\\/\"},{\"@type\":\"ListItem\",\"position\":2,\"name\":\"Accueil\"}]},{\"@type\":\"WebSite\",\"@id\":\"https:\\\/\\\/waka-waka.com\\\/de\\\/#website\",\"url\":\"https:\\\/\\\/waka-waka.com\\\/de\\\/\",\"name\":\"WakaWaka\u00ae - Go Solar\",\"description\":\"Go solar.\",\"publisher\":{\"@id\":\"https:\\\/\\\/waka-waka.com\\\/de\\\/#organization\"},\"potentialAction\":[{\"@type\":\"SearchAction\",\"target\":{\"@type\":\"EntryPoint\",\"urlTemplate\":\"https:\\\/\\\/waka-waka.com\\\/de\\\/search\\\/{search_term_string}\"},\"query-input\":{\"@type\":\"PropertyValueSpecification\",\"valueRequired\":true,\"valueName\":\"search_term_string\"}}],\"inLanguage\":\"fr-FR\"},{\"@type\":\"Organization\",\"@id\":\"https:\\\/\\\/waka-waka.com\\\/de\\\/#organization\",\"name\":\"WakaWaka\",\"url\":\"https:\\\/\\\/waka-waka.com\\\/de\\\/\",\"logo\":{\"@type\":\"ImageObject\",\"inLanguage\":\"fr-FR\",\"@id\":\"https:\\\/\\\/waka-waka.com\\\/de\\\/#\\\/schema\\\/logo\\\/image\\\/\",\"url\":\"https:\\\/\\\/waka-waka.com\\\/wp-content\\\/uploads\\\/2019\\\/10\\\/seo-logo.png\",\"contentUrl\":\"https:\\\/\\\/waka-waka.com\\\/wp-content\\\/uploads\\\/2019\\\/10\\\/seo-logo.png\",\"width\":484,\"height\":186,\"caption\":\"WakaWaka\"},\"image\":{\"@id\":\"https:\\\/\\\/waka-waka.com\\\/de\\\/#\\\/schema\\\/logo\\\/image\\\/\"}}]}<\/script>\n<!-- \/ Yoast SEO plugin. -->","yoast_head_json":{"title":"WakaWaka\u00ae - Go Solar - Partage le soleil","description":"Produits solaires de premi\u00e8re qualit\u00e9 pour tous les amateurs de plein air : lampes de poche solaires et banques d'alimentation. Ton achat permet d'aider quelqu'un qui n'a pas acc\u00e8s \u00e0 la lumi\u00e8re et \u00e0 l'\u00e9nergie.","robots":{"index":"index","follow":"follow","max-snippet":"max-snippet:-1","max-image-preview":"max-image-preview:large","max-video-preview":"max-video-preview:-1"},"canonical":"https:\/\/waka-waka.com\/fr\/","og_locale":"fr_FR","og_type":"article","og_title":"WakaWaka\u00ae - Go Solar - Partage le soleil","og_description":"Produits solaires de premi\u00e8re qualit\u00e9 pour tous les amateurs de plein air : lampes de poche solaires et banques d'alimentation. Ton achat permet d'aider quelqu'un qui n'a pas acc\u00e8s \u00e0 la lumi\u00e8re et \u00e0 l'\u00e9nergie.","og_url":"https:\/\/waka-waka.com\/fr\/","og_site_name":"WakaWaka\u00ae - Go Solar","article_modified_time":"2025-07-08T11:52:36+00:00","og_image":[{"width":1107,"height":600,"url":"https:\/\/waka-waka.com\/wp-content\/uploads\/2019\/09\/glaciar.jpg","type":"image\/jpeg"}],"twitter_card":"summary_large_image","twitter_misc":{"Dur\u00e9e de lecture estim\u00e9e":"1 minute"},"schema":{"@context":"https:\/\/schema.org","@graph":[{"@type":"WebPage","@id":"https:\/\/waka-waka.com\/fr\/","url":"https:\/\/waka-waka.com\/fr\/","name":"WakaWaka\u00ae - Go Solar - Partage le soleil","isPartOf":{"@id":"https:\/\/waka-waka.com\/de\/#website"},"primaryImageOfPage":{"@id":"https:\/\/waka-waka.com\/fr\/#primaryimage"},"image":{"@id":"https:\/\/waka-waka.com\/fr\/#primaryimage"},"thumbnailUrl":"https:\/\/waka-waka.com\/wp-content\/uploads\/2019\/09\/glaciar.jpg","datePublished":"2019-08-13T08:41:15+00:00","dateModified":"2025-07-08T11:52:36+00:00","description":"Produits solaires de premi\u00e8re qualit\u00e9 pour tous les amateurs de plein air : lampes de poche solaires et banques d'alimentation. Ton achat permet d'aider quelqu'un qui n'a pas acc\u00e8s \u00e0 la lumi\u00e8re et \u00e0 l'\u00e9nergie.","breadcrumb":{"@id":"https:\/\/waka-waka.com\/fr\/#breadcrumb"},"inLanguage":"fr-FR","potentialAction":[{"@type":"ReadAction","target":["https:\/\/waka-waka.com\/fr\/"]}]},{"@type":"ImageObject","inLanguage":"fr-FR","@id":"https:\/\/waka-waka.com\/fr\/#primaryimage","url":"https:\/\/waka-waka.com\/wp-content\/uploads\/2019\/09\/glaciar.jpg","contentUrl":"https:\/\/waka-waka.com\/wp-content\/uploads\/2019\/09\/glaciar.jpg","width":1107,"height":600},{"@type":"BreadcrumbList","@id":"https:\/\/waka-waka.com\/fr\/#breadcrumb","itemListElement":[{"@type":"ListItem","position":1,"name":"Home","item":"https:\/\/waka-waka.com\/fr\/"},{"@type":"ListItem","position":2,"name":"Accueil"}]},{"@type":"WebSite","@id":"https:\/\/waka-waka.com\/de\/#website","url":"https:\/\/waka-waka.com\/de\/","name":"WakaWaka\u00ae - Go Solar","description":"Go solar.","publisher":{"@id":"https:\/\/waka-waka.com\/de\/#organization"},"potentialAction":[{"@type":"SearchAction","target":{"@type":"EntryPoint","urlTemplate":"https:\/\/waka-waka.com\/de\/search\/{search_term_string}"},"query-input":{"@type":"PropertyValueSpecification","valueRequired":true,"valueName":"search_term_string"}}],"inLanguage":"fr-FR"},{"@type":"Organization","@id":"https:\/\/waka-waka.com\/de\/#organization","name":"WakaWaka","url":"https:\/\/waka-waka.com\/de\/","logo":{"@type":"ImageObject","inLanguage":"fr-FR","@id":"https:\/\/waka-waka.com\/de\/#\/schema\/logo\/image\/","url":"https:\/\/waka-waka.com\/wp-content\/uploads\/2019\/10\/seo-logo.png","contentUrl":"https:\/\/waka-waka.com\/wp-content\/uploads\/2019\/10\/seo-logo.png","width":484,"height":186,"caption":"WakaWaka"},"image":{"@id":"https:\/\/waka-waka.com\/de\/#\/schema\/logo\/image\/"}}]}},"_links":{"self":[{"href":"https:\/\/waka-waka.com\/fr\/wp-json\/wp\/v2\/pages\/32797","targetHints":{"allow":["GET"]}}],"collection":[{"href":"https:\/\/waka-waka.com\/fr\/wp-json\/wp\/v2\/pages"}],"about":[{"href":"https:\/\/waka-waka.com\/fr\/wp-json\/wp\/v2\/types\/page"}],"author":[{"embeddable":true,"href":"https:\/\/waka-waka.com\/fr\/wp-json\/wp\/v2\/users\/1"}],"replies":[{"embeddable":true,"href":"https:\/\/waka-waka.com\/fr\/wp-json\/wp\/v2\/comments?post=32797"}],"version-history":[{"count":1,"href":"https:\/\/waka-waka.com\/fr\/wp-json\/wp\/v2\/pages\/32797\/revisions"}],"predecessor-version":[{"id":45255,"href":"https:\/\/waka-waka.com\/fr\/wp-json\/wp\/v2\/pages\/32797\/revisions\/45255"}],"wp:featuredmedia":[{"embeddable":true,"href":"https:\/\/waka-waka.com\/fr\/wp-json\/wp\/v2\/media\/32799"}],"wp:attachment":[{"href":"https:\/\/waka-waka.com\/fr\/wp-json\/wp\/v2\/media?parent=32797"}],"curies":[{"name":"wp","href":"https:\/\/api.w.org\/{rel}","templated":true}]}}