{"id":45710,"date":"2025-07-30T08:04:55","date_gmt":"2025-07-30T08:04:55","guid":{"rendered":"https:\/\/waka-waka.com\/wakawaka-light-power\/"},"modified":"2025-08-05T13:51:40","modified_gmt":"2025-08-05T11:51:40","slug":"wakawaka-light-power","status":"publish","type":"page","link":"https:\/\/waka-waka.com\/de\/wakawaka-light-power\/","title":{"rendered":"WakaWaka Light &amp; Power+"},"content":{"rendered":"<p data-start=\"279\" data-end=\"466\">Die WakaWaka Light und WakaWaka Power+ sind nicht mehr erh\u00e4ltlich. Aber keine Sorge \u2014 wir arbeiten intensiv an einer brandneuen WakaWaka, die 2026 auf den Markt kommt.<\/p>\n<p data-start=\"468\" data-end=\"575\">Au\u00dferdem haben wir k\u00fcrzlich eine Reihe neuer Produkte auf den Markt gebracht, die bereits verf\u00fcgbar sind.<\/p>\n<p><a href=\"\/de\/shop\"><strong>Entdecke die neue Kollektion in unserem Shop<\/strong><\/a><\/p>\n","protected":false},"excerpt":{"rendered":"<p>Die WakaWaka Light und WakaWaka Power+ sind nicht mehr erh\u00e4ltlich. Aber keine Sorge \u2014 wir arbeiten intensiv an einer brandneuen &#8230;<\/p>\n","protected":false},"author":1,"featured_media":0,"parent":0,"menu_order":0,"comment_status":"closed","ping_status":"closed","template":"","meta":{"_acf_changed":false,"footnotes":""},"class_list":["post-45710","page","type-page","status-publish","hentry"],"acf":[],"yoast_head":"<!-- This site is optimized with the Yoast SEO plugin v27.3 - https:\/\/yoast.com\/product\/yoast-seo-wordpress\/ -->\n<title>WakaWaka Light &amp; Power+ | WakaWaka\u00ae - Share the Sun - Go Solar<\/title>\n<meta name=\"robots\" content=\"index, follow, max-snippet:-1, max-image-preview:large, max-video-preview:-1\" \/>\n<link rel=\"canonical\" href=\"https:\/\/waka-waka.com\/de\/wakawaka-light-power\/\" \/>\n<meta property=\"og:locale\" content=\"de_DE\" \/>\n<meta property=\"og:type\" content=\"article\" \/>\n<meta property=\"og:title\" content=\"WakaWaka Light &amp; Power+ | WakaWaka\u00ae - Share the Sun - Go Solar\" \/>\n<meta property=\"og:description\" content=\"Die WakaWaka Light und WakaWaka Power+ sind nicht mehr erh\u00e4ltlich. Aber keine Sorge \u2014 wir arbeiten intensiv an einer brandneuen ...\" \/>\n<meta property=\"og:url\" content=\"https:\/\/waka-waka.com\/de\/wakawaka-light-power\/\" \/>\n<meta property=\"og:site_name\" content=\"WakaWaka\u00ae - Share the Sun\" \/>\n<meta property=\"article:modified_time\" content=\"2025-08-05T11:51:40+00:00\" \/>\n<meta name=\"twitter:card\" content=\"summary_large_image\" \/>\n<meta name=\"twitter:label1\" content=\"Gesch\u00e4tzte Lesezeit\" \/>\n\t<meta name=\"twitter:data1\" content=\"1\u00a0Minute\" \/>\n<script type=\"application\/ld+json\" class=\"yoast-schema-graph\">{\"@context\":\"https:\\\/\\\/schema.org\",\"@graph\":[{\"@type\":\"WebPage\",\"@id\":\"https:\\\/\\\/waka-waka.com\\\/de\\\/wakawaka-light-power\\\/\",\"url\":\"https:\\\/\\\/waka-waka.com\\\/de\\\/wakawaka-light-power\\\/\",\"name\":\"WakaWaka Light &amp; Power+ | WakaWaka\u00ae - Share the Sun - Go Solar\",\"isPartOf\":{\"@id\":\"https:\\\/\\\/waka-waka.com\\\/de\\\/#website\"},\"datePublished\":\"2025-07-30T08:04:55+00:00\",\"dateModified\":\"2025-08-05T11:51:40+00:00\",\"breadcrumb\":{\"@id\":\"https:\\\/\\\/waka-waka.com\\\/de\\\/wakawaka-light-power\\\/#breadcrumb\"},\"inLanguage\":\"de\",\"potentialAction\":[{\"@type\":\"ReadAction\",\"target\":[\"https:\\\/\\\/waka-waka.com\\\/de\\\/wakawaka-light-power\\\/\"]}]},{\"@type\":\"BreadcrumbList\",\"@id\":\"https:\\\/\\\/waka-waka.com\\\/de\\\/wakawaka-light-power\\\/#breadcrumb\",\"itemListElement\":[{\"@type\":\"ListItem\",\"position\":1,\"name\":\"Home\",\"item\":\"https:\\\/\\\/waka-waka.com\\\/de\\\/\"},{\"@type\":\"ListItem\",\"position\":2,\"name\":\"WakaWaka Light &amp; Power+\"}]},{\"@type\":\"WebSite\",\"@id\":\"https:\\\/\\\/waka-waka.com\\\/de\\\/#website\",\"url\":\"https:\\\/\\\/waka-waka.com\\\/de\\\/\",\"name\":\"WakaWaka\u00ae - Share the Sun\",\"description\":\"Solarkraft nutzen.\",\"publisher\":{\"@id\":\"https:\\\/\\\/waka-waka.com\\\/de\\\/#organization\"},\"potentialAction\":[{\"@type\":\"SearchAction\",\"target\":{\"@type\":\"EntryPoint\",\"urlTemplate\":\"https:\\\/\\\/waka-waka.com\\\/de\\\/search\\\/{search_term_string}\"},\"query-input\":{\"@type\":\"PropertyValueSpecification\",\"valueRequired\":true,\"valueName\":\"search_term_string\"}}],\"inLanguage\":\"de\"},{\"@type\":\"Organization\",\"@id\":\"https:\\\/\\\/waka-waka.com\\\/de\\\/#organization\",\"name\":\"WakaWaka\",\"url\":\"https:\\\/\\\/waka-waka.com\\\/de\\\/\",\"logo\":{\"@type\":\"ImageObject\",\"inLanguage\":\"de\",\"@id\":\"https:\\\/\\\/waka-waka.com\\\/de\\\/#\\\/schema\\\/logo\\\/image\\\/\",\"url\":\"https:\\\/\\\/waka-waka.com\\\/wp-content\\\/uploads\\\/2019\\\/10\\\/seo-logo.png\",\"contentUrl\":\"https:\\\/\\\/waka-waka.com\\\/wp-content\\\/uploads\\\/2019\\\/10\\\/seo-logo.png\",\"width\":484,\"height\":186,\"caption\":\"WakaWaka\"},\"image\":{\"@id\":\"https:\\\/\\\/waka-waka.com\\\/de\\\/#\\\/schema\\\/logo\\\/image\\\/\"}}]}<\/script>\n<!-- \/ Yoast SEO plugin. -->","yoast_head_json":{"title":"WakaWaka Light &amp; Power+ | WakaWaka\u00ae - Share the Sun - Go Solar","robots":{"index":"index","follow":"follow","max-snippet":"max-snippet:-1","max-image-preview":"max-image-preview:large","max-video-preview":"max-video-preview:-1"},"canonical":"https:\/\/waka-waka.com\/de\/wakawaka-light-power\/","og_locale":"de_DE","og_type":"article","og_title":"WakaWaka Light &amp; Power+ | WakaWaka\u00ae - Share the Sun - Go Solar","og_description":"Die WakaWaka Light und WakaWaka Power+ sind nicht mehr erh\u00e4ltlich. Aber keine Sorge \u2014 wir arbeiten intensiv an einer brandneuen ...","og_url":"https:\/\/waka-waka.com\/de\/wakawaka-light-power\/","og_site_name":"WakaWaka\u00ae - Share the Sun","article_modified_time":"2025-08-05T11:51:40+00:00","twitter_card":"summary_large_image","twitter_misc":{"Gesch\u00e4tzte Lesezeit":"1\u00a0Minute"},"schema":{"@context":"https:\/\/schema.org","@graph":[{"@type":"WebPage","@id":"https:\/\/waka-waka.com\/de\/wakawaka-light-power\/","url":"https:\/\/waka-waka.com\/de\/wakawaka-light-power\/","name":"WakaWaka Light &amp; Power+ | WakaWaka\u00ae - Share the Sun - Go Solar","isPartOf":{"@id":"https:\/\/waka-waka.com\/de\/#website"},"datePublished":"2025-07-30T08:04:55+00:00","dateModified":"2025-08-05T11:51:40+00:00","breadcrumb":{"@id":"https:\/\/waka-waka.com\/de\/wakawaka-light-power\/#breadcrumb"},"inLanguage":"de","potentialAction":[{"@type":"ReadAction","target":["https:\/\/waka-waka.com\/de\/wakawaka-light-power\/"]}]},{"@type":"BreadcrumbList","@id":"https:\/\/waka-waka.com\/de\/wakawaka-light-power\/#breadcrumb","itemListElement":[{"@type":"ListItem","position":1,"name":"Home","item":"https:\/\/waka-waka.com\/de\/"},{"@type":"ListItem","position":2,"name":"WakaWaka Light &amp; Power+"}]},{"@type":"WebSite","@id":"https:\/\/waka-waka.com\/de\/#website","url":"https:\/\/waka-waka.com\/de\/","name":"WakaWaka\u00ae - Share the Sun","description":"Solarkraft nutzen.","publisher":{"@id":"https:\/\/waka-waka.com\/de\/#organization"},"potentialAction":[{"@type":"SearchAction","target":{"@type":"EntryPoint","urlTemplate":"https:\/\/waka-waka.com\/de\/search\/{search_term_string}"},"query-input":{"@type":"PropertyValueSpecification","valueRequired":true,"valueName":"search_term_string"}}],"inLanguage":"de"},{"@type":"Organization","@id":"https:\/\/waka-waka.com\/de\/#organization","name":"WakaWaka","url":"https:\/\/waka-waka.com\/de\/","logo":{"@type":"ImageObject","inLanguage":"de","@id":"https:\/\/waka-waka.com\/de\/#\/schema\/logo\/image\/","url":"https:\/\/waka-waka.com\/wp-content\/uploads\/2019\/10\/seo-logo.png","contentUrl":"https:\/\/waka-waka.com\/wp-content\/uploads\/2019\/10\/seo-logo.png","width":484,"height":186,"caption":"WakaWaka"},"image":{"@id":"https:\/\/waka-waka.com\/de\/#\/schema\/logo\/image\/"}}]}},"_links":{"self":[{"href":"https:\/\/waka-waka.com\/de\/wp-json\/wp\/v2\/pages\/45710","targetHints":{"allow":["GET"]}}],"collection":[{"href":"https:\/\/waka-waka.com\/de\/wp-json\/wp\/v2\/pages"}],"about":[{"href":"https:\/\/waka-waka.com\/de\/wp-json\/wp\/v2\/types\/page"}],"author":[{"embeddable":true,"href":"https:\/\/waka-waka.com\/de\/wp-json\/wp\/v2\/users\/1"}],"replies":[{"embeddable":true,"href":"https:\/\/waka-waka.com\/de\/wp-json\/wp\/v2\/comments?post=45710"}],"version-history":[{"count":3,"href":"https:\/\/waka-waka.com\/de\/wp-json\/wp\/v2\/pages\/45710\/revisions"}],"predecessor-version":[{"id":45861,"href":"https:\/\/waka-waka.com\/de\/wp-json\/wp\/v2\/pages\/45710\/revisions\/45861"}],"wp:attachment":[{"href":"https:\/\/waka-waka.com\/de\/wp-json\/wp\/v2\/media?parent=45710"}],"curies":[{"name":"wp","href":"https:\/\/api.w.org\/{rel}","templated":true}]}}