{"id":45307,"date":"2025-07-07T14:31:58","date_gmt":"2025-07-07T14:31:58","guid":{"rendered":"https:\/\/waka-waka.com\/spende\/"},"modified":"2025-07-07T14:31:58","modified_gmt":"2025-07-07T14:31:58","slug":"spende","status":"publish","type":"page","link":"https:\/\/waka-waka.com\/de\/spende\/","title":{"rendered":"Spende"},"content":{"rendered":"<h1 class=\"block__title h3\">Unterst\u00fctze uns dabei, nachhaltigen Zugang zu Energie auf der ganzen Welt zu erm\u00f6glichen.<\/h1>\n<p class=\"block__tecxt\">Von humanit\u00e4rer Hilfe bis hin zu Outdoor-Abenteuern &#8211; nichts von dem, was wir tun, w\u00e4re ohne unsere unglaublichen Partner m\u00f6glich. Nichtregierungsorganisationen, Unternehmen und lokale Organisationen auf der ganzen Welt helfen uns, Licht und Energie dorthin zu bringen, wo sie am meisten gebraucht werden &#8211; sei es im Herzen eines Fl\u00fcchtlingslagers oder auf einem Berggipfel unter dem Sternenhimmel. <\/p>\n","protected":false},"excerpt":{"rendered":"<p>Unterst\u00fctze uns dabei, nachhaltigen Zugang zu Energie auf der ganzen Welt zu erm\u00f6glichen. Von humanit\u00e4rer Hilfe bis hin zu Outdoor-Abenteuern &#8230;<\/p>\n","protected":false},"author":1,"featured_media":33822,"parent":0,"menu_order":0,"comment_status":"closed","ping_status":"closed","template":"templates\/donation.php","meta":{"_acf_changed":false,"footnotes":""},"class_list":["post-45307","page","type-page","status-publish","has-post-thumbnail","hentry"],"acf":[],"yoast_head":"<!-- This site is optimized with the Yoast SEO plugin v27.3 - https:\/\/yoast.com\/product\/yoast-seo-wordpress\/ -->\n<title>Spende | WakaWaka\u00ae - Share the Sun - Go Solar<\/title>\n<meta name=\"robots\" content=\"index, follow, max-snippet:-1, max-image-preview:large, max-video-preview:-1\" \/>\n<link rel=\"canonical\" href=\"https:\/\/waka-waka.com\/de\/spende\/\" \/>\n<meta property=\"og:locale\" content=\"de_DE\" \/>\n<meta property=\"og:type\" content=\"article\" \/>\n<meta property=\"og:title\" content=\"Spende | WakaWaka\u00ae - Share the Sun - Go Solar\" \/>\n<meta property=\"og:description\" content=\"Unterst\u00fctze uns dabei, nachhaltigen Zugang zu Energie auf der ganzen Welt zu erm\u00f6glichen. Von humanit\u00e4rer Hilfe bis hin zu Outdoor-Abenteuern ...\" \/>\n<meta property=\"og:url\" content=\"https:\/\/waka-waka.com\/de\/spende\/\" \/>\n<meta property=\"og:site_name\" content=\"WakaWaka\u00ae - Share the Sun\" \/>\n<meta property=\"og:image\" content=\"https:\/\/waka-waka.com\/wp-content\/uploads\/2019\/10\/mission-project-syria.jpg\" \/>\n\t<meta property=\"og:image:width\" content=\"728\" \/>\n\t<meta property=\"og:image:height\" content=\"898\" \/>\n\t<meta property=\"og:image:type\" content=\"image\/jpeg\" \/>\n<meta name=\"twitter:card\" content=\"summary_large_image\" \/>\n<script type=\"application\/ld+json\" class=\"yoast-schema-graph\">{\"@context\":\"https:\\\/\\\/schema.org\",\"@graph\":[{\"@type\":\"WebPage\",\"@id\":\"https:\\\/\\\/waka-waka.com\\\/de\\\/spende\\\/\",\"url\":\"https:\\\/\\\/waka-waka.com\\\/de\\\/spende\\\/\",\"name\":\"Spende | WakaWaka\u00ae - Share the Sun - Go Solar\",\"isPartOf\":{\"@id\":\"https:\\\/\\\/waka-waka.com\\\/de\\\/#website\"},\"primaryImageOfPage\":{\"@id\":\"https:\\\/\\\/waka-waka.com\\\/de\\\/spende\\\/#primaryimage\"},\"image\":{\"@id\":\"https:\\\/\\\/waka-waka.com\\\/de\\\/spende\\\/#primaryimage\"},\"thumbnailUrl\":\"https:\\\/\\\/waka-waka.com\\\/wp-content\\\/uploads\\\/2019\\\/10\\\/mission-project-syria.jpg\",\"datePublished\":\"2025-07-07T14:31:58+00:00\",\"breadcrumb\":{\"@id\":\"https:\\\/\\\/waka-waka.com\\\/de\\\/spende\\\/#breadcrumb\"},\"inLanguage\":\"de\",\"potentialAction\":[{\"@type\":\"ReadAction\",\"target\":[\"https:\\\/\\\/waka-waka.com\\\/de\\\/spende\\\/\"]}]},{\"@type\":\"ImageObject\",\"inLanguage\":\"de\",\"@id\":\"https:\\\/\\\/waka-waka.com\\\/de\\\/spende\\\/#primaryimage\",\"url\":\"https:\\\/\\\/waka-waka.com\\\/wp-content\\\/uploads\\\/2019\\\/10\\\/mission-project-syria.jpg\",\"contentUrl\":\"https:\\\/\\\/waka-waka.com\\\/wp-content\\\/uploads\\\/2019\\\/10\\\/mission-project-syria.jpg\",\"width\":728,\"height\":898},{\"@type\":\"BreadcrumbList\",\"@id\":\"https:\\\/\\\/waka-waka.com\\\/de\\\/spende\\\/#breadcrumb\",\"itemListElement\":[{\"@type\":\"ListItem\",\"position\":1,\"name\":\"Home\",\"item\":\"https:\\\/\\\/waka-waka.com\\\/de\\\/\"},{\"@type\":\"ListItem\",\"position\":2,\"name\":\"Spende\"}]},{\"@type\":\"WebSite\",\"@id\":\"https:\\\/\\\/waka-waka.com\\\/de\\\/#website\",\"url\":\"https:\\\/\\\/waka-waka.com\\\/de\\\/\",\"name\":\"WakaWaka\u00ae - Share the Sun\",\"description\":\"Solarkraft nutzen.\",\"publisher\":{\"@id\":\"https:\\\/\\\/waka-waka.com\\\/de\\\/#organization\"},\"potentialAction\":[{\"@type\":\"SearchAction\",\"target\":{\"@type\":\"EntryPoint\",\"urlTemplate\":\"https:\\\/\\\/waka-waka.com\\\/de\\\/search\\\/{search_term_string}\"},\"query-input\":{\"@type\":\"PropertyValueSpecification\",\"valueRequired\":true,\"valueName\":\"search_term_string\"}}],\"inLanguage\":\"de\"},{\"@type\":\"Organization\",\"@id\":\"https:\\\/\\\/waka-waka.com\\\/de\\\/#organization\",\"name\":\"WakaWaka\",\"url\":\"https:\\\/\\\/waka-waka.com\\\/de\\\/\",\"logo\":{\"@type\":\"ImageObject\",\"inLanguage\":\"de\",\"@id\":\"https:\\\/\\\/waka-waka.com\\\/de\\\/#\\\/schema\\\/logo\\\/image\\\/\",\"url\":\"https:\\\/\\\/waka-waka.com\\\/wp-content\\\/uploads\\\/2019\\\/10\\\/seo-logo.png\",\"contentUrl\":\"https:\\\/\\\/waka-waka.com\\\/wp-content\\\/uploads\\\/2019\\\/10\\\/seo-logo.png\",\"width\":484,\"height\":186,\"caption\":\"WakaWaka\"},\"image\":{\"@id\":\"https:\\\/\\\/waka-waka.com\\\/de\\\/#\\\/schema\\\/logo\\\/image\\\/\"}}]}<\/script>\n<!-- \/ Yoast SEO plugin. -->","yoast_head_json":{"title":"Spende | WakaWaka\u00ae - Share the Sun - Go Solar","robots":{"index":"index","follow":"follow","max-snippet":"max-snippet:-1","max-image-preview":"max-image-preview:large","max-video-preview":"max-video-preview:-1"},"canonical":"https:\/\/waka-waka.com\/de\/spende\/","og_locale":"de_DE","og_type":"article","og_title":"Spende | WakaWaka\u00ae - Share the Sun - Go Solar","og_description":"Unterst\u00fctze uns dabei, nachhaltigen Zugang zu Energie auf der ganzen Welt zu erm\u00f6glichen. Von humanit\u00e4rer Hilfe bis hin zu Outdoor-Abenteuern ...","og_url":"https:\/\/waka-waka.com\/de\/spende\/","og_site_name":"WakaWaka\u00ae - Share the Sun","og_image":[{"width":728,"height":898,"url":"https:\/\/waka-waka.com\/wp-content\/uploads\/2019\/10\/mission-project-syria.jpg","type":"image\/jpeg"}],"twitter_card":"summary_large_image","schema":{"@context":"https:\/\/schema.org","@graph":[{"@type":"WebPage","@id":"https:\/\/waka-waka.com\/de\/spende\/","url":"https:\/\/waka-waka.com\/de\/spende\/","name":"Spende | WakaWaka\u00ae - Share the Sun - Go Solar","isPartOf":{"@id":"https:\/\/waka-waka.com\/de\/#website"},"primaryImageOfPage":{"@id":"https:\/\/waka-waka.com\/de\/spende\/#primaryimage"},"image":{"@id":"https:\/\/waka-waka.com\/de\/spende\/#primaryimage"},"thumbnailUrl":"https:\/\/waka-waka.com\/wp-content\/uploads\/2019\/10\/mission-project-syria.jpg","datePublished":"2025-07-07T14:31:58+00:00","breadcrumb":{"@id":"https:\/\/waka-waka.com\/de\/spende\/#breadcrumb"},"inLanguage":"de","potentialAction":[{"@type":"ReadAction","target":["https:\/\/waka-waka.com\/de\/spende\/"]}]},{"@type":"ImageObject","inLanguage":"de","@id":"https:\/\/waka-waka.com\/de\/spende\/#primaryimage","url":"https:\/\/waka-waka.com\/wp-content\/uploads\/2019\/10\/mission-project-syria.jpg","contentUrl":"https:\/\/waka-waka.com\/wp-content\/uploads\/2019\/10\/mission-project-syria.jpg","width":728,"height":898},{"@type":"BreadcrumbList","@id":"https:\/\/waka-waka.com\/de\/spende\/#breadcrumb","itemListElement":[{"@type":"ListItem","position":1,"name":"Home","item":"https:\/\/waka-waka.com\/de\/"},{"@type":"ListItem","position":2,"name":"Spende"}]},{"@type":"WebSite","@id":"https:\/\/waka-waka.com\/de\/#website","url":"https:\/\/waka-waka.com\/de\/","name":"WakaWaka\u00ae - Share the Sun","description":"Solarkraft nutzen.","publisher":{"@id":"https:\/\/waka-waka.com\/de\/#organization"},"potentialAction":[{"@type":"SearchAction","target":{"@type":"EntryPoint","urlTemplate":"https:\/\/waka-waka.com\/de\/search\/{search_term_string}"},"query-input":{"@type":"PropertyValueSpecification","valueRequired":true,"valueName":"search_term_string"}}],"inLanguage":"de"},{"@type":"Organization","@id":"https:\/\/waka-waka.com\/de\/#organization","name":"WakaWaka","url":"https:\/\/waka-waka.com\/de\/","logo":{"@type":"ImageObject","inLanguage":"de","@id":"https:\/\/waka-waka.com\/de\/#\/schema\/logo\/image\/","url":"https:\/\/waka-waka.com\/wp-content\/uploads\/2019\/10\/seo-logo.png","contentUrl":"https:\/\/waka-waka.com\/wp-content\/uploads\/2019\/10\/seo-logo.png","width":484,"height":186,"caption":"WakaWaka"},"image":{"@id":"https:\/\/waka-waka.com\/de\/#\/schema\/logo\/image\/"}}]}},"_links":{"self":[{"href":"https:\/\/waka-waka.com\/de\/wp-json\/wp\/v2\/pages\/45307","targetHints":{"allow":["GET"]}}],"collection":[{"href":"https:\/\/waka-waka.com\/de\/wp-json\/wp\/v2\/pages"}],"about":[{"href":"https:\/\/waka-waka.com\/de\/wp-json\/wp\/v2\/types\/page"}],"author":[{"embeddable":true,"href":"https:\/\/waka-waka.com\/de\/wp-json\/wp\/v2\/users\/1"}],"replies":[{"embeddable":true,"href":"https:\/\/waka-waka.com\/de\/wp-json\/wp\/v2\/comments?post=45307"}],"version-history":[{"count":0,"href":"https:\/\/waka-waka.com\/de\/wp-json\/wp\/v2\/pages\/45307\/revisions"}],"wp:featuredmedia":[{"embeddable":true,"href":"https:\/\/waka-waka.com\/de\/wp-json\/wp\/v2\/media\/33822"}],"wp:attachment":[{"href":"https:\/\/waka-waka.com\/de\/wp-json\/wp\/v2\/media?parent=45307"}],"curies":[{"name":"wp","href":"https:\/\/api.w.org\/{rel}","templated":true}]}}