{"id":32782,"date":"2019-09-04T10:24:19","date_gmt":"2019-09-04T10:24:19","guid":{"rendered":"https:\/\/waka-waka.com\/?page_id=32782"},"modified":"2025-07-07T14:51:56","modified_gmt":"2025-07-07T14:51:56","slug":"cookie-statement","status":"publish","type":"page","link":"https:\/\/waka-waka.com\/de\/cookie-statement\/","title":{"rendered":"Cookie-Erkl\u00e4rung"},"content":{"rendered":"<p><b>Cookies<\/b><\/p>\n<p>WakaWaka m\u00f6chte, dass du die WakaWaka-Webseiten optimal nutzen kannst. Zu diesem Zweck werden Cookies ben\u00f6tigt. Auf dieser Seite wird genau erkl\u00e4rt, wie, warum und wann Cookies verwendet werden.  <\/p>\n<p><b>Was sind Cookies?<\/b><\/p>\n<p>Cookies sind kleine Textdateien mit Daten, die auf der Festplatte deines Computers, Tablets oder Mobiltelefons gespeichert werden. Diese Cookies werden verwendet, um das Funktionieren und die \u00dcberwachung der WakaWaka-Websites zu verbessern. Es gibt drei Arten von Cookies.  <\/p>\n<p><b>Funktionale Cookies<\/b><\/p>\n<p>Diese Cookies gew\u00e4hrleisten das ordnungsgem\u00e4\u00dfe Funktionieren unserer Websites. Au\u00dferdem erleichtern sie dir die Nutzung der Website, indem sie sich zum Beispiel deine pers\u00f6nlichen Einstellungen merken. <\/p>\n<p><b>Analytische Cookies<\/b><\/p>\n<p>Allgemeine Besucherdaten werden auf den WakaWaka-Websites registriert. Das bedeutet, dass die IP-Adresse deines Computers, dein Benutzername (falls zutreffend), der Zeitpunkt deiner Anfrage und die Daten, die dein Browser an uns sendet, registriert und f\u00fcr statistische Analysen der Seitenbesuche und des Surfens auf der Website verwendet werden. WakaWaka nutzt diese Informationen auch, um die Funktionsweise der Website zu optimieren.  <\/p>\n<p>WakaWaka versucht, diese Daten so weit wie m\u00f6glich zu anonymisieren. Wir geben diese Daten nicht an Dritte weiter. <\/p>\n<p>WakaWaka macht Gebrauch von Google Analytics. Es ist m\u00f6glich, dass Google Analytics-Cookies mit dem Ziel platziert werden, Daten zu sammeln, um dir letztendlich ein optimales Nutzererlebnis zu bieten. Durch das Sammeln von Daten durch Google Analytics erh\u00e4lt WakaWaka einen Einblick in die Nutzung der Websites und kann diese Statistiken auf seine Websites anwenden. Die Cookies von Google werden nach maximal zwei Jahren gel\u00f6scht. Google gibt deine Daten nicht an Dritte weiter. Lies die <a href=\"https:\/\/policies.google.com\/privacy?hl=nl%2522%2520\/t%2520%2522_blank\">Google-Datenschutzerkl\u00e4rung<\/a> hier.     <\/p>\n<p><b>Tracking-Cookies<\/b><\/p>\n<p>Schlie\u00dflich verwendet WakaWaka mit deiner Erlaubnis Tracking-Cookies, damit die Werbung auf den von dir besuchten Websites besser auf deine Bed\u00fcrfnisse und Interessen zugeschnitten werden kann, um zu verfolgen, wie viele und welche Werbung dir gezeigt wurde (um zu verhindern, dass du immer wieder dieselbe Werbung siehst) und um festzustellen, ob du auf eine Werbung geklickt hast.<\/p>\n<p>Das Google Adwords-Cookie merkt sich, welche Seiten du besuchst, damit wir dir gezielte und relevante Angebote von uns schicken k\u00f6nnen. Die Cookies von Google werden nach maximal zwei Jahren gel\u00f6scht. Google gibt deine Daten nicht an Dritte weiter. Lies die <a href=\"https:\/\/policies.google.com\/privacy?hl=nl%2522%2520\/t%2520%2522_blank\">Google-Datenschutzerkl\u00e4rung<\/a> hier.   <\/p>\n","protected":false},"excerpt":{"rendered":"<p>Cookies WakaWaka m\u00f6chte, dass du die WakaWaka-Webseiten optimal nutzen kannst. Zu diesem Zweck werden Cookies ben\u00f6tigt. Auf dieser Seite wird &#8230;<\/p>\n","protected":false},"author":1,"featured_media":0,"parent":0,"menu_order":0,"comment_status":"closed","ping_status":"closed","template":"","meta":{"_acf_changed":false,"footnotes":""},"class_list":["post-32782","page","type-page","status-publish","hentry"],"acf":[],"yoast_head":"<!-- This site is optimized with the Yoast SEO plugin v27.3 - https:\/\/yoast.com\/product\/yoast-seo-wordpress\/ -->\n<title>Cookie-Erkl\u00e4rung | WakaWaka\u00ae - Share the Sun - Go Solar<\/title>\n<meta name=\"robots\" content=\"index, follow, max-snippet:-1, max-image-preview:large, max-video-preview:-1\" \/>\n<link rel=\"canonical\" href=\"https:\/\/waka-waka.com\/de\/cookie-statement\/\" \/>\n<meta property=\"og:locale\" content=\"de_DE\" \/>\n<meta property=\"og:type\" content=\"article\" \/>\n<meta property=\"og:title\" content=\"Cookie-Erkl\u00e4rung | WakaWaka\u00ae - Share the Sun - Go Solar\" \/>\n<meta property=\"og:description\" content=\"Cookies WakaWaka m\u00f6chte, dass du die WakaWaka-Webseiten optimal nutzen kannst. Zu diesem Zweck werden Cookies ben\u00f6tigt. Auf dieser Seite wird ...\" \/>\n<meta property=\"og:url\" content=\"https:\/\/waka-waka.com\/de\/cookie-statement\/\" \/>\n<meta property=\"og:site_name\" content=\"WakaWaka\u00ae - Share the Sun\" \/>\n<meta property=\"article:modified_time\" content=\"2025-07-07T14:51:56+00:00\" \/>\n<meta name=\"twitter:card\" content=\"summary_large_image\" \/>\n<meta name=\"twitter:label1\" content=\"Gesch\u00e4tzte Lesezeit\" \/>\n\t<meta name=\"twitter:data1\" content=\"2\u00a0Minuten\" \/>\n<script type=\"application\/ld+json\" class=\"yoast-schema-graph\">{\"@context\":\"https:\\\/\\\/schema.org\",\"@graph\":[{\"@type\":\"WebPage\",\"@id\":\"https:\\\/\\\/waka-waka.com\\\/de\\\/cookie-statement\\\/\",\"url\":\"https:\\\/\\\/waka-waka.com\\\/de\\\/cookie-statement\\\/\",\"name\":\"Cookie-Erkl\u00e4rung | WakaWaka\u00ae - Share the Sun - Go Solar\",\"isPartOf\":{\"@id\":\"https:\\\/\\\/waka-waka.com\\\/de\\\/#website\"},\"datePublished\":\"2019-09-04T10:24:19+00:00\",\"dateModified\":\"2025-07-07T14:51:56+00:00\",\"breadcrumb\":{\"@id\":\"https:\\\/\\\/waka-waka.com\\\/de\\\/cookie-statement\\\/#breadcrumb\"},\"inLanguage\":\"de\",\"potentialAction\":[{\"@type\":\"ReadAction\",\"target\":[\"https:\\\/\\\/waka-waka.com\\\/de\\\/cookie-statement\\\/\"]}]},{\"@type\":\"BreadcrumbList\",\"@id\":\"https:\\\/\\\/waka-waka.com\\\/de\\\/cookie-statement\\\/#breadcrumb\",\"itemListElement\":[{\"@type\":\"ListItem\",\"position\":1,\"name\":\"Home\",\"item\":\"https:\\\/\\\/waka-waka.com\\\/de\\\/\"},{\"@type\":\"ListItem\",\"position\":2,\"name\":\"Cookie-Erkl\u00e4rung\"}]},{\"@type\":\"WebSite\",\"@id\":\"https:\\\/\\\/waka-waka.com\\\/de\\\/#website\",\"url\":\"https:\\\/\\\/waka-waka.com\\\/de\\\/\",\"name\":\"WakaWaka\u00ae - Share the Sun\",\"description\":\"Solarkraft nutzen.\",\"publisher\":{\"@id\":\"https:\\\/\\\/waka-waka.com\\\/de\\\/#organization\"},\"potentialAction\":[{\"@type\":\"SearchAction\",\"target\":{\"@type\":\"EntryPoint\",\"urlTemplate\":\"https:\\\/\\\/waka-waka.com\\\/de\\\/search\\\/{search_term_string}\"},\"query-input\":{\"@type\":\"PropertyValueSpecification\",\"valueRequired\":true,\"valueName\":\"search_term_string\"}}],\"inLanguage\":\"de\"},{\"@type\":\"Organization\",\"@id\":\"https:\\\/\\\/waka-waka.com\\\/de\\\/#organization\",\"name\":\"WakaWaka\",\"url\":\"https:\\\/\\\/waka-waka.com\\\/de\\\/\",\"logo\":{\"@type\":\"ImageObject\",\"inLanguage\":\"de\",\"@id\":\"https:\\\/\\\/waka-waka.com\\\/de\\\/#\\\/schema\\\/logo\\\/image\\\/\",\"url\":\"https:\\\/\\\/waka-waka.com\\\/wp-content\\\/uploads\\\/2019\\\/10\\\/seo-logo.png\",\"contentUrl\":\"https:\\\/\\\/waka-waka.com\\\/wp-content\\\/uploads\\\/2019\\\/10\\\/seo-logo.png\",\"width\":484,\"height\":186,\"caption\":\"WakaWaka\"},\"image\":{\"@id\":\"https:\\\/\\\/waka-waka.com\\\/de\\\/#\\\/schema\\\/logo\\\/image\\\/\"}}]}<\/script>\n<!-- \/ Yoast SEO plugin. -->","yoast_head_json":{"title":"Cookie-Erkl\u00e4rung | WakaWaka\u00ae - Share the Sun - Go Solar","robots":{"index":"index","follow":"follow","max-snippet":"max-snippet:-1","max-image-preview":"max-image-preview:large","max-video-preview":"max-video-preview:-1"},"canonical":"https:\/\/waka-waka.com\/de\/cookie-statement\/","og_locale":"de_DE","og_type":"article","og_title":"Cookie-Erkl\u00e4rung | WakaWaka\u00ae - Share the Sun - Go Solar","og_description":"Cookies WakaWaka m\u00f6chte, dass du die WakaWaka-Webseiten optimal nutzen kannst. Zu diesem Zweck werden Cookies ben\u00f6tigt. Auf dieser Seite wird ...","og_url":"https:\/\/waka-waka.com\/de\/cookie-statement\/","og_site_name":"WakaWaka\u00ae - Share the Sun","article_modified_time":"2025-07-07T14:51:56+00:00","twitter_card":"summary_large_image","twitter_misc":{"Gesch\u00e4tzte Lesezeit":"2\u00a0Minuten"},"schema":{"@context":"https:\/\/schema.org","@graph":[{"@type":"WebPage","@id":"https:\/\/waka-waka.com\/de\/cookie-statement\/","url":"https:\/\/waka-waka.com\/de\/cookie-statement\/","name":"Cookie-Erkl\u00e4rung | WakaWaka\u00ae - Share the Sun - Go Solar","isPartOf":{"@id":"https:\/\/waka-waka.com\/de\/#website"},"datePublished":"2019-09-04T10:24:19+00:00","dateModified":"2025-07-07T14:51:56+00:00","breadcrumb":{"@id":"https:\/\/waka-waka.com\/de\/cookie-statement\/#breadcrumb"},"inLanguage":"de","potentialAction":[{"@type":"ReadAction","target":["https:\/\/waka-waka.com\/de\/cookie-statement\/"]}]},{"@type":"BreadcrumbList","@id":"https:\/\/waka-waka.com\/de\/cookie-statement\/#breadcrumb","itemListElement":[{"@type":"ListItem","position":1,"name":"Home","item":"https:\/\/waka-waka.com\/de\/"},{"@type":"ListItem","position":2,"name":"Cookie-Erkl\u00e4rung"}]},{"@type":"WebSite","@id":"https:\/\/waka-waka.com\/de\/#website","url":"https:\/\/waka-waka.com\/de\/","name":"WakaWaka\u00ae - Share the Sun","description":"Solarkraft nutzen.","publisher":{"@id":"https:\/\/waka-waka.com\/de\/#organization"},"potentialAction":[{"@type":"SearchAction","target":{"@type":"EntryPoint","urlTemplate":"https:\/\/waka-waka.com\/de\/search\/{search_term_string}"},"query-input":{"@type":"PropertyValueSpecification","valueRequired":true,"valueName":"search_term_string"}}],"inLanguage":"de"},{"@type":"Organization","@id":"https:\/\/waka-waka.com\/de\/#organization","name":"WakaWaka","url":"https:\/\/waka-waka.com\/de\/","logo":{"@type":"ImageObject","inLanguage":"de","@id":"https:\/\/waka-waka.com\/de\/#\/schema\/logo\/image\/","url":"https:\/\/waka-waka.com\/wp-content\/uploads\/2019\/10\/seo-logo.png","contentUrl":"https:\/\/waka-waka.com\/wp-content\/uploads\/2019\/10\/seo-logo.png","width":484,"height":186,"caption":"WakaWaka"},"image":{"@id":"https:\/\/waka-waka.com\/de\/#\/schema\/logo\/image\/"}}]}},"_links":{"self":[{"href":"https:\/\/waka-waka.com\/de\/wp-json\/wp\/v2\/pages\/32782","targetHints":{"allow":["GET"]}}],"collection":[{"href":"https:\/\/waka-waka.com\/de\/wp-json\/wp\/v2\/pages"}],"about":[{"href":"https:\/\/waka-waka.com\/de\/wp-json\/wp\/v2\/types\/page"}],"author":[{"embeddable":true,"href":"https:\/\/waka-waka.com\/de\/wp-json\/wp\/v2\/users\/1"}],"replies":[{"embeddable":true,"href":"https:\/\/waka-waka.com\/de\/wp-json\/wp\/v2\/comments?post=32782"}],"version-history":[{"count":1,"href":"https:\/\/waka-waka.com\/de\/wp-json\/wp\/v2\/pages\/32782\/revisions"}],"predecessor-version":[{"id":45319,"href":"https:\/\/waka-waka.com\/de\/wp-json\/wp\/v2\/pages\/32782\/revisions\/45319"}],"wp:attachment":[{"href":"https:\/\/waka-waka.com\/de\/wp-json\/wp\/v2\/media?parent=32782"}],"curies":[{"name":"wp","href":"https:\/\/api.w.org\/{rel}","templated":true}]}}