{"id":30593,"date":"2019-08-13T11:48:08","date_gmt":"2019-08-13T11:48:08","guid":{"rendered":"https:\/\/waka-waka.com\/jobs\/"},"modified":"2025-07-07T14:55:57","modified_gmt":"2025-07-07T14:55:57","slug":"jobs","status":"publish","type":"page","link":"https:\/\/waka-waka.com\/de\/jobs\/","title":{"rendered":"Arbeiten bei WakaWaka"},"content":{"rendered":"<h1>Bewerbung \u00f6ffnen<\/h1>\n<p>&nbsp;<\/p>\n<p>Wir bei WakaWaka sind immer auf der Suche nach leidenschaftlichen, engagierten und zielstrebigen Menschen, die etwas in der Welt bewegen wollen. Egal, ob du ein erfahrener Profi oder ein neugieriger Praktikant bist, der praktische Erfahrungen sammeln m\u00f6chte &#8211; wir glauben, dass die richtige Einstellung wichtiger ist als ein perfekter Lebenslauf. <\/p>\n<p>Im Moment haben wir keine konkreten Stellenausschreibungen &#8211; aber das hei\u00dft nicht, dass wir keinen Platz f\u00fcr dich haben. Wenn du dich mit unserer Mission verbunden f\u00fchlst und glaubst, dass du mit deinen F\u00e4higkeiten, Ideen oder deiner Energie einen wertvollen Beitrag zu unserem Team leisten kannst, w\u00fcrden wir uns freuen, von dir zu h\u00f6ren. <\/p>\n<p>Sag uns, wer du bist, was dich motiviert und wie du zu WakaWakas Reise beitragen m\u00f6chtest.<br \/>\nSchicke deine Motivation und deinen Lebenslauf an <a href=\"mailto:jobs@waka-waka.com\">jobs@waka-waka.com.<\/a> Wir melden uns so schnell wie m\u00f6glich bei dir.<\/p>\n<p><strong><br \/>\nLass uns gemeinsam die Welt erhellen.<\/strong><\/p>\n","protected":false},"excerpt":{"rendered":"<p>Bewerbung \u00f6ffnen &nbsp; Wir bei WakaWaka sind immer auf der Suche nach leidenschaftlichen, engagierten und zielstrebigen Menschen, die etwas in &#8230;<\/p>\n","protected":false},"author":1,"featured_media":0,"parent":0,"menu_order":0,"comment_status":"closed","ping_status":"closed","template":"","meta":{"_acf_changed":false,"footnotes":""},"class_list":["post-30593","page","type-page","status-publish","hentry"],"acf":[],"yoast_head":"<!-- This site is optimized with the Yoast SEO plugin v27.4 - https:\/\/yoast.com\/product\/yoast-seo-wordpress\/ -->\n<title>Arbeiten bei WakaWaka | WakaWaka\u00ae - Share the Sun - Go Solar<\/title>\n<meta name=\"robots\" content=\"index, follow, max-snippet:-1, max-image-preview:large, max-video-preview:-1\" \/>\n<link rel=\"canonical\" href=\"https:\/\/waka-waka.com\/de\/jobs\/\" \/>\n<meta property=\"og:locale\" content=\"de_DE\" \/>\n<meta property=\"og:type\" content=\"article\" \/>\n<meta property=\"og:title\" content=\"Arbeiten bei WakaWaka | WakaWaka\u00ae - Share the Sun - Go Solar\" \/>\n<meta property=\"og:description\" content=\"Bewerbung \u00f6ffnen &nbsp; Wir bei WakaWaka sind immer auf der Suche nach leidenschaftlichen, engagierten und zielstrebigen Menschen, die etwas in ...\" \/>\n<meta property=\"og:url\" content=\"https:\/\/waka-waka.com\/de\/jobs\/\" \/>\n<meta property=\"og:site_name\" content=\"WakaWaka\u00ae - Share the Sun\" \/>\n<meta property=\"article:modified_time\" content=\"2025-07-07T14:55:57+00:00\" \/>\n<meta name=\"twitter:card\" content=\"summary_large_image\" \/>\n<meta name=\"twitter:label1\" content=\"Gesch\u00e4tzte Lesezeit\" \/>\n\t<meta name=\"twitter:data1\" content=\"1\u00a0Minute\" \/>\n<script type=\"application\/ld+json\" class=\"yoast-schema-graph\">{\"@context\":\"https:\\\/\\\/schema.org\",\"@graph\":[{\"@type\":\"WebPage\",\"@id\":\"https:\\\/\\\/waka-waka.com\\\/de\\\/jobs\\\/\",\"url\":\"https:\\\/\\\/waka-waka.com\\\/de\\\/jobs\\\/\",\"name\":\"Arbeiten bei WakaWaka | WakaWaka\u00ae - Share the Sun - Go Solar\",\"isPartOf\":{\"@id\":\"https:\\\/\\\/waka-waka.com\\\/de\\\/#website\"},\"datePublished\":\"2019-08-13T11:48:08+00:00\",\"dateModified\":\"2025-07-07T14:55:57+00:00\",\"breadcrumb\":{\"@id\":\"https:\\\/\\\/waka-waka.com\\\/de\\\/jobs\\\/#breadcrumb\"},\"inLanguage\":\"de\",\"potentialAction\":[{\"@type\":\"ReadAction\",\"target\":[\"https:\\\/\\\/waka-waka.com\\\/de\\\/jobs\\\/\"]}]},{\"@type\":\"BreadcrumbList\",\"@id\":\"https:\\\/\\\/waka-waka.com\\\/de\\\/jobs\\\/#breadcrumb\",\"itemListElement\":[{\"@type\":\"ListItem\",\"position\":1,\"name\":\"Home\",\"item\":\"https:\\\/\\\/waka-waka.com\\\/de\\\/\"},{\"@type\":\"ListItem\",\"position\":2,\"name\":\"Arbeiten bei WakaWaka\"}]},{\"@type\":\"WebSite\",\"@id\":\"https:\\\/\\\/waka-waka.com\\\/de\\\/#website\",\"url\":\"https:\\\/\\\/waka-waka.com\\\/de\\\/\",\"name\":\"WakaWaka\u00ae - Share the Sun\",\"description\":\"Solarkraft nutzen.\",\"publisher\":{\"@id\":\"https:\\\/\\\/waka-waka.com\\\/de\\\/#organization\"},\"potentialAction\":[{\"@type\":\"SearchAction\",\"target\":{\"@type\":\"EntryPoint\",\"urlTemplate\":\"https:\\\/\\\/waka-waka.com\\\/de\\\/search\\\/{search_term_string}\"},\"query-input\":{\"@type\":\"PropertyValueSpecification\",\"valueRequired\":true,\"valueName\":\"search_term_string\"}}],\"inLanguage\":\"de\"},{\"@type\":\"Organization\",\"@id\":\"https:\\\/\\\/waka-waka.com\\\/de\\\/#organization\",\"name\":\"WakaWaka\",\"url\":\"https:\\\/\\\/waka-waka.com\\\/de\\\/\",\"logo\":{\"@type\":\"ImageObject\",\"inLanguage\":\"de\",\"@id\":\"https:\\\/\\\/waka-waka.com\\\/de\\\/#\\\/schema\\\/logo\\\/image\\\/\",\"url\":\"https:\\\/\\\/waka-waka.com\\\/wp-content\\\/uploads\\\/2019\\\/10\\\/seo-logo.png\",\"contentUrl\":\"https:\\\/\\\/waka-waka.com\\\/wp-content\\\/uploads\\\/2019\\\/10\\\/seo-logo.png\",\"width\":484,\"height\":186,\"caption\":\"WakaWaka\"},\"image\":{\"@id\":\"https:\\\/\\\/waka-waka.com\\\/de\\\/#\\\/schema\\\/logo\\\/image\\\/\"}}]}<\/script>\n<!-- \/ Yoast SEO plugin. -->","yoast_head_json":{"title":"Arbeiten bei WakaWaka | WakaWaka\u00ae - Share the Sun - Go Solar","robots":{"index":"index","follow":"follow","max-snippet":"max-snippet:-1","max-image-preview":"max-image-preview:large","max-video-preview":"max-video-preview:-1"},"canonical":"https:\/\/waka-waka.com\/de\/jobs\/","og_locale":"de_DE","og_type":"article","og_title":"Arbeiten bei WakaWaka | WakaWaka\u00ae - Share the Sun - Go Solar","og_description":"Bewerbung \u00f6ffnen &nbsp; Wir bei WakaWaka sind immer auf der Suche nach leidenschaftlichen, engagierten und zielstrebigen Menschen, die etwas in ...","og_url":"https:\/\/waka-waka.com\/de\/jobs\/","og_site_name":"WakaWaka\u00ae - Share the Sun","article_modified_time":"2025-07-07T14:55:57+00:00","twitter_card":"summary_large_image","twitter_misc":{"Gesch\u00e4tzte Lesezeit":"1\u00a0Minute"},"schema":{"@context":"https:\/\/schema.org","@graph":[{"@type":"WebPage","@id":"https:\/\/waka-waka.com\/de\/jobs\/","url":"https:\/\/waka-waka.com\/de\/jobs\/","name":"Arbeiten bei WakaWaka | WakaWaka\u00ae - Share the Sun - Go Solar","isPartOf":{"@id":"https:\/\/waka-waka.com\/de\/#website"},"datePublished":"2019-08-13T11:48:08+00:00","dateModified":"2025-07-07T14:55:57+00:00","breadcrumb":{"@id":"https:\/\/waka-waka.com\/de\/jobs\/#breadcrumb"},"inLanguage":"de","potentialAction":[{"@type":"ReadAction","target":["https:\/\/waka-waka.com\/de\/jobs\/"]}]},{"@type":"BreadcrumbList","@id":"https:\/\/waka-waka.com\/de\/jobs\/#breadcrumb","itemListElement":[{"@type":"ListItem","position":1,"name":"Home","item":"https:\/\/waka-waka.com\/de\/"},{"@type":"ListItem","position":2,"name":"Arbeiten bei WakaWaka"}]},{"@type":"WebSite","@id":"https:\/\/waka-waka.com\/de\/#website","url":"https:\/\/waka-waka.com\/de\/","name":"WakaWaka\u00ae - Share the Sun","description":"Solarkraft nutzen.","publisher":{"@id":"https:\/\/waka-waka.com\/de\/#organization"},"potentialAction":[{"@type":"SearchAction","target":{"@type":"EntryPoint","urlTemplate":"https:\/\/waka-waka.com\/de\/search\/{search_term_string}"},"query-input":{"@type":"PropertyValueSpecification","valueRequired":true,"valueName":"search_term_string"}}],"inLanguage":"de"},{"@type":"Organization","@id":"https:\/\/waka-waka.com\/de\/#organization","name":"WakaWaka","url":"https:\/\/waka-waka.com\/de\/","logo":{"@type":"ImageObject","inLanguage":"de","@id":"https:\/\/waka-waka.com\/de\/#\/schema\/logo\/image\/","url":"https:\/\/waka-waka.com\/wp-content\/uploads\/2019\/10\/seo-logo.png","contentUrl":"https:\/\/waka-waka.com\/wp-content\/uploads\/2019\/10\/seo-logo.png","width":484,"height":186,"caption":"WakaWaka"},"image":{"@id":"https:\/\/waka-waka.com\/de\/#\/schema\/logo\/image\/"}}]}},"_links":{"self":[{"href":"https:\/\/waka-waka.com\/de\/wp-json\/wp\/v2\/pages\/30593","targetHints":{"allow":["GET"]}}],"collection":[{"href":"https:\/\/waka-waka.com\/de\/wp-json\/wp\/v2\/pages"}],"about":[{"href":"https:\/\/waka-waka.com\/de\/wp-json\/wp\/v2\/types\/page"}],"author":[{"embeddable":true,"href":"https:\/\/waka-waka.com\/de\/wp-json\/wp\/v2\/users\/1"}],"replies":[{"embeddable":true,"href":"https:\/\/waka-waka.com\/de\/wp-json\/wp\/v2\/comments?post=30593"}],"version-history":[{"count":1,"href":"https:\/\/waka-waka.com\/de\/wp-json\/wp\/v2\/pages\/30593\/revisions"}],"predecessor-version":[{"id":45322,"href":"https:\/\/waka-waka.com\/de\/wp-json\/wp\/v2\/pages\/30593\/revisions\/45322"}],"wp:attachment":[{"href":"https:\/\/waka-waka.com\/de\/wp-json\/wp\/v2\/media?parent=30593"}],"curies":[{"name":"wp","href":"https:\/\/api.w.org\/{rel}","templated":true}]}}