{"id":30583,"date":"2019-08-13T11:45:53","date_gmt":"2019-08-13T11:45:53","guid":{"rendered":"https:\/\/waka-waka.com\/returns\/"},"modified":"2025-07-07T14:57:32","modified_gmt":"2025-07-07T14:57:32","slug":"return-policy","status":"publish","type":"page","link":"https:\/\/waka-waka.com\/de\/return-policy\/","title":{"rendered":"R\u00fcckgaberecht"},"content":{"rendered":"<h3>R\u00fcckgabe und R\u00fcckerstattung<\/h3>\n<p><strong>WakaWaka nimmt Produkte in neuem Zustand und in der Originalverpackung innerhalb von 14 Tagen ab Kaufdatum an.<\/strong><\/p>\n<p>Dies gilt ausschlie\u00dflich f\u00fcr Produkte, die auf waka-waka.com gekauft wurden. Bei allen anderen K\u00e4ufen wende dich bitte direkt an den H\u00e4ndler\/Vertriebspartner, bei dem du gekauft hast, und befolge dessen R\u00fcckgabebedingungen. <\/p>\n<p>Um dein Produkt zur\u00fcckzugeben, wende dich bitte an unseren Kundenservice unter <a href=\"mailto:support@waka-waka.com\">support@waka-waka.com.<\/a><\/p>\n<p>Wir werden deinen Antrag bearbeiten und dir den Gesamtbetrag erstatten, den du f\u00fcr die zur\u00fcckgegebenen Artikel bezahlt hast. Sobald wir den\/die Artikel erhalten haben, dauert es bis zu 14 Tage, bis die R\u00fcckgabe bearbeitet wird. <\/p>\n<p>&nbsp;<\/p>\n<h3>Reparieren oder Ersetzen<\/h3>\n<p><strong>WakaWaka repariert oder ersetzt jedes WakaWaka-Produkt, das w\u00e4hrend der geltenden Garantiezeit aufgrund eines Verarbeitungs- oder Materialfehlers bei normalem Gebrauch nicht mehr funktioniert.<\/strong><\/p>\n<p>Die Garantiezeit betr\u00e4gt 24 Monate.<\/p>\n<p>Wenn die von dir gekauften Produkte besch\u00e4digt sind oder andere Material- oder Herstellungsfehler aufweisen, wende dich bitte an unseren Kundenservice unter <a href=\"mailto:support@waka-waka.com\">support@waka-waka.com.<\/a><\/p>\n<p>Wenn du dein(e) Produkt(e) bei einem Einzelh\u00e4ndler gekauft hast, wende dich bitte direkt an diesen, um Informationen \u00fcber eine eventuelle Garantie zu erhalten.<\/p>\n","protected":false},"excerpt":{"rendered":"<p>R\u00fcckgabe und R\u00fcckerstattung WakaWaka nimmt Produkte in neuem Zustand und in der Originalverpackung innerhalb von 14 Tagen ab Kaufdatum an. &#8230;<\/p>\n","protected":false},"author":1,"featured_media":0,"parent":0,"menu_order":0,"comment_status":"closed","ping_status":"closed","template":"","meta":{"_acf_changed":false,"footnotes":""},"class_list":["post-30583","page","type-page","status-publish","hentry"],"acf":[],"yoast_head":"<!-- This site is optimized with the Yoast SEO plugin v27.3 - https:\/\/yoast.com\/product\/yoast-seo-wordpress\/ -->\n<title>R\u00fcckgaberecht | WakaWaka\u00ae - Share the Sun - Go Solar<\/title>\n<meta name=\"robots\" content=\"index, follow, max-snippet:-1, max-image-preview:large, max-video-preview:-1\" \/>\n<link rel=\"canonical\" href=\"https:\/\/waka-waka.com\/de\/return-policy\/\" \/>\n<meta property=\"og:locale\" content=\"de_DE\" \/>\n<meta property=\"og:type\" content=\"article\" \/>\n<meta property=\"og:title\" content=\"R\u00fcckgaberecht | WakaWaka\u00ae - Share the Sun - Go Solar\" \/>\n<meta property=\"og:description\" content=\"R\u00fcckgabe und R\u00fcckerstattung WakaWaka nimmt Produkte in neuem Zustand und in der Originalverpackung innerhalb von 14 Tagen ab Kaufdatum an. ...\" \/>\n<meta property=\"og:url\" content=\"https:\/\/waka-waka.com\/de\/return-policy\/\" \/>\n<meta property=\"og:site_name\" content=\"WakaWaka\u00ae - Share the Sun\" \/>\n<meta property=\"article:modified_time\" content=\"2025-07-07T14:57:32+00:00\" \/>\n<meta name=\"twitter:card\" content=\"summary_large_image\" \/>\n<meta name=\"twitter:label1\" content=\"Gesch\u00e4tzte Lesezeit\" \/>\n\t<meta name=\"twitter:data1\" content=\"1\u00a0Minute\" \/>\n<script type=\"application\/ld+json\" class=\"yoast-schema-graph\">{\"@context\":\"https:\\\/\\\/schema.org\",\"@graph\":[{\"@type\":\"WebPage\",\"@id\":\"https:\\\/\\\/waka-waka.com\\\/de\\\/return-policy\\\/\",\"url\":\"https:\\\/\\\/waka-waka.com\\\/de\\\/return-policy\\\/\",\"name\":\"R\u00fcckgaberecht | WakaWaka\u00ae - Share the Sun - Go Solar\",\"isPartOf\":{\"@id\":\"https:\\\/\\\/waka-waka.com\\\/de\\\/#website\"},\"datePublished\":\"2019-08-13T11:45:53+00:00\",\"dateModified\":\"2025-07-07T14:57:32+00:00\",\"breadcrumb\":{\"@id\":\"https:\\\/\\\/waka-waka.com\\\/de\\\/return-policy\\\/#breadcrumb\"},\"inLanguage\":\"de\",\"potentialAction\":[{\"@type\":\"ReadAction\",\"target\":[\"https:\\\/\\\/waka-waka.com\\\/de\\\/return-policy\\\/\"]}]},{\"@type\":\"BreadcrumbList\",\"@id\":\"https:\\\/\\\/waka-waka.com\\\/de\\\/return-policy\\\/#breadcrumb\",\"itemListElement\":[{\"@type\":\"ListItem\",\"position\":1,\"name\":\"Home\",\"item\":\"https:\\\/\\\/waka-waka.com\\\/de\\\/\"},{\"@type\":\"ListItem\",\"position\":2,\"name\":\"R\u00fcckgaberecht\"}]},{\"@type\":\"WebSite\",\"@id\":\"https:\\\/\\\/waka-waka.com\\\/de\\\/#website\",\"url\":\"https:\\\/\\\/waka-waka.com\\\/de\\\/\",\"name\":\"WakaWaka\u00ae - Share the Sun\",\"description\":\"Solarkraft nutzen.\",\"publisher\":{\"@id\":\"https:\\\/\\\/waka-waka.com\\\/de\\\/#organization\"},\"potentialAction\":[{\"@type\":\"SearchAction\",\"target\":{\"@type\":\"EntryPoint\",\"urlTemplate\":\"https:\\\/\\\/waka-waka.com\\\/de\\\/search\\\/{search_term_string}\"},\"query-input\":{\"@type\":\"PropertyValueSpecification\",\"valueRequired\":true,\"valueName\":\"search_term_string\"}}],\"inLanguage\":\"de\"},{\"@type\":\"Organization\",\"@id\":\"https:\\\/\\\/waka-waka.com\\\/de\\\/#organization\",\"name\":\"WakaWaka\",\"url\":\"https:\\\/\\\/waka-waka.com\\\/de\\\/\",\"logo\":{\"@type\":\"ImageObject\",\"inLanguage\":\"de\",\"@id\":\"https:\\\/\\\/waka-waka.com\\\/de\\\/#\\\/schema\\\/logo\\\/image\\\/\",\"url\":\"https:\\\/\\\/waka-waka.com\\\/wp-content\\\/uploads\\\/2019\\\/10\\\/seo-logo.png\",\"contentUrl\":\"https:\\\/\\\/waka-waka.com\\\/wp-content\\\/uploads\\\/2019\\\/10\\\/seo-logo.png\",\"width\":484,\"height\":186,\"caption\":\"WakaWaka\"},\"image\":{\"@id\":\"https:\\\/\\\/waka-waka.com\\\/de\\\/#\\\/schema\\\/logo\\\/image\\\/\"}}]}<\/script>\n<!-- \/ Yoast SEO plugin. -->","yoast_head_json":{"title":"R\u00fcckgaberecht | WakaWaka\u00ae - Share the Sun - Go Solar","robots":{"index":"index","follow":"follow","max-snippet":"max-snippet:-1","max-image-preview":"max-image-preview:large","max-video-preview":"max-video-preview:-1"},"canonical":"https:\/\/waka-waka.com\/de\/return-policy\/","og_locale":"de_DE","og_type":"article","og_title":"R\u00fcckgaberecht | WakaWaka\u00ae - Share the Sun - Go Solar","og_description":"R\u00fcckgabe und R\u00fcckerstattung WakaWaka nimmt Produkte in neuem Zustand und in der Originalverpackung innerhalb von 14 Tagen ab Kaufdatum an. ...","og_url":"https:\/\/waka-waka.com\/de\/return-policy\/","og_site_name":"WakaWaka\u00ae - Share the Sun","article_modified_time":"2025-07-07T14:57:32+00:00","twitter_card":"summary_large_image","twitter_misc":{"Gesch\u00e4tzte Lesezeit":"1\u00a0Minute"},"schema":{"@context":"https:\/\/schema.org","@graph":[{"@type":"WebPage","@id":"https:\/\/waka-waka.com\/de\/return-policy\/","url":"https:\/\/waka-waka.com\/de\/return-policy\/","name":"R\u00fcckgaberecht | WakaWaka\u00ae - Share the Sun - Go Solar","isPartOf":{"@id":"https:\/\/waka-waka.com\/de\/#website"},"datePublished":"2019-08-13T11:45:53+00:00","dateModified":"2025-07-07T14:57:32+00:00","breadcrumb":{"@id":"https:\/\/waka-waka.com\/de\/return-policy\/#breadcrumb"},"inLanguage":"de","potentialAction":[{"@type":"ReadAction","target":["https:\/\/waka-waka.com\/de\/return-policy\/"]}]},{"@type":"BreadcrumbList","@id":"https:\/\/waka-waka.com\/de\/return-policy\/#breadcrumb","itemListElement":[{"@type":"ListItem","position":1,"name":"Home","item":"https:\/\/waka-waka.com\/de\/"},{"@type":"ListItem","position":2,"name":"R\u00fcckgaberecht"}]},{"@type":"WebSite","@id":"https:\/\/waka-waka.com\/de\/#website","url":"https:\/\/waka-waka.com\/de\/","name":"WakaWaka\u00ae - Share the Sun","description":"Solarkraft nutzen.","publisher":{"@id":"https:\/\/waka-waka.com\/de\/#organization"},"potentialAction":[{"@type":"SearchAction","target":{"@type":"EntryPoint","urlTemplate":"https:\/\/waka-waka.com\/de\/search\/{search_term_string}"},"query-input":{"@type":"PropertyValueSpecification","valueRequired":true,"valueName":"search_term_string"}}],"inLanguage":"de"},{"@type":"Organization","@id":"https:\/\/waka-waka.com\/de\/#organization","name":"WakaWaka","url":"https:\/\/waka-waka.com\/de\/","logo":{"@type":"ImageObject","inLanguage":"de","@id":"https:\/\/waka-waka.com\/de\/#\/schema\/logo\/image\/","url":"https:\/\/waka-waka.com\/wp-content\/uploads\/2019\/10\/seo-logo.png","contentUrl":"https:\/\/waka-waka.com\/wp-content\/uploads\/2019\/10\/seo-logo.png","width":484,"height":186,"caption":"WakaWaka"},"image":{"@id":"https:\/\/waka-waka.com\/de\/#\/schema\/logo\/image\/"}}]}},"_links":{"self":[{"href":"https:\/\/waka-waka.com\/de\/wp-json\/wp\/v2\/pages\/30583","targetHints":{"allow":["GET"]}}],"collection":[{"href":"https:\/\/waka-waka.com\/de\/wp-json\/wp\/v2\/pages"}],"about":[{"href":"https:\/\/waka-waka.com\/de\/wp-json\/wp\/v2\/types\/page"}],"author":[{"embeddable":true,"href":"https:\/\/waka-waka.com\/de\/wp-json\/wp\/v2\/users\/1"}],"replies":[{"embeddable":true,"href":"https:\/\/waka-waka.com\/de\/wp-json\/wp\/v2\/comments?post=30583"}],"version-history":[{"count":1,"href":"https:\/\/waka-waka.com\/de\/wp-json\/wp\/v2\/pages\/30583\/revisions"}],"predecessor-version":[{"id":45324,"href":"https:\/\/waka-waka.com\/de\/wp-json\/wp\/v2\/pages\/30583\/revisions\/45324"}],"wp:attachment":[{"href":"https:\/\/waka-waka.com\/de\/wp-json\/wp\/v2\/media?parent=30583"}],"curies":[{"name":"wp","href":"https:\/\/api.w.org\/{rel}","templated":true}]}}