{"id":30541,"date":"2019-08-13T08:48:08","date_gmt":"2019-08-13T08:48:08","guid":{"rendered":"https:\/\/waka-waka.com\/our-story\/"},"modified":"2025-07-07T15:00:47","modified_gmt":"2025-07-07T15:00:47","slug":"unsere-geschichte","status":"publish","type":"page","link":"https:\/\/waka-waka.com\/de\/unsere-geschichte\/","title":{"rendered":"Unsere Geschichte"},"content":{"rendered":"<p>Unsere Geschichte begann 2010 mit der Fu\u00dfballweltmeisterschaft in diesem Jahr. Sie fand in S\u00fcdafrika statt &#8211; du erinnerst dich an die Vuvuzelas, oder? &#8211; und unser zuk\u00fcnftiger Gr\u00fcnder Maurits Groen beschloss, die WM mit LED-Lichtern &#8222;gr\u00fcn&#8220; zu machen. Aber als er dort ankam, fand er Millionen von Menschen vor, die nicht einmal an das Stromnetz angeschlossen waren. Die Saat war aufgegangen&#8230; es musste sich etwas \u00e4ndern.    <\/p>\n","protected":false},"excerpt":{"rendered":"<p>Unsere Geschichte begann 2010 mit der Fu\u00dfballweltmeisterschaft in diesem Jahr. Sie fand in S\u00fcdafrika statt &#8211; du erinnerst dich an &#8230;<\/p>\n","protected":false},"author":1,"featured_media":38200,"parent":0,"menu_order":0,"comment_status":"closed","ping_status":"closed","template":"templates\/our-story.php","meta":{"_acf_changed":false,"footnotes":""},"class_list":["post-30541","page","type-page","status-publish","has-post-thumbnail","hentry"],"acf":[],"yoast_head":"<!-- This site is optimized with the Yoast SEO plugin v27.5 - https:\/\/yoast.com\/product\/yoast-seo-wordpress\/ -->\n<title>Unsere Geschichte | WakaWaka\u00ae - Share the Sun - Go Solar<\/title>\n<meta name=\"robots\" content=\"index, follow, max-snippet:-1, max-image-preview:large, max-video-preview:-1\" \/>\n<link rel=\"canonical\" href=\"https:\/\/waka-waka.com\/de\/unsere-geschichte\/\" \/>\n<meta property=\"og:locale\" content=\"de_DE\" \/>\n<meta property=\"og:type\" content=\"article\" \/>\n<meta property=\"og:title\" content=\"Unsere Geschichte | WakaWaka\u00ae - Share the Sun - Go Solar\" \/>\n<meta property=\"og:description\" content=\"Unsere Geschichte begann 2010 mit der Fu\u00dfballweltmeisterschaft in diesem Jahr. Sie fand in S\u00fcdafrika statt &#8211; du erinnerst dich an ...\" \/>\n<meta property=\"og:url\" content=\"https:\/\/waka-waka.com\/de\/unsere-geschichte\/\" \/>\n<meta property=\"og:site_name\" content=\"WakaWaka\u00ae - Share the Sun\" \/>\n<meta property=\"article:modified_time\" content=\"2025-07-07T15:00:47+00:00\" \/>\n<meta property=\"og:image\" content=\"https:\/\/waka-waka.com\/wp-content\/uploads\/2018\/11\/maurits.png\" \/>\n\t<meta property=\"og:image:width\" content=\"987\" \/>\n\t<meta property=\"og:image:height\" content=\"657\" \/>\n\t<meta property=\"og:image:type\" content=\"image\/png\" \/>\n<meta name=\"twitter:card\" content=\"summary_large_image\" \/>\n<script type=\"application\/ld+json\" class=\"yoast-schema-graph\">{\"@context\":\"https:\\\/\\\/schema.org\",\"@graph\":[{\"@type\":\"WebPage\",\"@id\":\"https:\\\/\\\/waka-waka.com\\\/de\\\/unsere-geschichte\\\/\",\"url\":\"https:\\\/\\\/waka-waka.com\\\/de\\\/unsere-geschichte\\\/\",\"name\":\"Unsere Geschichte | WakaWaka\u00ae - Share the Sun - Go Solar\",\"isPartOf\":{\"@id\":\"https:\\\/\\\/waka-waka.com\\\/de\\\/#website\"},\"primaryImageOfPage\":{\"@id\":\"https:\\\/\\\/waka-waka.com\\\/de\\\/unsere-geschichte\\\/#primaryimage\"},\"image\":{\"@id\":\"https:\\\/\\\/waka-waka.com\\\/de\\\/unsere-geschichte\\\/#primaryimage\"},\"thumbnailUrl\":\"https:\\\/\\\/waka-waka.com\\\/wp-content\\\/uploads\\\/2018\\\/11\\\/maurits.png\",\"datePublished\":\"2019-08-13T08:48:08+00:00\",\"dateModified\":\"2025-07-07T15:00:47+00:00\",\"breadcrumb\":{\"@id\":\"https:\\\/\\\/waka-waka.com\\\/de\\\/unsere-geschichte\\\/#breadcrumb\"},\"inLanguage\":\"de\",\"potentialAction\":[{\"@type\":\"ReadAction\",\"target\":[\"https:\\\/\\\/waka-waka.com\\\/de\\\/unsere-geschichte\\\/\"]}]},{\"@type\":\"ImageObject\",\"inLanguage\":\"de\",\"@id\":\"https:\\\/\\\/waka-waka.com\\\/de\\\/unsere-geschichte\\\/#primaryimage\",\"url\":\"https:\\\/\\\/waka-waka.com\\\/wp-content\\\/uploads\\\/2018\\\/11\\\/maurits.png\",\"contentUrl\":\"https:\\\/\\\/waka-waka.com\\\/wp-content\\\/uploads\\\/2018\\\/11\\\/maurits.png\",\"width\":987,\"height\":657},{\"@type\":\"BreadcrumbList\",\"@id\":\"https:\\\/\\\/waka-waka.com\\\/de\\\/unsere-geschichte\\\/#breadcrumb\",\"itemListElement\":[{\"@type\":\"ListItem\",\"position\":1,\"name\":\"Home\",\"item\":\"https:\\\/\\\/waka-waka.com\\\/de\\\/\"},{\"@type\":\"ListItem\",\"position\":2,\"name\":\"Unsere Geschichte\"}]},{\"@type\":\"WebSite\",\"@id\":\"https:\\\/\\\/waka-waka.com\\\/de\\\/#website\",\"url\":\"https:\\\/\\\/waka-waka.com\\\/de\\\/\",\"name\":\"WakaWaka\u00ae - Share the Sun\",\"description\":\"Solarkraft nutzen.\",\"publisher\":{\"@id\":\"https:\\\/\\\/waka-waka.com\\\/de\\\/#organization\"},\"potentialAction\":[{\"@type\":\"SearchAction\",\"target\":{\"@type\":\"EntryPoint\",\"urlTemplate\":\"https:\\\/\\\/waka-waka.com\\\/de\\\/search\\\/{search_term_string}\"},\"query-input\":{\"@type\":\"PropertyValueSpecification\",\"valueRequired\":true,\"valueName\":\"search_term_string\"}}],\"inLanguage\":\"de\"},{\"@type\":\"Organization\",\"@id\":\"https:\\\/\\\/waka-waka.com\\\/de\\\/#organization\",\"name\":\"WakaWaka\",\"url\":\"https:\\\/\\\/waka-waka.com\\\/de\\\/\",\"logo\":{\"@type\":\"ImageObject\",\"inLanguage\":\"de\",\"@id\":\"https:\\\/\\\/waka-waka.com\\\/de\\\/#\\\/schema\\\/logo\\\/image\\\/\",\"url\":\"https:\\\/\\\/waka-waka.com\\\/wp-content\\\/uploads\\\/2019\\\/10\\\/seo-logo.png\",\"contentUrl\":\"https:\\\/\\\/waka-waka.com\\\/wp-content\\\/uploads\\\/2019\\\/10\\\/seo-logo.png\",\"width\":484,\"height\":186,\"caption\":\"WakaWaka\"},\"image\":{\"@id\":\"https:\\\/\\\/waka-waka.com\\\/de\\\/#\\\/schema\\\/logo\\\/image\\\/\"}}]}<\/script>\n<!-- \/ Yoast SEO plugin. -->","yoast_head_json":{"title":"Unsere Geschichte | WakaWaka\u00ae - Share the Sun - Go Solar","robots":{"index":"index","follow":"follow","max-snippet":"max-snippet:-1","max-image-preview":"max-image-preview:large","max-video-preview":"max-video-preview:-1"},"canonical":"https:\/\/waka-waka.com\/de\/unsere-geschichte\/","og_locale":"de_DE","og_type":"article","og_title":"Unsere Geschichte | WakaWaka\u00ae - Share the Sun - Go Solar","og_description":"Unsere Geschichte begann 2010 mit der Fu\u00dfballweltmeisterschaft in diesem Jahr. Sie fand in S\u00fcdafrika statt &#8211; du erinnerst dich an ...","og_url":"https:\/\/waka-waka.com\/de\/unsere-geschichte\/","og_site_name":"WakaWaka\u00ae - Share the Sun","article_modified_time":"2025-07-07T15:00:47+00:00","og_image":[{"width":987,"height":657,"url":"https:\/\/waka-waka.com\/wp-content\/uploads\/2018\/11\/maurits.png","type":"image\/png"}],"twitter_card":"summary_large_image","schema":{"@context":"https:\/\/schema.org","@graph":[{"@type":"WebPage","@id":"https:\/\/waka-waka.com\/de\/unsere-geschichte\/","url":"https:\/\/waka-waka.com\/de\/unsere-geschichte\/","name":"Unsere Geschichte | WakaWaka\u00ae - Share the Sun - Go Solar","isPartOf":{"@id":"https:\/\/waka-waka.com\/de\/#website"},"primaryImageOfPage":{"@id":"https:\/\/waka-waka.com\/de\/unsere-geschichte\/#primaryimage"},"image":{"@id":"https:\/\/waka-waka.com\/de\/unsere-geschichte\/#primaryimage"},"thumbnailUrl":"https:\/\/waka-waka.com\/wp-content\/uploads\/2018\/11\/maurits.png","datePublished":"2019-08-13T08:48:08+00:00","dateModified":"2025-07-07T15:00:47+00:00","breadcrumb":{"@id":"https:\/\/waka-waka.com\/de\/unsere-geschichte\/#breadcrumb"},"inLanguage":"de","potentialAction":[{"@type":"ReadAction","target":["https:\/\/waka-waka.com\/de\/unsere-geschichte\/"]}]},{"@type":"ImageObject","inLanguage":"de","@id":"https:\/\/waka-waka.com\/de\/unsere-geschichte\/#primaryimage","url":"https:\/\/waka-waka.com\/wp-content\/uploads\/2018\/11\/maurits.png","contentUrl":"https:\/\/waka-waka.com\/wp-content\/uploads\/2018\/11\/maurits.png","width":987,"height":657},{"@type":"BreadcrumbList","@id":"https:\/\/waka-waka.com\/de\/unsere-geschichte\/#breadcrumb","itemListElement":[{"@type":"ListItem","position":1,"name":"Home","item":"https:\/\/waka-waka.com\/de\/"},{"@type":"ListItem","position":2,"name":"Unsere Geschichte"}]},{"@type":"WebSite","@id":"https:\/\/waka-waka.com\/de\/#website","url":"https:\/\/waka-waka.com\/de\/","name":"WakaWaka\u00ae - Share the Sun","description":"Solarkraft nutzen.","publisher":{"@id":"https:\/\/waka-waka.com\/de\/#organization"},"potentialAction":[{"@type":"SearchAction","target":{"@type":"EntryPoint","urlTemplate":"https:\/\/waka-waka.com\/de\/search\/{search_term_string}"},"query-input":{"@type":"PropertyValueSpecification","valueRequired":true,"valueName":"search_term_string"}}],"inLanguage":"de"},{"@type":"Organization","@id":"https:\/\/waka-waka.com\/de\/#organization","name":"WakaWaka","url":"https:\/\/waka-waka.com\/de\/","logo":{"@type":"ImageObject","inLanguage":"de","@id":"https:\/\/waka-waka.com\/de\/#\/schema\/logo\/image\/","url":"https:\/\/waka-waka.com\/wp-content\/uploads\/2019\/10\/seo-logo.png","contentUrl":"https:\/\/waka-waka.com\/wp-content\/uploads\/2019\/10\/seo-logo.png","width":484,"height":186,"caption":"WakaWaka"},"image":{"@id":"https:\/\/waka-waka.com\/de\/#\/schema\/logo\/image\/"}}]}},"_links":{"self":[{"href":"https:\/\/waka-waka.com\/de\/wp-json\/wp\/v2\/pages\/30541","targetHints":{"allow":["GET"]}}],"collection":[{"href":"https:\/\/waka-waka.com\/de\/wp-json\/wp\/v2\/pages"}],"about":[{"href":"https:\/\/waka-waka.com\/de\/wp-json\/wp\/v2\/types\/page"}],"author":[{"embeddable":true,"href":"https:\/\/waka-waka.com\/de\/wp-json\/wp\/v2\/users\/1"}],"replies":[{"embeddable":true,"href":"https:\/\/waka-waka.com\/de\/wp-json\/wp\/v2\/comments?post=30541"}],"version-history":[{"count":1,"href":"https:\/\/waka-waka.com\/de\/wp-json\/wp\/v2\/pages\/30541\/revisions"}],"predecessor-version":[{"id":45326,"href":"https:\/\/waka-waka.com\/de\/wp-json\/wp\/v2\/pages\/30541\/revisions\/45326"}],"wp:featuredmedia":[{"embeddable":true,"href":"https:\/\/waka-waka.com\/de\/wp-json\/wp\/v2\/media\/38200"}],"wp:attachment":[{"href":"https:\/\/waka-waka.com\/de\/wp-json\/wp\/v2\/media?parent=30541"}],"curies":[{"name":"wp","href":"https:\/\/api.w.org\/{rel}","templated":true}]}}