{"id":30522,"date":"2019-08-13T08:45:34","date_gmt":"2019-08-13T08:45:34","guid":{"rendered":"https:\/\/waka-waka.com\/our-mission\/"},"modified":"2025-07-07T15:04:25","modified_gmt":"2025-07-07T15:04:25","slug":"unsere-mission","status":"publish","type":"page","link":"https:\/\/waka-waka.com\/de\/unsere-mission\/","title":{"rendered":"WakaWakas Ziel ist es:"},"content":{"rendered":"<p><strong>Ist es nicht an der Zeit, dass alle Menschen die gleichen Grundrechte haben?<\/strong><\/p>\n<p>Wir betrachten den Zugang zu nachhaltiger Energie als ein grundlegendes Menschenrecht. Nicht als Luxus. Kein Nice-to-have. Nicht als etwas f\u00fcr die Zukunft, sondern als etwas f\u00fcr jetzt. Es ist eine unabdingbare Voraussetzung f\u00fcr Entwicklung. Denn Zugang zu elektrischem Licht und Strom bedeutet Zugang zu Bildung, zu Kommunikation, zu Einkommensm\u00f6glichkeiten, zu Selbstvertrauen und zu einer besseren Zukunft.     <\/p>\n<p>Die Sonne ist die gr\u00f6\u00dfte nat\u00fcrliche Energiequelle der Welt. Sie ist reichlich vorhanden, sie ist nachhaltig und sie ist \u00fcberall verf\u00fcgbar. Sie ist die L\u00f6sung f\u00fcr alle, die Strom brauchen, aber keinen Zugang zu Elektrizit\u00e4t haben. Also lasst sie uns nutzen.   <\/p>\n<p>Dank der K\u00e4ufe der Verbraucher und der Spenden unserer Partner hilft WakaWaka jedem, die Sonne zu nutzen. Von Outdoor-Abenteurern und Festivalbesuchern bis hin zu Erdbeben\u00fcberlebenden und abgelegenen Schulen auf dem Land &#8211; sie alle k\u00f6nnen Solarprodukte und Solarstrom mit der gleichen WakaWaka-Qualit\u00e4t genie\u00dfen. <\/p>\n<p><a class=\"button\" href=\"https:\/\/waka-waka.com\/de\/projekte\/\">Unser Einfluss<\/a><\/p>\n","protected":false},"excerpt":{"rendered":"<p>Ist es nicht an der Zeit, dass alle Menschen die gleichen Grundrechte haben? Wir betrachten den Zugang zu nachhaltiger Energie &#8230;<\/p>\n","protected":false},"author":1,"featured_media":32558,"parent":0,"menu_order":0,"comment_status":"closed","ping_status":"closed","template":"templates\/sectionsbuilder.php","meta":{"_acf_changed":false,"footnotes":""},"class_list":["post-30522","page","type-page","status-publish","has-post-thumbnail","hentry"],"acf":[],"yoast_head":"<!-- This site is optimized with the Yoast SEO plugin v27.3 - https:\/\/yoast.com\/product\/yoast-seo-wordpress\/ -->\n<title>WakaWakas Ziel ist es: | WakaWaka\u00ae - Share the Sun - Go Solar<\/title>\n<meta name=\"robots\" content=\"index, follow, max-snippet:-1, max-image-preview:large, max-video-preview:-1\" \/>\n<link rel=\"canonical\" href=\"https:\/\/waka-waka.com\/de\/unsere-mission\/\" \/>\n<meta property=\"og:locale\" content=\"de_DE\" \/>\n<meta property=\"og:type\" content=\"article\" \/>\n<meta property=\"og:title\" content=\"WakaWakas Ziel ist es: | WakaWaka\u00ae - Share the Sun - Go Solar\" \/>\n<meta property=\"og:description\" content=\"Ist es nicht an der Zeit, dass alle Menschen die gleichen Grundrechte haben? Wir betrachten den Zugang zu nachhaltiger Energie ...\" \/>\n<meta property=\"og:url\" content=\"https:\/\/waka-waka.com\/de\/unsere-mission\/\" \/>\n<meta property=\"og:site_name\" content=\"WakaWaka\u00ae - Share the Sun\" \/>\n<meta property=\"article:modified_time\" content=\"2025-07-07T15:04:25+00:00\" \/>\n<meta property=\"og:image\" content=\"https:\/\/waka-waka.com\/wp-content\/uploads\/2019\/08\/our-mission-our-impact.jpg\" \/>\n\t<meta property=\"og:image:width\" content=\"1600\" \/>\n\t<meta property=\"og:image:height\" content=\"850\" \/>\n\t<meta property=\"og:image:type\" content=\"image\/jpeg\" \/>\n<meta name=\"twitter:card\" content=\"summary_large_image\" \/>\n<meta name=\"twitter:label1\" content=\"Gesch\u00e4tzte Lesezeit\" \/>\n\t<meta name=\"twitter:data1\" content=\"1\u00a0Minute\" \/>\n<script type=\"application\/ld+json\" class=\"yoast-schema-graph\">{\"@context\":\"https:\\\/\\\/schema.org\",\"@graph\":[{\"@type\":\"WebPage\",\"@id\":\"https:\\\/\\\/waka-waka.com\\\/de\\\/unsere-mission\\\/\",\"url\":\"https:\\\/\\\/waka-waka.com\\\/de\\\/unsere-mission\\\/\",\"name\":\"WakaWakas Ziel ist es: | WakaWaka\u00ae - Share the Sun - Go Solar\",\"isPartOf\":{\"@id\":\"https:\\\/\\\/waka-waka.com\\\/de\\\/#website\"},\"primaryImageOfPage\":{\"@id\":\"https:\\\/\\\/waka-waka.com\\\/de\\\/unsere-mission\\\/#primaryimage\"},\"image\":{\"@id\":\"https:\\\/\\\/waka-waka.com\\\/de\\\/unsere-mission\\\/#primaryimage\"},\"thumbnailUrl\":\"https:\\\/\\\/waka-waka.com\\\/wp-content\\\/uploads\\\/2019\\\/08\\\/our-mission-our-impact.jpg\",\"datePublished\":\"2019-08-13T08:45:34+00:00\",\"dateModified\":\"2025-07-07T15:04:25+00:00\",\"breadcrumb\":{\"@id\":\"https:\\\/\\\/waka-waka.com\\\/de\\\/unsere-mission\\\/#breadcrumb\"},\"inLanguage\":\"de\",\"potentialAction\":[{\"@type\":\"ReadAction\",\"target\":[\"https:\\\/\\\/waka-waka.com\\\/de\\\/unsere-mission\\\/\"]}]},{\"@type\":\"ImageObject\",\"inLanguage\":\"de\",\"@id\":\"https:\\\/\\\/waka-waka.com\\\/de\\\/unsere-mission\\\/#primaryimage\",\"url\":\"https:\\\/\\\/waka-waka.com\\\/wp-content\\\/uploads\\\/2019\\\/08\\\/our-mission-our-impact.jpg\",\"contentUrl\":\"https:\\\/\\\/waka-waka.com\\\/wp-content\\\/uploads\\\/2019\\\/08\\\/our-mission-our-impact.jpg\",\"width\":1600,\"height\":850},{\"@type\":\"BreadcrumbList\",\"@id\":\"https:\\\/\\\/waka-waka.com\\\/de\\\/unsere-mission\\\/#breadcrumb\",\"itemListElement\":[{\"@type\":\"ListItem\",\"position\":1,\"name\":\"Home\",\"item\":\"https:\\\/\\\/waka-waka.com\\\/de\\\/\"},{\"@type\":\"ListItem\",\"position\":2,\"name\":\"WakaWakas Ziel ist es:\"}]},{\"@type\":\"WebSite\",\"@id\":\"https:\\\/\\\/waka-waka.com\\\/de\\\/#website\",\"url\":\"https:\\\/\\\/waka-waka.com\\\/de\\\/\",\"name\":\"WakaWaka\u00ae - Share the Sun\",\"description\":\"Solarkraft nutzen.\",\"publisher\":{\"@id\":\"https:\\\/\\\/waka-waka.com\\\/de\\\/#organization\"},\"potentialAction\":[{\"@type\":\"SearchAction\",\"target\":{\"@type\":\"EntryPoint\",\"urlTemplate\":\"https:\\\/\\\/waka-waka.com\\\/de\\\/search\\\/{search_term_string}\"},\"query-input\":{\"@type\":\"PropertyValueSpecification\",\"valueRequired\":true,\"valueName\":\"search_term_string\"}}],\"inLanguage\":\"de\"},{\"@type\":\"Organization\",\"@id\":\"https:\\\/\\\/waka-waka.com\\\/de\\\/#organization\",\"name\":\"WakaWaka\",\"url\":\"https:\\\/\\\/waka-waka.com\\\/de\\\/\",\"logo\":{\"@type\":\"ImageObject\",\"inLanguage\":\"de\",\"@id\":\"https:\\\/\\\/waka-waka.com\\\/de\\\/#\\\/schema\\\/logo\\\/image\\\/\",\"url\":\"https:\\\/\\\/waka-waka.com\\\/wp-content\\\/uploads\\\/2019\\\/10\\\/seo-logo.png\",\"contentUrl\":\"https:\\\/\\\/waka-waka.com\\\/wp-content\\\/uploads\\\/2019\\\/10\\\/seo-logo.png\",\"width\":484,\"height\":186,\"caption\":\"WakaWaka\"},\"image\":{\"@id\":\"https:\\\/\\\/waka-waka.com\\\/de\\\/#\\\/schema\\\/logo\\\/image\\\/\"}}]}<\/script>\n<!-- \/ Yoast SEO plugin. -->","yoast_head_json":{"title":"WakaWakas Ziel ist es: | WakaWaka\u00ae - Share the Sun - Go Solar","robots":{"index":"index","follow":"follow","max-snippet":"max-snippet:-1","max-image-preview":"max-image-preview:large","max-video-preview":"max-video-preview:-1"},"canonical":"https:\/\/waka-waka.com\/de\/unsere-mission\/","og_locale":"de_DE","og_type":"article","og_title":"WakaWakas Ziel ist es: | WakaWaka\u00ae - Share the Sun - Go Solar","og_description":"Ist es nicht an der Zeit, dass alle Menschen die gleichen Grundrechte haben? Wir betrachten den Zugang zu nachhaltiger Energie ...","og_url":"https:\/\/waka-waka.com\/de\/unsere-mission\/","og_site_name":"WakaWaka\u00ae - Share the Sun","article_modified_time":"2025-07-07T15:04:25+00:00","og_image":[{"width":1600,"height":850,"url":"https:\/\/waka-waka.com\/wp-content\/uploads\/2019\/08\/our-mission-our-impact.jpg","type":"image\/jpeg"}],"twitter_card":"summary_large_image","twitter_misc":{"Gesch\u00e4tzte Lesezeit":"1\u00a0Minute"},"schema":{"@context":"https:\/\/schema.org","@graph":[{"@type":"WebPage","@id":"https:\/\/waka-waka.com\/de\/unsere-mission\/","url":"https:\/\/waka-waka.com\/de\/unsere-mission\/","name":"WakaWakas Ziel ist es: | WakaWaka\u00ae - Share the Sun - Go Solar","isPartOf":{"@id":"https:\/\/waka-waka.com\/de\/#website"},"primaryImageOfPage":{"@id":"https:\/\/waka-waka.com\/de\/unsere-mission\/#primaryimage"},"image":{"@id":"https:\/\/waka-waka.com\/de\/unsere-mission\/#primaryimage"},"thumbnailUrl":"https:\/\/waka-waka.com\/wp-content\/uploads\/2019\/08\/our-mission-our-impact.jpg","datePublished":"2019-08-13T08:45:34+00:00","dateModified":"2025-07-07T15:04:25+00:00","breadcrumb":{"@id":"https:\/\/waka-waka.com\/de\/unsere-mission\/#breadcrumb"},"inLanguage":"de","potentialAction":[{"@type":"ReadAction","target":["https:\/\/waka-waka.com\/de\/unsere-mission\/"]}]},{"@type":"ImageObject","inLanguage":"de","@id":"https:\/\/waka-waka.com\/de\/unsere-mission\/#primaryimage","url":"https:\/\/waka-waka.com\/wp-content\/uploads\/2019\/08\/our-mission-our-impact.jpg","contentUrl":"https:\/\/waka-waka.com\/wp-content\/uploads\/2019\/08\/our-mission-our-impact.jpg","width":1600,"height":850},{"@type":"BreadcrumbList","@id":"https:\/\/waka-waka.com\/de\/unsere-mission\/#breadcrumb","itemListElement":[{"@type":"ListItem","position":1,"name":"Home","item":"https:\/\/waka-waka.com\/de\/"},{"@type":"ListItem","position":2,"name":"WakaWakas Ziel ist es:"}]},{"@type":"WebSite","@id":"https:\/\/waka-waka.com\/de\/#website","url":"https:\/\/waka-waka.com\/de\/","name":"WakaWaka\u00ae - Share the Sun","description":"Solarkraft nutzen.","publisher":{"@id":"https:\/\/waka-waka.com\/de\/#organization"},"potentialAction":[{"@type":"SearchAction","target":{"@type":"EntryPoint","urlTemplate":"https:\/\/waka-waka.com\/de\/search\/{search_term_string}"},"query-input":{"@type":"PropertyValueSpecification","valueRequired":true,"valueName":"search_term_string"}}],"inLanguage":"de"},{"@type":"Organization","@id":"https:\/\/waka-waka.com\/de\/#organization","name":"WakaWaka","url":"https:\/\/waka-waka.com\/de\/","logo":{"@type":"ImageObject","inLanguage":"de","@id":"https:\/\/waka-waka.com\/de\/#\/schema\/logo\/image\/","url":"https:\/\/waka-waka.com\/wp-content\/uploads\/2019\/10\/seo-logo.png","contentUrl":"https:\/\/waka-waka.com\/wp-content\/uploads\/2019\/10\/seo-logo.png","width":484,"height":186,"caption":"WakaWaka"},"image":{"@id":"https:\/\/waka-waka.com\/de\/#\/schema\/logo\/image\/"}}]}},"_links":{"self":[{"href":"https:\/\/waka-waka.com\/de\/wp-json\/wp\/v2\/pages\/30522","targetHints":{"allow":["GET"]}}],"collection":[{"href":"https:\/\/waka-waka.com\/de\/wp-json\/wp\/v2\/pages"}],"about":[{"href":"https:\/\/waka-waka.com\/de\/wp-json\/wp\/v2\/types\/page"}],"author":[{"embeddable":true,"href":"https:\/\/waka-waka.com\/de\/wp-json\/wp\/v2\/users\/1"}],"replies":[{"embeddable":true,"href":"https:\/\/waka-waka.com\/de\/wp-json\/wp\/v2\/comments?post=30522"}],"version-history":[{"count":1,"href":"https:\/\/waka-waka.com\/de\/wp-json\/wp\/v2\/pages\/30522\/revisions"}],"predecessor-version":[{"id":45333,"href":"https:\/\/waka-waka.com\/de\/wp-json\/wp\/v2\/pages\/30522\/revisions\/45333"}],"wp:featuredmedia":[{"embeddable":true,"href":"https:\/\/waka-waka.com\/de\/wp-json\/wp\/v2\/media\/32558"}],"wp:attachment":[{"href":"https:\/\/waka-waka.com\/de\/wp-json\/wp\/v2\/media?parent=30522"}],"curies":[{"name":"wp","href":"https:\/\/api.w.org\/{rel}","templated":true}]}}